{"id":9,"date":"2018-03-13T09:44:47","date_gmt":"2018-03-13T09:44:47","guid":{"rendered":"http:\/\/tiszacsege.hu\/temetkezes\/?page_id=9"},"modified":"2025-04-30T16:47:06","modified_gmt":"2025-04-30T16:47:06","slug":"elerhetoseg","status":"publish","type":"page","link":"http:\/\/tiszacsege.hu\/temetkezes\/elerhetoseg\/","title":{"rendered":"El\u00e9rhet\u0151s\u00e9g"},"content":{"rendered":"\n<p><strong>Tiszacsege Kommun\u00e1lis Szolg\u00e1ltat\u00f3 Szervezet<\/strong><\/p>\n\n\n\n<p>C\u00edm: 4066 Tiszacsege, F\u0151 utca 69-71.<\/p>\n\n\n\n<div style=\"height:20px\" aria-hidden=\"true\" class=\"wp-block-spacer\"><\/div>\n\n\n\n<p><strong><span style=\"text-decoration: underline;\">Telefon<\/span><\/strong><\/p>\n\n\n\n<p><strong>H\u00e9tk\u00f6znap (h\u00e9tf\u0151t\u0151l-p\u00e9ntekig) :<\/strong><\/p>\n\n\n\n<p><strong>8.00 &#8211; 16.00 \u00f3r\u00e1ig:&nbsp; 06 30 349-1863, 06 52 588-058<\/strong><\/p>\n\n\n\n<p><strong>16.00 &#8211; 8.00 \u00f3r\u00e1ig: <strong>06 30\u00a0891-4527<\/strong><\/strong><\/p>\n\n\n\n<div style=\"height:10px\" aria-hidden=\"true\" class=\"wp-block-spacer\"><\/div>\n\n\n\n<p><strong>H\u00e9tv\u00e9g\u00e9n (szombat, vas\u00e1rnap), \u00fcnnepnap, munkasz\u00fcneti nap:<\/strong><\/p>\n\n\n\n<p><strong>0-24.00 \u00f3r\u00e1ig: <strong>06 30\u00a0891-4527<\/strong><br><\/strong><\/p>\n","protected":false},"excerpt":{"rendered":"<p>Tiszacsege Kommun\u00e1lis Szolg\u00e1ltat\u00f3 Szervezet C\u00edm: 4066 Tiszacsege, F\u0151 utca 69-71. Telefon H\u00e9tk\u00f6znap (h\u00e9tf\u0151t\u0151l-p\u00e9ntekig) : 8.00 &#8211; 16.00 \u00f3r\u00e1ig:&nbsp; 06 30 349-1863, 06 52 588-058 16.00 &#8211; 8.00 \u00f3r\u00e1ig: 06 30\u00a0891-4527 H\u00e9tv\u00e9g\u00e9n (szombat, vas\u00e1rnap), \u00fcnnepnap, munkasz\u00fcneti nap: 0-24.00 \u00f3r\u00e1ig: 06 30\u00a0891-4527<\/p>\n","protected":false},"author":1,"featured_media":4,"parent":0,"menu_order":0,"comment_status":"closed","ping_status":"closed","template":"","meta":{"footnotes":""},"class_list":["post-9","page","type-page","status-publish","has-post-thumbnail","hentry"],"_links":{"self":[{"href":"http:\/\/tiszacsege.hu\/temetkezes\/wp-json\/wp\/v2\/pages\/9","targetHints":{"allow":["GET"]}}],"collection":[{"href":"http:\/\/tiszacsege.hu\/temetkezes\/wp-json\/wp\/v2\/pages"}],"about":[{"href":"http:\/\/tiszacsege.hu\/temetkezes\/wp-json\/wp\/v2\/types\/page"}],"author":[{"embeddable":true,"href":"http:\/\/tiszacsege.hu\/temetkezes\/wp-json\/wp\/v2\/users\/1"}],"replies":[{"embeddable":true,"href":"http:\/\/tiszacsege.hu\/temetkezes\/wp-json\/wp\/v2\/comments?post=9"}],"version-history":[{"count":8,"href":"http:\/\/tiszacsege.hu\/temetkezes\/wp-json\/wp\/v2\/pages\/9\/revisions"}],"predecessor-version":[{"id":180,"href":"http:\/\/tiszacsege.hu\/temetkezes\/wp-json\/wp\/v2\/pages\/9\/revisions\/180"}],"wp:featuredmedia":[{"embeddable":true,"href":"http:\/\/tiszacsege.hu\/temetkezes\/wp-json\/wp\/v2\/media\/4"}],"wp:attachment":[{"href":"http:\/\/tiszacsege.hu\/temetkezes\/wp-json\/wp\/v2\/media?parent=9"}],"curies":[{"name":"wp","href":"https:\/\/api.w.org\/{rel}","templated":true}]}}