{"id":98,"date":"2018-08-30T07:25:40","date_gmt":"2018-08-30T07:25:40","guid":{"rendered":"http:\/\/tiszacsege.hu\/temetkezes\/?page_id=98"},"modified":"2018-08-30T07:39:57","modified_gmt":"2018-08-30T07:39:57","slug":"hagyomanyos-temetes","status":"publish","type":"page","link":"http:\/\/tiszacsege.hu\/temetkezes\/hagyomanyos-temetes\/","title":{"rendered":"Hagyom\u00e1nyos temet\u00e9s"},"content":{"rendered":"\n<div class=\"wp-block-cover-image has-background-dim-10 has-background-dim\" style=\"background-image:url(http:\/\/tiszacsege.hu\/temetkezes\/wp-content\/uploads\/2018\/08\/DSC_0999.jpg)\"><\/div>\n\n\n\n<p>Az \u00d6n sz\u00e1m\u00e1ra teljes k\u00f6r\u0171 szolg\u00e1ltat\u00e1st ny\u00fajtunk<\/p>\n\n\n\n<p>Elv\u00e9gezz\u00fck az elhunyt holttest\u00e9nek k\u00f3rh\u00e1zb\u00f3l vagy lak\u00e1sb\u00f3l a temet\u0151be t\u00f6rt\u00e9n\u0151 sz\u00e1ll\u00edt\u00e1s\u00e1t.<\/p>\n\n\n\n<p>Mindezeket term\u00e9szetesen a hat\u00e1lyos jogszab\u00e1lyok szerint, a kegyeleti \u00e9s eg\u00e9szs\u00e9g\u00fcgyi szab\u00e1lyok gondos betart\u00e1sa mellett.<\/p>\n\n\n\n<p>A sz\u00e1ll\u00edt\u00e1ssal \u00e9s a temet\u00e9ssel kapcsolatos tennival\u00f3k mellett rendelkez\u00e9s\u00e9re \u00e1llunk a temet\u00e9ssel kapcsolatos minden egy\u00e9b feladat elv\u00e9gz\u00e9s\u00e9vel is.<\/p>\n\n\n\n<p>Nagy v\u00e1laszt\u00e9kban tudunk aj\u00e1nlani hat\u00e1lyos jogszab\u00e1lyoknak megfelel\u0151 kopors\u00f3kat \u00e9s egy\u00e9b temet\u00e9si, kegyeleti kell\u00e9keket.<\/p>\n","protected":false},"excerpt":{"rendered":"<p>Az \u00d6n sz\u00e1m\u00e1ra teljes k\u00f6r\u0171 szolg\u00e1ltat\u00e1st ny\u00fajtunk Elv\u00e9gezz\u00fck az elhunyt holttest\u00e9nek k\u00f3rh\u00e1zb\u00f3l vagy lak\u00e1sb\u00f3l a temet\u0151be t\u00f6rt\u00e9n\u0151 sz\u00e1ll\u00edt\u00e1s\u00e1t. Mindezeket term\u00e9szetesen a hat\u00e1lyos jogszab\u00e1lyok szerint, a kegyeleti \u00e9s eg\u00e9szs\u00e9g\u00fcgyi szab\u00e1lyok gondos betart\u00e1sa mellett. A sz\u00e1ll\u00edt\u00e1ssal \u00e9s a temet\u00e9ssel kapcsolatos tennival\u00f3k mellett rendelkez\u00e9s\u00e9re \u00e1llunk a temet\u00e9ssel kapcsolatos minden egy\u00e9b feladat elv\u00e9gz\u00e9s\u00e9vel is. Nagy v\u00e1laszt\u00e9kban tudunk aj\u00e1nlani hat\u00e1lyos<br \/><a class=\"moretag\" href=\"http:\/\/tiszacsege.hu\/temetkezes\/hagyomanyos-temetes\/\">+ Read More<\/a><\/p>\n","protected":false},"author":1,"featured_media":0,"parent":0,"menu_order":0,"comment_status":"closed","ping_status":"closed","template":"","meta":{"footnotes":""},"class_list":["post-98","page","type-page","status-publish","hentry"],"_links":{"self":[{"href":"http:\/\/tiszacsege.hu\/temetkezes\/wp-json\/wp\/v2\/pages\/98","targetHints":{"allow":["GET"]}}],"collection":[{"href":"http:\/\/tiszacsege.hu\/temetkezes\/wp-json\/wp\/v2\/pages"}],"about":[{"href":"http:\/\/tiszacsege.hu\/temetkezes\/wp-json\/wp\/v2\/types\/page"}],"author":[{"embeddable":true,"href":"http:\/\/tiszacsege.hu\/temetkezes\/wp-json\/wp\/v2\/users\/1"}],"replies":[{"embeddable":true,"href":"http:\/\/tiszacsege.hu\/temetkezes\/wp-json\/wp\/v2\/comments?post=98"}],"version-history":[{"count":3,"href":"http:\/\/tiszacsege.hu\/temetkezes\/wp-json\/wp\/v2\/pages\/98\/revisions"}],"predecessor-version":[{"id":103,"href":"http:\/\/tiszacsege.hu\/temetkezes\/wp-json\/wp\/v2\/pages\/98\/revisions\/103"}],"wp:attachment":[{"href":"http:\/\/tiszacsege.hu\/temetkezes\/wp-json\/wp\/v2\/media?parent=98"}],"curies":[{"name":"wp","href":"https:\/\/api.w.org\/{rel}","templated":true}]}}