{"id":117,"date":"2012-10-05T19:05:12","date_gmt":"2012-10-05T17:05:12","guid":{"rendered":"http:\/\/localhost\/tiszacsege.hu\/?page_id=117"},"modified":"2024-12-05T09:00:28","modified_gmt":"2024-12-05T08:00:28","slug":"foldrajzi-adottsagok","status":"publish","type":"page","link":"https:\/\/tiszacsege.hu\/?page_id=117","title":{"rendered":"F\u00f6ldrajzi adotts\u00e1gok"},"content":{"rendered":"\n<p class=\"has-medium-font-size wp-block-paragraph\">Tiszacsege belter\u00fclete \u00e9s k\u00fclter\u00fclet\u00e9nek nyugati r\u00e9sze t\u00e1jf\u00f6ldrajzilag a K\u00f6z\u00e9p-tiszai-\u00e1rt\u00e9rhez tartoz\u00f3 Borsodi-\u00e1rt\u00e9ren fekszik, a k\u00fclter\u00fclet keleti r\u00e9sze m\u00e1r a Hortob\u00e1gyhoz tartozik. Domborzat\u00e1t tekintve a ter\u00fclet \u00e1rt\u00e9ri szint\u0171 t\u00f6k\u00e9letes s\u00edks\u00e1g, egyhang\u00fa felsz\u00edn\u0171, csek\u00e9ly szintk\u00fcl\u00f6nbs\u00e9gek jellemzik. A domborzat egyhang\u00fas\u00e1g\u00e1t csak n\u00e9h\u00e1ny kunhalom (pl. Bonca-, Kecsk\u00e9s-, S\u00f3lyom-, M\u00e9lyf\u00f6ldes-, Kett\u0151s-halom) enyh\u00edti. A felsz\u00edn fel\u00e9p\u00edt\u00e9s\u00e9ben finomszem\u0171, fiatal, pleisztoc\u00e9n \u00e9s holoc\u00e9n iszapos, agyagos l\u00f6szr\u00e9tegek uralkodnak, melyek a foly\u00f3k iszapj\u00e1nak lerak\u00f3d\u00e1sa sor\u00e1n keletkeztek. A t\u00e1ji kett\u0151s\u00e9g a talajt\u00edpusok elterjed\u00e9s\u00e9ben is megnyilv\u00e1nul. Nyugaton a Tisza \u00f6nt\u00e9ster\u00fclet\u00e9n kialakult fiatal, nyers \u00f6nt\u00e9stalajok, r\u00e9ti \u00f6nt\u00e9stalajok \u00e9s r\u00e9ti talajok fordulnak el\u0151, term\u00e9kenys\u00e9g\u00fck k\u00f6zepes. T\u0151l\u00fck keletre, a l\u00f6sz\u00f6s \u00fcled\u00e9keken &#8211; a felsz\u00edn k\u00f6zeli szikes talajv\u00edz hat\u00e1s\u00e1ra kialakul\u00f3 r\u00e9ti szolonyecek, sztyeppesed\u0151 r\u00e9ti szolonyecek \u00e9s szolonyeces r\u00e9ti talajok jellemz\u0151ek. Gyenge term\u0151k\u00e9pess\u00e9g\u0171ek, f\u0151k\u00e9nt legel\u0151k\u00e9nt szolg\u00e1lnak, ut\u00f3bbi gyenge sz\u00e1nt\u00f3k\u00e9nt is hasznos\u00edthat\u00f3.<\/p>\n\n\n\n<div style=\"height:20px\" aria-hidden=\"true\" class=\"wp-block-spacer\"><\/div>\n\n\n\n<p class=\"has-medium-font-size wp-block-paragraph\">K\u00fclter\u00fclet\u00e9nek nyugati r\u00e9sz\u00e9n a Tisza, keleti r\u00e9sz\u00e9n a Tisz\u00e1b\u00f3l le\u00e1gaz\u00f3 Nyugati-f\u0151csatorna folyik, k\u00f6z\u00e9ps\u0151 r\u00e9sz\u00e9n pedig az \u00c1rkus-\u00e9r. Mellett\u00fck m\u00e9g sz\u00e1mos mesters\u00e9ges csatorna tal\u00e1lhat\u00f3. A Tisza holt\u00e1ga a Holt-Tisza \u00e9s a Morotva. A talajv\u00edz m\u00e9lys\u00e9ge 2-4 m\u00e9ter k\u00f6z\u00f6tti. A fels\u0151pannon r\u00e9tegb\u0151l sz\u00e1rmaz\u00f3 h\u00e9v\u00edz h\u0151m\u00e9rs\u00e9klete 72 \u00b0C. A telep\u00fcl\u00e9s \u00e9s k\u00fclter\u00fclete az Alf\u00f6ld fl\u00f3ravid\u00e9k\u00e9nek Tisz\u00e1nt\u00fali fl\u00f3raj\u00e1r\u00e1s\u00e1ba tartozik. Potenci\u00e1lis n\u00f6v\u00e9nyt\u00e1rsul\u00e1sai a Tisza ment\u00e9n, az alacsony \u00e1rt\u00e9ren mandulalevel\u0171 bokorf\u00fczesek \u00e9s puhafaligetek, a magas \u00e1rtereken t\u00f6lgy-k\u0151ris-szil \u00e9s ligeterd\u0151k. Keleten tat\u00e1rjuharos-l\u00f6szt\u00f6lgyesek \u00e9s sziki t\u00f6lgyesek voltak jellemz\u0151ek, sziki erd\u0151spuszta-r\u00e9tekkel \u00e9s sziki gyepekkel. Az eredeti n\u00f6v\u00e9nyt\u00e1rsul\u00e1sokb\u00f3l szerencs\u00e9re sok helyen maradt h\u00edrmond\u00f3 a v\u00e1ros ter\u00fclet\u00e9n. Ezek m\u00e1ra v\u00e9delem al\u00e1 ker\u00fcletek, fennmarad\u00e1suk \u00edgy biztos\u00edtottnak l\u00e1tszik. A v\u00e1roshoz tartozik az \u00c1rokt\u0151-Tiszacsegei hull\u00e1mt\u00e9r Term\u00e9szetv\u00e9delmi Ter\u00fclet kisebbik r\u00e9sze (a K\u00e1csa-sziget szeg\u00e9lye), amely term\u00e9szetes \u00e1rt\u00e9ri n\u00f6v\u00e9nyt\u00e1rsul\u00e1sai mellett eur\u00f3pai jelent\u0151s\u00e9g\u0171 mad\u00e1r\u00e9l\u0151hely volt\u00e1val is b\u00fcszk\u00e9lkedhet.<\/p>\n\n\n\n<div style=\"height:20px\" aria-hidden=\"true\" class=\"wp-block-spacer\"><\/div>\n\n\n\n<p class=\"has-medium-font-size wp-block-paragraph\">A holt\u00e1gakban fellelhet\u0151 m\u00e9g az igen ritka halfajunk, a l\u00e1pi p\u00f3c is. Tiszacsege ter\u00fclet\u00e9re \u00e1tny\u00falik az Ohati-erd\u0151 \u00e9szaki r\u00e9sze is, ez a sziki t\u00f6lgyesek egyik utols\u00f3 hazai maradv\u00e1nya. Kett\u0151s lombkoronaszint\u0171 erd\u0151, a fels\u0151 lombkoronaszintben a kocs\u00e1nyos t\u00f6lgy uralkodik, a sz\u00e9leken azonban csert\u00f6lgy is el\u0151fordul; az als\u00f3ban pedig &#8211; a tat\u00e1rjuhar \u00e9s a mezei juhar mellett &#8211; a mezei szil \u00e9s a vadk\u00f6rte tal\u00e1lhat\u00f3 meg.<\/p>\n\n\n\n<div style=\"height:20px\" aria-hidden=\"true\" class=\"wp-block-spacer\"><\/div>\n\n\n\n<p class=\"has-medium-font-size wp-block-paragraph\">A k\u00f6zigazgat\u00e1si ter\u00fclet keleti r\u00e9sze a Hortob\u00e1gyi Nemzeti Parkhoz tartozik. Itt sz\u00e1mos sziki n\u00f6v\u00e9nyt\u00e1rsul\u00e1s tal\u00e1lhat\u00f3, a szikes mocsarakt\u00f3l kezdve a szolonyec sziki r\u00e9tegekig \u00e9s szikes puszt\u00e1kig. Ide tartozik a Kis \u00e9s Nagy Kecsk\u00e9s-puszta \u00e9s a Cserepes-puszta. El\u0151bbi mocsarainak f\u00e9szkel\u0151 madarai a ny\u00e1ri l\u00fad, a kormos- \u00e9s a fatty\u00faszerk\u0151, \u0151sszel darvak keresik fel. A Cserepes-puszt\u00e1n a sziki n\u00f6v\u00e9nyt\u00e1rsul\u00e1sok mellett el\u0151fordulnak l\u00f6szpuszta-r\u00e9tek is, v\u00e9dett n\u00f6v\u00e9ny\u00fck a macskahere. A puszta \u00e9rt\u00e9kes madara a t\u00fazok \u00e9s a kerecsens\u00f3lyom.<\/p>\n\n\n\n<p class=\"wp-block-paragraph\"><\/p>\n","protected":false},"excerpt":{"rendered":"<p>Tiszacsege belter\u00fclete \u00e9s k\u00fclter\u00fclet\u00e9nek nyugati r\u00e9sze t\u00e1jf\u00f6ldrajzilag a K\u00f6z\u00e9p-tiszai-\u00e1rt\u00e9rhez tartoz\u00f3 Borsodi-\u00e1rt\u00e9ren fekszik, a k\u00fclter\u00fclet keleti r\u00e9sze m\u00e1r a Hortob\u00e1gyhoz tartozik. Domborzat\u00e1t tekintve a ter\u00fclet \u00e1rt\u00e9ri szint\u0171 t\u00f6k\u00e9letes s\u00edks\u00e1g, egyhang\u00fa felsz\u00edn\u0171, csek\u00e9ly szintk\u00fcl\u00f6nbs\u00e9gek jellemzik. A domborzat egyhang\u00fas\u00e1g\u00e1t csak n\u00e9h\u00e1ny kunhalom (pl. Bonca-, Kecsk\u00e9s-, S\u00f3lyom-, M\u00e9lyf\u00f6ldes-, Kett\u0151s-halom) enyh\u00edti. A felsz\u00edn fel\u00e9p\u00edt\u00e9s\u00e9ben finomszem\u0171, fiatal, pleisztoc\u00e9n \u00e9s holoc\u00e9n iszapos, [&hellip;]<\/p>\n","protected":false},"author":1,"featured_media":0,"parent":20,"menu_order":0,"comment_status":"closed","ping_status":"closed","template":"","meta":{"_editorskit_title_hidden":false,"_editorskit_reading_time":0,"_editorskit_is_block_options_detached":false,"_editorskit_block_options_position":"{}","_crdt_document":"","footnotes":""},"folder":[],"class_list":["post-117","page","type-page","status-publish","hentry"],"yoast_head":"<!-- This site is optimized with the Yoast SEO plugin v27.4 - https:\/\/yoast.com\/product\/yoast-seo-wordpress\/ -->\n<title>F\u00f6ldrajzi adotts\u00e1gok<\/title>\n<meta name=\"robots\" content=\"index, follow, max-snippet:-1, max-image-preview:large, max-video-preview:-1\" \/>\n<link rel=\"canonical\" href=\"https:\/\/tiszacsege.hu\/?page_id=117\" \/>\n<meta property=\"og:locale\" content=\"hu_HU\" \/>\n<meta property=\"og:type\" content=\"article\" \/>\n<meta property=\"og:title\" content=\"F\u00f6ldrajzi adotts\u00e1gok\" \/>\n<meta property=\"og:description\" content=\"Tiszacsege belter\u00fclete \u00e9s k\u00fclter\u00fclet\u00e9nek nyugati r\u00e9sze t\u00e1jf\u00f6ldrajzilag a K\u00f6z\u00e9p-tiszai-\u00e1rt\u00e9rhez tartoz\u00f3 Borsodi-\u00e1rt\u00e9ren fekszik, a k\u00fclter\u00fclet keleti r\u00e9sze m\u00e1r a Hortob\u00e1gyhoz tartozik. Domborzat\u00e1t tekintve a ter\u00fclet \u00e1rt\u00e9ri szint\u0171 t\u00f6k\u00e9letes s\u00edks\u00e1g, egyhang\u00fa felsz\u00edn\u0171, csek\u00e9ly szintk\u00fcl\u00f6nbs\u00e9gek jellemzik. A domborzat egyhang\u00fas\u00e1g\u00e1t csak n\u00e9h\u00e1ny kunhalom (pl. Bonca-, Kecsk\u00e9s-, S\u00f3lyom-, M\u00e9lyf\u00f6ldes-, Kett\u0151s-halom) enyh\u00edti. A felsz\u00edn fel\u00e9p\u00edt\u00e9s\u00e9ben finomszem\u0171, fiatal, pleisztoc\u00e9n \u00e9s holoc\u00e9n iszapos, [&hellip;]\" \/>\n<meta property=\"og:url\" content=\"https:\/\/tiszacsege.hu\/?page_id=117\" \/>\n<meta property=\"og:site_name\" content=\"Tiszacsege\" \/>\n<meta property=\"article:publisher\" content=\"https:\/\/www.facebook.com\/tiszacsegeonkormanyzata\" \/>\n<meta property=\"article:modified_time\" content=\"2024-12-05T08:00:28+00:00\" \/>\n<meta name=\"twitter:card\" content=\"summary_large_image\" \/>\n<script type=\"application\/ld+json\" class=\"yoast-schema-graph\">{\"@context\":\"https:\\\/\\\/schema.org\",\"@graph\":[{\"@type\":\"WebPage\",\"@id\":\"https:\\\/\\\/tiszacsege.hu\\\/?page_id=117\",\"url\":\"https:\\\/\\\/tiszacsege.hu\\\/?page_id=117\",\"name\":\"F\u00f6ldrajzi adotts\u00e1gok\",\"isPartOf\":{\"@id\":\"https:\\\/\\\/tiszacsege.hu\\\/#website\"},\"datePublished\":\"2012-10-05T17:05:12+00:00\",\"dateModified\":\"2024-12-05T08:00:28+00:00\",\"breadcrumb\":{\"@id\":\"https:\\\/\\\/tiszacsege.hu\\\/?page_id=117#breadcrumb\"},\"inLanguage\":\"hu\",\"potentialAction\":[{\"@type\":\"ReadAction\",\"target\":[\"https:\\\/\\\/tiszacsege.hu\\\/?page_id=117\"]}]},{\"@type\":\"BreadcrumbList\",\"@id\":\"https:\\\/\\\/tiszacsege.hu\\\/?page_id=117#breadcrumb\",\"itemListElement\":[{\"@type\":\"ListItem\",\"position\":1,\"name\":\"Kezd\u0151lap\",\"item\":\"https:\\\/\\\/tiszacsege.hu\\\/\"},{\"@type\":\"ListItem\",\"position\":2,\"name\":\"Tiszacsege\",\"item\":\"https:\\\/\\\/tiszacsege.hu\\\/?page_id=20\"},{\"@type\":\"ListItem\",\"position\":3,\"name\":\"F\u00f6ldrajzi adotts\u00e1gok\"}]},{\"@type\":\"WebSite\",\"@id\":\"https:\\\/\\\/tiszacsege.hu\\\/#website\",\"url\":\"https:\\\/\\\/tiszacsege.hu\\\/\",\"name\":\"Tiszacsege\",\"description\":\"Tiszacsege hivatalos honlapja\",\"publisher\":{\"@id\":\"https:\\\/\\\/tiszacsege.hu\\\/#organization\"},\"potentialAction\":[{\"@type\":\"SearchAction\",\"target\":{\"@type\":\"EntryPoint\",\"urlTemplate\":\"https:\\\/\\\/tiszacsege.hu\\\/?s={search_term_string}\"},\"query-input\":{\"@type\":\"PropertyValueSpecification\",\"valueRequired\":true,\"valueName\":\"search_term_string\"}}],\"inLanguage\":\"hu\"},{\"@type\":\"Organization\",\"@id\":\"https:\\\/\\\/tiszacsege.hu\\\/#organization\",\"name\":\"Tiszacsege\",\"url\":\"https:\\\/\\\/tiszacsege.hu\\\/\",\"logo\":{\"@type\":\"ImageObject\",\"inLanguage\":\"hu\",\"@id\":\"https:\\\/\\\/tiszacsege.hu\\\/#\\\/schema\\\/logo\\\/image\\\/\",\"url\":\"https:\\\/\\\/tiszacsege.hu\\\/wp-content\\\/uploads\\\/2020\\\/10\\\/tiszacsege_logo_rovid2-1.png\",\"contentUrl\":\"https:\\\/\\\/tiszacsege.hu\\\/wp-content\\\/uploads\\\/2020\\\/10\\\/tiszacsege_logo_rovid2-1.png\",\"width\":500,\"height\":150,\"caption\":\"Tiszacsege\"},\"image\":{\"@id\":\"https:\\\/\\\/tiszacsege.hu\\\/#\\\/schema\\\/logo\\\/image\\\/\"},\"sameAs\":[\"https:\\\/\\\/www.facebook.com\\\/tiszacsegeonkormanyzata\"]}]}<\/script>\n<!-- \/ Yoast SEO plugin. -->","yoast_head_json":{"title":"F\u00f6ldrajzi adotts\u00e1gok","robots":{"index":"index","follow":"follow","max-snippet":"max-snippet:-1","max-image-preview":"max-image-preview:large","max-video-preview":"max-video-preview:-1"},"canonical":"https:\/\/tiszacsege.hu\/?page_id=117","og_locale":"hu_HU","og_type":"article","og_title":"F\u00f6ldrajzi adotts\u00e1gok","og_description":"Tiszacsege belter\u00fclete \u00e9s k\u00fclter\u00fclet\u00e9nek nyugati r\u00e9sze t\u00e1jf\u00f6ldrajzilag a K\u00f6z\u00e9p-tiszai-\u00e1rt\u00e9rhez tartoz\u00f3 Borsodi-\u00e1rt\u00e9ren fekszik, a k\u00fclter\u00fclet keleti r\u00e9sze m\u00e1r a Hortob\u00e1gyhoz tartozik. Domborzat\u00e1t tekintve a ter\u00fclet \u00e1rt\u00e9ri szint\u0171 t\u00f6k\u00e9letes s\u00edks\u00e1g, egyhang\u00fa felsz\u00edn\u0171, csek\u00e9ly szintk\u00fcl\u00f6nbs\u00e9gek jellemzik. A domborzat egyhang\u00fas\u00e1g\u00e1t csak n\u00e9h\u00e1ny kunhalom (pl. Bonca-, Kecsk\u00e9s-, S\u00f3lyom-, M\u00e9lyf\u00f6ldes-, Kett\u0151s-halom) enyh\u00edti. A felsz\u00edn fel\u00e9p\u00edt\u00e9s\u00e9ben finomszem\u0171, fiatal, pleisztoc\u00e9n \u00e9s holoc\u00e9n iszapos, [&hellip;]","og_url":"https:\/\/tiszacsege.hu\/?page_id=117","og_site_name":"Tiszacsege","article_publisher":"https:\/\/www.facebook.com\/tiszacsegeonkormanyzata","article_modified_time":"2024-12-05T08:00:28+00:00","twitter_card":"summary_large_image","schema":{"@context":"https:\/\/schema.org","@graph":[{"@type":"WebPage","@id":"https:\/\/tiszacsege.hu\/?page_id=117","url":"https:\/\/tiszacsege.hu\/?page_id=117","name":"F\u00f6ldrajzi adotts\u00e1gok","isPartOf":{"@id":"https:\/\/tiszacsege.hu\/#website"},"datePublished":"2012-10-05T17:05:12+00:00","dateModified":"2024-12-05T08:00:28+00:00","breadcrumb":{"@id":"https:\/\/tiszacsege.hu\/?page_id=117#breadcrumb"},"inLanguage":"hu","potentialAction":[{"@type":"ReadAction","target":["https:\/\/tiszacsege.hu\/?page_id=117"]}]},{"@type":"BreadcrumbList","@id":"https:\/\/tiszacsege.hu\/?page_id=117#breadcrumb","itemListElement":[{"@type":"ListItem","position":1,"name":"Kezd\u0151lap","item":"https:\/\/tiszacsege.hu\/"},{"@type":"ListItem","position":2,"name":"Tiszacsege","item":"https:\/\/tiszacsege.hu\/?page_id=20"},{"@type":"ListItem","position":3,"name":"F\u00f6ldrajzi adotts\u00e1gok"}]},{"@type":"WebSite","@id":"https:\/\/tiszacsege.hu\/#website","url":"https:\/\/tiszacsege.hu\/","name":"Tiszacsege","description":"Tiszacsege hivatalos honlapja","publisher":{"@id":"https:\/\/tiszacsege.hu\/#organization"},"potentialAction":[{"@type":"SearchAction","target":{"@type":"EntryPoint","urlTemplate":"https:\/\/tiszacsege.hu\/?s={search_term_string}"},"query-input":{"@type":"PropertyValueSpecification","valueRequired":true,"valueName":"search_term_string"}}],"inLanguage":"hu"},{"@type":"Organization","@id":"https:\/\/tiszacsege.hu\/#organization","name":"Tiszacsege","url":"https:\/\/tiszacsege.hu\/","logo":{"@type":"ImageObject","inLanguage":"hu","@id":"https:\/\/tiszacsege.hu\/#\/schema\/logo\/image\/","url":"https:\/\/tiszacsege.hu\/wp-content\/uploads\/2020\/10\/tiszacsege_logo_rovid2-1.png","contentUrl":"https:\/\/tiszacsege.hu\/wp-content\/uploads\/2020\/10\/tiszacsege_logo_rovid2-1.png","width":500,"height":150,"caption":"Tiszacsege"},"image":{"@id":"https:\/\/tiszacsege.hu\/#\/schema\/logo\/image\/"},"sameAs":["https:\/\/www.facebook.com\/tiszacsegeonkormanyzata"]}]}},"_links":{"self":[{"href":"https:\/\/tiszacsege.hu\/index.php?rest_route=\/wp\/v2\/pages\/117","targetHints":{"allow":["GET"]}}],"collection":[{"href":"https:\/\/tiszacsege.hu\/index.php?rest_route=\/wp\/v2\/pages"}],"about":[{"href":"https:\/\/tiszacsege.hu\/index.php?rest_route=\/wp\/v2\/types\/page"}],"author":[{"embeddable":true,"href":"https:\/\/tiszacsege.hu\/index.php?rest_route=\/wp\/v2\/users\/1"}],"replies":[{"embeddable":true,"href":"https:\/\/tiszacsege.hu\/index.php?rest_route=%2Fwp%2Fv2%2Fcomments&post=117"}],"version-history":[{"count":9,"href":"https:\/\/tiszacsege.hu\/index.php?rest_route=\/wp\/v2\/pages\/117\/revisions"}],"predecessor-version":[{"id":26138,"href":"https:\/\/tiszacsege.hu\/index.php?rest_route=\/wp\/v2\/pages\/117\/revisions\/26138"}],"up":[{"embeddable":true,"href":"https:\/\/tiszacsege.hu\/index.php?rest_route=\/wp\/v2\/pages\/20"}],"wp:attachment":[{"href":"https:\/\/tiszacsege.hu\/index.php?rest_route=%2Fwp%2Fv2%2Fmedia&parent=117"}],"wp:term":[{"taxonomy":"folder","embeddable":true,"href":"https:\/\/tiszacsege.hu\/index.php?rest_route=%2Fwp%2Fv2%2Ffolder&post=117"}],"curies":[{"name":"wp","href":"https:\/\/api.w.org\/{rel}","templated":true}]}}