{"id":121,"date":"2012-10-05T19:15:09","date_gmt":"2012-10-05T17:15:09","guid":{"rendered":"http:\/\/localhost\/tiszacsege.hu\/?page_id=121"},"modified":"2025-01-09T15:23:38","modified_gmt":"2025-01-09T14:23:38","slug":"kepviselo-testulet-2","status":"publish","type":"page","link":"https:\/\/tiszacsege.hu\/?page_id=121","title":{"rendered":"K\u00e9pvisel\u0151-test\u00fclet"},"content":{"rendered":"\n<h3 class=\"wp-block-heading\">&nbsp;<strong>Tiszacsege V\u00e1ros \u00d6nkorm\u00e1nyzata K\u00e9pvisel\u0151-test\u00fclete:<\/strong><\/h3>\n\n\n\n<figure class=\"wp-block-table\"><table><tbody><tr><td><b>Szeli Zolt\u00e1n<\/b><\/td><td>polg\u00e1rmester<\/td><\/tr><tr><td><strong>B\u00f6sz\u00f6rm\u00e9nyin\u00e9 Dr. B\u00f3di Zsuzsa<\/strong><\/td><td>k\u00e9pvisel\u0151<\/td><\/tr><tr><td><strong>Derzs\u00e9nyi J\u00e1nos<\/strong><\/td><td>k\u00e9pvisel\u0151<\/td><\/tr><tr><td><strong>Sallai Szabolcs Zolt\u00e1n<\/strong><\/td><td>k\u00e9pvisel\u0151 &#8211; alpolg\u00e1rmester<\/td><\/tr><tr><td><strong>Szemerszki Rich\u00e1rd<\/strong><\/td><td>k\u00e9pvisel\u0151<\/td><\/tr><tr><td><strong>T\u00f3th Imre<\/strong><\/td><td>k\u00e9pvisel\u0151<\/td><\/tr><tr><td><strong>V\u00e1s\u00e1ri-Orosz Andrea<\/strong><\/td><td>k\u00e9pvisel\u0151 &#8211; P\u00e9nz\u00fcgyi \u00e9s \u00dcgyrendi Bizotts\u00e1g eln\u00f6ke<\/td><\/tr><\/tbody><\/table><\/figure>\n\n\n\n<div style=\"height:20px\" aria-hidden=\"true\" class=\"wp-block-spacer\"><\/div>\n\n\n\n<p class=\"has-black-color has-text-color has-medium-font-size wp-block-paragraph\">A k\u00e9pvisel\u0151-test\u00fclet Szervezeti \u00e9s M\u0171k\u00f6d\u00e9si Szab\u00e1lyzata <strong><a href=\"https:\/\/or.njt.hu\/eli\/728614\/r\/2024\/13\" target=\"_blank\" rel=\"noreferrer noopener\">(link)<\/a><\/strong><\/p>\n\n\n\n<div style=\"height:20px\" aria-hidden=\"true\" class=\"wp-block-spacer\"><\/div>\n\n\n\n<p class=\"has-black-color has-text-color has-medium-font-size wp-block-paragraph\"><strong>F\u00fcggel\u00e9kek<\/strong><\/p>\n\n\n\n<div style=\"height:20px\" aria-hidden=\"true\" class=\"wp-block-spacer\"><\/div>\n\n\n\n<p class=\"has-medium-font-size wp-block-paragraph\"><a href=\"https:\/\/tiszacsege.hu\/wp-content\/uploads\/2024\/10\/1.-fuggelek.pdf\" target=\"_blank\" rel=\"noreferrer noopener\">1. Az \u00f6nkorm\u00e1nyzat t\u00e1rsul\u00e1sainak jegyz\u00e9ke<\/a><\/p>\n\n\n\n<p class=\"has-medium-font-size wp-block-paragraph\"><a href=\"https:\/\/tiszacsege.hu\/wp-content\/uploads\/2024\/10\/2.-fuggelek.pdf\" target=\"_blank\" rel=\"noreferrer noopener\">2. A helyi \u00f6nkorm\u00e1nyzati k\u00e9pvisel\u0151k n\u00e9vjegyz\u00e9ke<\/a><\/p>\n\n\n\n<p class=\"has-medium-font-size wp-block-paragraph\"><a href=\"https:\/\/tiszacsege.hu\/wp-content\/uploads\/2024\/10\/3.-fuggelek.pdf\" target=\"_blank\" rel=\"noreferrer noopener\">3. Tiszacsege telep\u00fcl\u00e9sen m\u0171k\u00f6d\u0151 \u00f6nszervez\u0151d\u0151 k\u00f6z\u00f6ss\u00e9gek<\/a><\/p>\n\n\n\n<p class=\"has-medium-font-size wp-block-paragraph\"><a href=\"https:\/\/tiszacsege.hu\/wp-content\/uploads\/2024\/10\/4.-fuggelek.pdf\" target=\"_blank\" rel=\"noreferrer noopener\">4. Tiszacsege V\u00e1ros d\u00edszpolg\u00e1rai<\/a><\/p>\n\n\n\n<p class=\"has-medium-font-size wp-block-paragraph\"><a href=\"https:\/\/tiszacsege.hu\/wp-content\/uploads\/2024\/11\/5.-fuggelek.pdf\" target=\"_blank\" rel=\"noreferrer noopener\">5. A Bizotts\u00e1g eln\u00f6k\u00e9nek \u00e9s tagjainak n\u00e9vsora<\/a><\/p>\n\n\n\n<p class=\"has-medium-font-size wp-block-paragraph\"><a href=\"https:\/\/tiszacsege.hu\/wp-content\/uploads\/2025\/01\/165_2024.-KT-hat_2025.-I-felevi-munkaterv.pdf\" target=\"_blank\" rel=\"noreferrer noopener\">6. A k\u00e9pvisel\u0151-test\u00fclet munkaterve<\/a><\/p>\n\n\n\n<p class=\"has-medium-font-size wp-block-paragraph\"><a href=\"https:\/\/tiszacsege.hu\/wp-content\/uploads\/2024\/11\/7.-fuggelek.pdf\" target=\"_blank\" rel=\"noreferrer noopener\">7. Egy\u00fcttm\u0171k\u00f6d\u00e9si Meg\u00e1llapod\u00e1s Tiszacsege V\u00e1ros \u00d6nkorm\u00e1nyzata \u00e9s Tiszacsege Roma Nemzetis\u00e9gi \u00d6nkorm\u00e1nyzata k\u00f6z\u00f6tt<\/a><\/p>\n\n\n\n<p class=\"has-medium-font-size wp-block-paragraph\"><a href=\"https:\/\/tiszacsege.hu\/wp-content\/uploads\/2024\/10\/8.-fuggelek.pdf\" target=\"_blank\" rel=\"noreferrer noopener\">8. Tiszacsege telep\u00fcl\u00e9s szavaz\u00f3k\u00f6reinek sz\u00e1ma, sorsz\u00e1ma, ter\u00fcleti beoszt\u00e1sa, valamint szavaz\u00f3helyis\u00e9geinek c\u00edme<\/a><\/p>\n\n\n\n<div style=\"height:20px\" aria-hidden=\"true\" class=\"wp-block-spacer\"><\/div>\n\n\n\n<p class=\"has-medium-font-size wp-block-paragraph\"><strong>Helye:<\/strong> A Tiszacsegei K\u00f6z\u00f6s \u00d6nkorm\u00e1nyzati Hivatal tan\u00e1cskoz\u00f3 terme.<\/p>\n","protected":false},"excerpt":{"rendered":"<p>&nbsp;Tiszacsege V\u00e1ros \u00d6nkorm\u00e1nyzata K\u00e9pvisel\u0151-test\u00fclete: Szeli Zolt\u00e1n polg\u00e1rmester B\u00f6sz\u00f6rm\u00e9nyin\u00e9 Dr. B\u00f3di Zsuzsa k\u00e9pvisel\u0151 Derzs\u00e9nyi J\u00e1nos k\u00e9pvisel\u0151 Sallai Szabolcs Zolt\u00e1n k\u00e9pvisel\u0151 &#8211; alpolg\u00e1rmester Szemerszki Rich\u00e1rd k\u00e9pvisel\u0151 T\u00f3th Imre k\u00e9pvisel\u0151 V\u00e1s\u00e1ri-Orosz Andrea k\u00e9pvisel\u0151 &#8211; P\u00e9nz\u00fcgyi \u00e9s \u00dcgyrendi Bizotts\u00e1g eln\u00f6ke A k\u00e9pvisel\u0151-test\u00fclet Szervezeti \u00e9s M\u0171k\u00f6d\u00e9si Szab\u00e1lyzata (link) F\u00fcggel\u00e9kek 1. Az \u00f6nkorm\u00e1nyzat t\u00e1rsul\u00e1sainak jegyz\u00e9ke 2. A helyi \u00f6nkorm\u00e1nyzati k\u00e9pvisel\u0151k n\u00e9vjegyz\u00e9ke [&hellip;]<\/p>\n","protected":false},"author":1,"featured_media":0,"parent":50,"menu_order":0,"comment_status":"closed","ping_status":"closed","template":"","meta":{"_editorskit_title_hidden":false,"_editorskit_reading_time":0,"_editorskit_is_block_options_detached":false,"_editorskit_block_options_position":"{}","_crdt_document":"","footnotes":""},"folder":[],"class_list":["post-121","page","type-page","status-publish","hentry"],"yoast_head":"<!-- This site is optimized with the Yoast SEO plugin v27.4 - https:\/\/yoast.com\/product\/yoast-seo-wordpress\/ -->\n<title>K\u00e9pvisel\u0151-test\u00fclet<\/title>\n<meta name=\"robots\" content=\"index, follow, max-snippet:-1, max-image-preview:large, max-video-preview:-1\" \/>\n<link rel=\"canonical\" href=\"https:\/\/tiszacsege.hu\/?page_id=121\" \/>\n<meta property=\"og:locale\" content=\"hu_HU\" \/>\n<meta property=\"og:type\" content=\"article\" \/>\n<meta property=\"og:title\" content=\"K\u00e9pvisel\u0151-test\u00fclet\" \/>\n<meta property=\"og:description\" content=\"&nbsp;Tiszacsege V\u00e1ros \u00d6nkorm\u00e1nyzata K\u00e9pvisel\u0151-test\u00fclete: Szeli Zolt\u00e1n polg\u00e1rmester B\u00f6sz\u00f6rm\u00e9nyin\u00e9 Dr. B\u00f3di Zsuzsa k\u00e9pvisel\u0151 Derzs\u00e9nyi J\u00e1nos k\u00e9pvisel\u0151 Sallai Szabolcs Zolt\u00e1n k\u00e9pvisel\u0151 &#8211; alpolg\u00e1rmester Szemerszki Rich\u00e1rd k\u00e9pvisel\u0151 T\u00f3th Imre k\u00e9pvisel\u0151 V\u00e1s\u00e1ri-Orosz Andrea k\u00e9pvisel\u0151 &#8211; P\u00e9nz\u00fcgyi \u00e9s \u00dcgyrendi Bizotts\u00e1g eln\u00f6ke A k\u00e9pvisel\u0151-test\u00fclet Szervezeti \u00e9s M\u0171k\u00f6d\u00e9si Szab\u00e1lyzata (link) F\u00fcggel\u00e9kek 1. Az \u00f6nkorm\u00e1nyzat t\u00e1rsul\u00e1sainak jegyz\u00e9ke 2. A helyi \u00f6nkorm\u00e1nyzati k\u00e9pvisel\u0151k n\u00e9vjegyz\u00e9ke [&hellip;]\" \/>\n<meta property=\"og:url\" content=\"https:\/\/tiszacsege.hu\/?page_id=121\" \/>\n<meta property=\"og:site_name\" content=\"Tiszacsege\" \/>\n<meta property=\"article:publisher\" content=\"https:\/\/www.facebook.com\/tiszacsegeonkormanyzata\" \/>\n<meta property=\"article:modified_time\" content=\"2025-01-09T14:23:38+00:00\" \/>\n<meta name=\"twitter:card\" content=\"summary_large_image\" \/>\n<script type=\"application\/ld+json\" class=\"yoast-schema-graph\">{\"@context\":\"https:\\\/\\\/schema.org\",\"@graph\":[{\"@type\":\"WebPage\",\"@id\":\"https:\\\/\\\/tiszacsege.hu\\\/?page_id=121\",\"url\":\"https:\\\/\\\/tiszacsege.hu\\\/?page_id=121\",\"name\":\"K\u00e9pvisel\u0151-test\u00fclet\",\"isPartOf\":{\"@id\":\"https:\\\/\\\/tiszacsege.hu\\\/#website\"},\"datePublished\":\"2012-10-05T17:15:09+00:00\",\"dateModified\":\"2025-01-09T14:23:38+00:00\",\"breadcrumb\":{\"@id\":\"https:\\\/\\\/tiszacsege.hu\\\/?page_id=121#breadcrumb\"},\"inLanguage\":\"hu\",\"potentialAction\":[{\"@type\":\"ReadAction\",\"target\":[\"https:\\\/\\\/tiszacsege.hu\\\/?page_id=121\"]}]},{\"@type\":\"BreadcrumbList\",\"@id\":\"https:\\\/\\\/tiszacsege.hu\\\/?page_id=121#breadcrumb\",\"itemListElement\":[{\"@type\":\"ListItem\",\"position\":1,\"name\":\"Kezd\u0151lap\",\"item\":\"https:\\\/\\\/tiszacsege.hu\\\/\"},{\"@type\":\"ListItem\",\"position\":2,\"name\":\"\u00d6nkorm\u00e1nyzat\",\"item\":\"https:\\\/\\\/tiszacsege.hu\\\/?page_id=50\"},{\"@type\":\"ListItem\",\"position\":3,\"name\":\"K\u00e9pvisel\u0151-test\u00fclet\"}]},{\"@type\":\"WebSite\",\"@id\":\"https:\\\/\\\/tiszacsege.hu\\\/#website\",\"url\":\"https:\\\/\\\/tiszacsege.hu\\\/\",\"name\":\"Tiszacsege\",\"description\":\"Tiszacsege hivatalos honlapja\",\"publisher\":{\"@id\":\"https:\\\/\\\/tiszacsege.hu\\\/#organization\"},\"potentialAction\":[{\"@type\":\"SearchAction\",\"target\":{\"@type\":\"EntryPoint\",\"urlTemplate\":\"https:\\\/\\\/tiszacsege.hu\\\/?s={search_term_string}\"},\"query-input\":{\"@type\":\"PropertyValueSpecification\",\"valueRequired\":true,\"valueName\":\"search_term_string\"}}],\"inLanguage\":\"hu\"},{\"@type\":\"Organization\",\"@id\":\"https:\\\/\\\/tiszacsege.hu\\\/#organization\",\"name\":\"Tiszacsege\",\"url\":\"https:\\\/\\\/tiszacsege.hu\\\/\",\"logo\":{\"@type\":\"ImageObject\",\"inLanguage\":\"hu\",\"@id\":\"https:\\\/\\\/tiszacsege.hu\\\/#\\\/schema\\\/logo\\\/image\\\/\",\"url\":\"https:\\\/\\\/tiszacsege.hu\\\/wp-content\\\/uploads\\\/2020\\\/10\\\/tiszacsege_logo_rovid2-1.png\",\"contentUrl\":\"https:\\\/\\\/tiszacsege.hu\\\/wp-content\\\/uploads\\\/2020\\\/10\\\/tiszacsege_logo_rovid2-1.png\",\"width\":500,\"height\":150,\"caption\":\"Tiszacsege\"},\"image\":{\"@id\":\"https:\\\/\\\/tiszacsege.hu\\\/#\\\/schema\\\/logo\\\/image\\\/\"},\"sameAs\":[\"https:\\\/\\\/www.facebook.com\\\/tiszacsegeonkormanyzata\"]}]}<\/script>\n<!-- \/ Yoast SEO plugin. -->","yoast_head_json":{"title":"K\u00e9pvisel\u0151-test\u00fclet","robots":{"index":"index","follow":"follow","max-snippet":"max-snippet:-1","max-image-preview":"max-image-preview:large","max-video-preview":"max-video-preview:-1"},"canonical":"https:\/\/tiszacsege.hu\/?page_id=121","og_locale":"hu_HU","og_type":"article","og_title":"K\u00e9pvisel\u0151-test\u00fclet","og_description":"&nbsp;Tiszacsege V\u00e1ros \u00d6nkorm\u00e1nyzata K\u00e9pvisel\u0151-test\u00fclete: Szeli Zolt\u00e1n polg\u00e1rmester B\u00f6sz\u00f6rm\u00e9nyin\u00e9 Dr. B\u00f3di Zsuzsa k\u00e9pvisel\u0151 Derzs\u00e9nyi J\u00e1nos k\u00e9pvisel\u0151 Sallai Szabolcs Zolt\u00e1n k\u00e9pvisel\u0151 &#8211; alpolg\u00e1rmester Szemerszki Rich\u00e1rd k\u00e9pvisel\u0151 T\u00f3th Imre k\u00e9pvisel\u0151 V\u00e1s\u00e1ri-Orosz Andrea k\u00e9pvisel\u0151 &#8211; P\u00e9nz\u00fcgyi \u00e9s \u00dcgyrendi Bizotts\u00e1g eln\u00f6ke A k\u00e9pvisel\u0151-test\u00fclet Szervezeti \u00e9s M\u0171k\u00f6d\u00e9si Szab\u00e1lyzata (link) F\u00fcggel\u00e9kek 1. Az \u00f6nkorm\u00e1nyzat t\u00e1rsul\u00e1sainak jegyz\u00e9ke 2. A helyi \u00f6nkorm\u00e1nyzati k\u00e9pvisel\u0151k n\u00e9vjegyz\u00e9ke [&hellip;]","og_url":"https:\/\/tiszacsege.hu\/?page_id=121","og_site_name":"Tiszacsege","article_publisher":"https:\/\/www.facebook.com\/tiszacsegeonkormanyzata","article_modified_time":"2025-01-09T14:23:38+00:00","twitter_card":"summary_large_image","schema":{"@context":"https:\/\/schema.org","@graph":[{"@type":"WebPage","@id":"https:\/\/tiszacsege.hu\/?page_id=121","url":"https:\/\/tiszacsege.hu\/?page_id=121","name":"K\u00e9pvisel\u0151-test\u00fclet","isPartOf":{"@id":"https:\/\/tiszacsege.hu\/#website"},"datePublished":"2012-10-05T17:15:09+00:00","dateModified":"2025-01-09T14:23:38+00:00","breadcrumb":{"@id":"https:\/\/tiszacsege.hu\/?page_id=121#breadcrumb"},"inLanguage":"hu","potentialAction":[{"@type":"ReadAction","target":["https:\/\/tiszacsege.hu\/?page_id=121"]}]},{"@type":"BreadcrumbList","@id":"https:\/\/tiszacsege.hu\/?page_id=121#breadcrumb","itemListElement":[{"@type":"ListItem","position":1,"name":"Kezd\u0151lap","item":"https:\/\/tiszacsege.hu\/"},{"@type":"ListItem","position":2,"name":"\u00d6nkorm\u00e1nyzat","item":"https:\/\/tiszacsege.hu\/?page_id=50"},{"@type":"ListItem","position":3,"name":"K\u00e9pvisel\u0151-test\u00fclet"}]},{"@type":"WebSite","@id":"https:\/\/tiszacsege.hu\/#website","url":"https:\/\/tiszacsege.hu\/","name":"Tiszacsege","description":"Tiszacsege hivatalos honlapja","publisher":{"@id":"https:\/\/tiszacsege.hu\/#organization"},"potentialAction":[{"@type":"SearchAction","target":{"@type":"EntryPoint","urlTemplate":"https:\/\/tiszacsege.hu\/?s={search_term_string}"},"query-input":{"@type":"PropertyValueSpecification","valueRequired":true,"valueName":"search_term_string"}}],"inLanguage":"hu"},{"@type":"Organization","@id":"https:\/\/tiszacsege.hu\/#organization","name":"Tiszacsege","url":"https:\/\/tiszacsege.hu\/","logo":{"@type":"ImageObject","inLanguage":"hu","@id":"https:\/\/tiszacsege.hu\/#\/schema\/logo\/image\/","url":"https:\/\/tiszacsege.hu\/wp-content\/uploads\/2020\/10\/tiszacsege_logo_rovid2-1.png","contentUrl":"https:\/\/tiszacsege.hu\/wp-content\/uploads\/2020\/10\/tiszacsege_logo_rovid2-1.png","width":500,"height":150,"caption":"Tiszacsege"},"image":{"@id":"https:\/\/tiszacsege.hu\/#\/schema\/logo\/image\/"},"sameAs":["https:\/\/www.facebook.com\/tiszacsegeonkormanyzata"]}]}},"_links":{"self":[{"href":"https:\/\/tiszacsege.hu\/index.php?rest_route=\/wp\/v2\/pages\/121","targetHints":{"allow":["GET"]}}],"collection":[{"href":"https:\/\/tiszacsege.hu\/index.php?rest_route=\/wp\/v2\/pages"}],"about":[{"href":"https:\/\/tiszacsege.hu\/index.php?rest_route=\/wp\/v2\/types\/page"}],"author":[{"embeddable":true,"href":"https:\/\/tiszacsege.hu\/index.php?rest_route=\/wp\/v2\/users\/1"}],"replies":[{"embeddable":true,"href":"https:\/\/tiszacsege.hu\/index.php?rest_route=%2Fwp%2Fv2%2Fcomments&post=121"}],"version-history":[{"count":90,"href":"https:\/\/tiszacsege.hu\/index.php?rest_route=\/wp\/v2\/pages\/121\/revisions"}],"predecessor-version":[{"id":26262,"href":"https:\/\/tiszacsege.hu\/index.php?rest_route=\/wp\/v2\/pages\/121\/revisions\/26262"}],"up":[{"embeddable":true,"href":"https:\/\/tiszacsege.hu\/index.php?rest_route=\/wp\/v2\/pages\/50"}],"wp:attachment":[{"href":"https:\/\/tiszacsege.hu\/index.php?rest_route=%2Fwp%2Fv2%2Fmedia&parent=121"}],"wp:term":[{"taxonomy":"folder","embeddable":true,"href":"https:\/\/tiszacsege.hu\/index.php?rest_route=%2Fwp%2Fv2%2Ffolder&post=121"}],"curies":[{"name":"wp","href":"https:\/\/api.w.org\/{rel}","templated":true}]}}