{"id":15578,"date":"2020-01-15T14:57:14","date_gmt":"2020-01-15T13:57:14","guid":{"rendered":"http:\/\/tiszacsege.hu\/?page_id=15578"},"modified":"2025-04-25T11:30:58","modified_gmt":"2025-04-25T09:30:58","slug":"szabalyzatok","status":"publish","type":"page","link":"https:\/\/tiszacsege.hu\/?page_id=15578","title":{"rendered":"Szab\u00e1lyzatok"},"content":{"rendered":"\n<p class=\"has-medium-font-size wp-block-paragraph\"><a href=\"https:\/\/tiszacsege.hu\/wp-content\/uploads\/2020\/10\/Masolatkeszitesi-szabalyzat.pdf\"><strong>M\u00e1solatk\u00e9sz\u00edt\u00e9si Szab\u00e1lyzat<\/strong><\/a><\/p>\n\n\n\n<p class=\"has-medium-font-size wp-block-paragraph\"><a href=\"https:\/\/or.njt.hu\/eli\/v01\/728614\/r\/2013\/6\" target=\"_blank\" rel=\"noreferrer noopener\"><strong>K\u00e9pvisel\u0151-test\u00fclet Szervezeti \u00e9s M\u0171k\u00f6d\u00e9si Szab\u00e1lyzata<\/strong><\/a><\/p>\n\n\n\n<p class=\"has-medium-font-size wp-block-paragraph\"><strong><a href=\"https:\/\/tiszacsege.hu\/wp-content\/uploads\/2024\/04\/Beszerzesi-szabalyzat.pdf\" class=\"ek-link\">Beszerz\u00e9si Szab\u00e1lyzat<\/a><\/strong><\/p>\n\n\n\n<p class=\"has-medium-font-size wp-block-paragraph\"><a href=\"https:\/\/tiszacsege.hu\/wp-content\/uploads\/2025\/04\/Tiszacsegei-Kozos-Onkormanyzati-Hivatal-SZMSZ-modositasa-_2025_marcius-25.pdf\" target=\"_blank\" rel=\"noreferrer noopener\"><strong>Tiszacsegei K\u00f6z\u00f6s \u00d6nkorm\u00e1nyzati Hivatal Szervezeti \u00e9s M\u0171k\u00f6d\u00e9si Szab\u00e1lyzata<\/strong><\/a><\/p>\n\n\n\n<p class=\"has-medium-font-size wp-block-paragraph\"><a href=\"https:\/\/tiszacsege.hu\/wp-content\/uploads\/2024\/09\/Kozszolgalati-szabalyzat_KOH_2024.pdf\" target=\"_blank\" rel=\"noreferrer noopener\"><strong>Tiszacsegei K\u00f6z\u00f6s \u00d6nkorm\u00e1nyzati Hivatal K\u00f6zszolg\u00e1lati Szab\u00e1lyzata<\/strong><\/a><\/p>\n\n\n\n<p class=\"has-medium-font-size wp-block-paragraph\"><a href=\"https:\/\/tiszacsege.hu\/wp-content\/uploads\/2023\/08\/Hivatasetikai-Szabalyzat-2012.pdf\" target=\"_blank\" rel=\"noreferrer noopener\"><strong>Hivat\u00e1setikai Szab\u00e1lyzat<\/strong><\/a><\/p>\n\n\n\n<p class=\"has-medium-font-size wp-block-paragraph\"><a href=\"https:\/\/tiszacsege.hu\/wp-content\/uploads\/2023\/08\/Informatikai-Biztonsagi-Szabalyzat.pdf\" target=\"_blank\" rel=\"noreferrer noopener\"><strong>Informatikai Biztons\u00e1gi Szab\u00e1lyzat<\/strong><\/a><\/p>\n\n\n\n<p class=\"has-medium-font-size wp-block-paragraph\"><a href=\"https:\/\/tiszacsege.hu\/wp-content\/uploads\/2023\/08\/Iratkezelesi-Szabalyzat-_-2022.pdf\" target=\"_blank\" rel=\"noreferrer noopener\"><strong>Iratkezel\u00e9si Szab\u00e1lyzat<\/strong><\/a><\/p>\n\n\n\n<p class=\"has-medium-font-size wp-block-paragraph\"><a href=\"https:\/\/tiszacsege.hu\/wp-content\/uploads\/2023\/08\/Kozerdeku-bejelentesek-es-panaszok-kezeleserol-szolo-szabalyzat.pdf\" target=\"_blank\" rel=\"noreferrer noopener\"><strong>K\u00f6z\u00e9rdek\u0171 bejelent\u00e9sek, panaszok kezel\u00e9s\u00e9nek szab\u00e1lyzata<\/strong><\/a><\/p>\n\n\n\n<p class=\"has-medium-font-size wp-block-paragraph\"><a href=\"https:\/\/tiszacsege.hu\/wp-content\/uploads\/2023\/08\/Tiszacsege-Varos-Onkormanyzat-Kozbeszerzesi-Szabalyzata.pdf\" target=\"_blank\" rel=\"noreferrer noopener\"><strong>Tiszacsege V\u00e1ros \u00d6nkorm\u00e1nyzat K\u00f6zbeszerz\u00e9si Szab\u00e1lyzata<\/strong><\/a><\/p>\n\n\n\n<p class=\"has-medium-font-size wp-block-paragraph\"><strong><a href=\"https:\/\/tiszacsege.hu\/wp-content\/uploads\/2025\/01\/kiadmanyozasi-szabalyzat-_-2024.pdf\" target=\"_blank\" rel=\"noreferrer noopener\">Kiadm\u00e1nyoz\u00e1si Szab\u00e1lyzat<\/a><\/strong><\/p>\n","protected":false},"excerpt":{"rendered":"<p>M\u00e1solatk\u00e9sz\u00edt\u00e9si Szab\u00e1lyzat K\u00e9pvisel\u0151-test\u00fclet Szervezeti \u00e9s M\u0171k\u00f6d\u00e9si Szab\u00e1lyzata Beszerz\u00e9si Szab\u00e1lyzat Tiszacsegei K\u00f6z\u00f6s \u00d6nkorm\u00e1nyzati Hivatal Szervezeti \u00e9s M\u0171k\u00f6d\u00e9si Szab\u00e1lyzata Tiszacsegei K\u00f6z\u00f6s \u00d6nkorm\u00e1nyzati Hivatal K\u00f6zszolg\u00e1lati Szab\u00e1lyzata Hivat\u00e1setikai Szab\u00e1lyzat Informatikai Biztons\u00e1gi Szab\u00e1lyzat Iratkezel\u00e9si Szab\u00e1lyzat K\u00f6z\u00e9rdek\u0171 bejelent\u00e9sek, panaszok kezel\u00e9s\u00e9nek szab\u00e1lyzata Tiszacsege V\u00e1ros \u00d6nkorm\u00e1nyzat K\u00f6zbeszerz\u00e9si Szab\u00e1lyzata Kiadm\u00e1nyoz\u00e1si Szab\u00e1lyzat<\/p>\n","protected":false},"author":1,"featured_media":0,"parent":0,"menu_order":0,"comment_status":"closed","ping_status":"closed","template":"","meta":{"_editorskit_title_hidden":false,"_editorskit_reading_time":0,"_editorskit_is_block_options_detached":false,"_editorskit_block_options_position":"{}","_crdt_document":"","footnotes":""},"folder":[],"class_list":["post-15578","page","type-page","status-publish","hentry"],"yoast_head":"<!-- This site is optimized with the Yoast SEO plugin v27.4 - https:\/\/yoast.com\/product\/yoast-seo-wordpress\/ -->\n<title>Szab\u00e1lyzatok<\/title>\n<meta name=\"robots\" content=\"index, follow, max-snippet:-1, max-image-preview:large, max-video-preview:-1\" \/>\n<link rel=\"canonical\" href=\"https:\/\/tiszacsege.hu\/?page_id=15578\" \/>\n<meta property=\"og:locale\" content=\"hu_HU\" \/>\n<meta property=\"og:type\" content=\"article\" \/>\n<meta property=\"og:title\" content=\"Szab\u00e1lyzatok\" \/>\n<meta property=\"og:description\" content=\"M\u00e1solatk\u00e9sz\u00edt\u00e9si Szab\u00e1lyzat K\u00e9pvisel\u0151-test\u00fclet Szervezeti \u00e9s M\u0171k\u00f6d\u00e9si Szab\u00e1lyzata Beszerz\u00e9si Szab\u00e1lyzat Tiszacsegei K\u00f6z\u00f6s \u00d6nkorm\u00e1nyzati Hivatal Szervezeti \u00e9s M\u0171k\u00f6d\u00e9si Szab\u00e1lyzata Tiszacsegei K\u00f6z\u00f6s \u00d6nkorm\u00e1nyzati Hivatal K\u00f6zszolg\u00e1lati Szab\u00e1lyzata Hivat\u00e1setikai Szab\u00e1lyzat Informatikai Biztons\u00e1gi Szab\u00e1lyzat Iratkezel\u00e9si Szab\u00e1lyzat K\u00f6z\u00e9rdek\u0171 bejelent\u00e9sek, panaszok kezel\u00e9s\u00e9nek szab\u00e1lyzata Tiszacsege V\u00e1ros \u00d6nkorm\u00e1nyzat K\u00f6zbeszerz\u00e9si Szab\u00e1lyzata Kiadm\u00e1nyoz\u00e1si Szab\u00e1lyzat\" \/>\n<meta property=\"og:url\" content=\"https:\/\/tiszacsege.hu\/?page_id=15578\" \/>\n<meta property=\"og:site_name\" content=\"Tiszacsege\" \/>\n<meta property=\"article:publisher\" content=\"https:\/\/www.facebook.com\/tiszacsegeonkormanyzata\" \/>\n<meta property=\"article:modified_time\" content=\"2025-04-25T09:30:58+00:00\" \/>\n<meta name=\"twitter:card\" content=\"summary_large_image\" \/>\n<script type=\"application\/ld+json\" class=\"yoast-schema-graph\">{\"@context\":\"https:\\\/\\\/schema.org\",\"@graph\":[{\"@type\":\"WebPage\",\"@id\":\"https:\\\/\\\/tiszacsege.hu\\\/?page_id=15578\",\"url\":\"https:\\\/\\\/tiszacsege.hu\\\/?page_id=15578\",\"name\":\"Szab\u00e1lyzatok\",\"isPartOf\":{\"@id\":\"https:\\\/\\\/tiszacsege.hu\\\/#website\"},\"datePublished\":\"2020-01-15T13:57:14+00:00\",\"dateModified\":\"2025-04-25T09:30:58+00:00\",\"breadcrumb\":{\"@id\":\"https:\\\/\\\/tiszacsege.hu\\\/?page_id=15578#breadcrumb\"},\"inLanguage\":\"hu\",\"potentialAction\":[{\"@type\":\"ReadAction\",\"target\":[\"https:\\\/\\\/tiszacsege.hu\\\/?page_id=15578\"]}]},{\"@type\":\"BreadcrumbList\",\"@id\":\"https:\\\/\\\/tiszacsege.hu\\\/?page_id=15578#breadcrumb\",\"itemListElement\":[{\"@type\":\"ListItem\",\"position\":1,\"name\":\"Kezd\u0151lap\",\"item\":\"https:\\\/\\\/tiszacsege.hu\\\/\"},{\"@type\":\"ListItem\",\"position\":2,\"name\":\"Szab\u00e1lyzatok\"}]},{\"@type\":\"WebSite\",\"@id\":\"https:\\\/\\\/tiszacsege.hu\\\/#website\",\"url\":\"https:\\\/\\\/tiszacsege.hu\\\/\",\"name\":\"Tiszacsege\",\"description\":\"Tiszacsege hivatalos honlapja\",\"publisher\":{\"@id\":\"https:\\\/\\\/tiszacsege.hu\\\/#organization\"},\"potentialAction\":[{\"@type\":\"SearchAction\",\"target\":{\"@type\":\"EntryPoint\",\"urlTemplate\":\"https:\\\/\\\/tiszacsege.hu\\\/?s={search_term_string}\"},\"query-input\":{\"@type\":\"PropertyValueSpecification\",\"valueRequired\":true,\"valueName\":\"search_term_string\"}}],\"inLanguage\":\"hu\"},{\"@type\":\"Organization\",\"@id\":\"https:\\\/\\\/tiszacsege.hu\\\/#organization\",\"name\":\"Tiszacsege\",\"url\":\"https:\\\/\\\/tiszacsege.hu\\\/\",\"logo\":{\"@type\":\"ImageObject\",\"inLanguage\":\"hu\",\"@id\":\"https:\\\/\\\/tiszacsege.hu\\\/#\\\/schema\\\/logo\\\/image\\\/\",\"url\":\"https:\\\/\\\/tiszacsege.hu\\\/wp-content\\\/uploads\\\/2020\\\/10\\\/tiszacsege_logo_rovid2-1.png\",\"contentUrl\":\"https:\\\/\\\/tiszacsege.hu\\\/wp-content\\\/uploads\\\/2020\\\/10\\\/tiszacsege_logo_rovid2-1.png\",\"width\":500,\"height\":150,\"caption\":\"Tiszacsege\"},\"image\":{\"@id\":\"https:\\\/\\\/tiszacsege.hu\\\/#\\\/schema\\\/logo\\\/image\\\/\"},\"sameAs\":[\"https:\\\/\\\/www.facebook.com\\\/tiszacsegeonkormanyzata\"]}]}<\/script>\n<!-- \/ Yoast SEO plugin. -->","yoast_head_json":{"title":"Szab\u00e1lyzatok","robots":{"index":"index","follow":"follow","max-snippet":"max-snippet:-1","max-image-preview":"max-image-preview:large","max-video-preview":"max-video-preview:-1"},"canonical":"https:\/\/tiszacsege.hu\/?page_id=15578","og_locale":"hu_HU","og_type":"article","og_title":"Szab\u00e1lyzatok","og_description":"M\u00e1solatk\u00e9sz\u00edt\u00e9si Szab\u00e1lyzat K\u00e9pvisel\u0151-test\u00fclet Szervezeti \u00e9s M\u0171k\u00f6d\u00e9si Szab\u00e1lyzata Beszerz\u00e9si Szab\u00e1lyzat Tiszacsegei K\u00f6z\u00f6s \u00d6nkorm\u00e1nyzati Hivatal Szervezeti \u00e9s M\u0171k\u00f6d\u00e9si Szab\u00e1lyzata Tiszacsegei K\u00f6z\u00f6s \u00d6nkorm\u00e1nyzati Hivatal K\u00f6zszolg\u00e1lati Szab\u00e1lyzata Hivat\u00e1setikai Szab\u00e1lyzat Informatikai Biztons\u00e1gi Szab\u00e1lyzat Iratkezel\u00e9si Szab\u00e1lyzat K\u00f6z\u00e9rdek\u0171 bejelent\u00e9sek, panaszok kezel\u00e9s\u00e9nek szab\u00e1lyzata Tiszacsege V\u00e1ros \u00d6nkorm\u00e1nyzat K\u00f6zbeszerz\u00e9si Szab\u00e1lyzata Kiadm\u00e1nyoz\u00e1si Szab\u00e1lyzat","og_url":"https:\/\/tiszacsege.hu\/?page_id=15578","og_site_name":"Tiszacsege","article_publisher":"https:\/\/www.facebook.com\/tiszacsegeonkormanyzata","article_modified_time":"2025-04-25T09:30:58+00:00","twitter_card":"summary_large_image","schema":{"@context":"https:\/\/schema.org","@graph":[{"@type":"WebPage","@id":"https:\/\/tiszacsege.hu\/?page_id=15578","url":"https:\/\/tiszacsege.hu\/?page_id=15578","name":"Szab\u00e1lyzatok","isPartOf":{"@id":"https:\/\/tiszacsege.hu\/#website"},"datePublished":"2020-01-15T13:57:14+00:00","dateModified":"2025-04-25T09:30:58+00:00","breadcrumb":{"@id":"https:\/\/tiszacsege.hu\/?page_id=15578#breadcrumb"},"inLanguage":"hu","potentialAction":[{"@type":"ReadAction","target":["https:\/\/tiszacsege.hu\/?page_id=15578"]}]},{"@type":"BreadcrumbList","@id":"https:\/\/tiszacsege.hu\/?page_id=15578#breadcrumb","itemListElement":[{"@type":"ListItem","position":1,"name":"Kezd\u0151lap","item":"https:\/\/tiszacsege.hu\/"},{"@type":"ListItem","position":2,"name":"Szab\u00e1lyzatok"}]},{"@type":"WebSite","@id":"https:\/\/tiszacsege.hu\/#website","url":"https:\/\/tiszacsege.hu\/","name":"Tiszacsege","description":"Tiszacsege hivatalos honlapja","publisher":{"@id":"https:\/\/tiszacsege.hu\/#organization"},"potentialAction":[{"@type":"SearchAction","target":{"@type":"EntryPoint","urlTemplate":"https:\/\/tiszacsege.hu\/?s={search_term_string}"},"query-input":{"@type":"PropertyValueSpecification","valueRequired":true,"valueName":"search_term_string"}}],"inLanguage":"hu"},{"@type":"Organization","@id":"https:\/\/tiszacsege.hu\/#organization","name":"Tiszacsege","url":"https:\/\/tiszacsege.hu\/","logo":{"@type":"ImageObject","inLanguage":"hu","@id":"https:\/\/tiszacsege.hu\/#\/schema\/logo\/image\/","url":"https:\/\/tiszacsege.hu\/wp-content\/uploads\/2020\/10\/tiszacsege_logo_rovid2-1.png","contentUrl":"https:\/\/tiszacsege.hu\/wp-content\/uploads\/2020\/10\/tiszacsege_logo_rovid2-1.png","width":500,"height":150,"caption":"Tiszacsege"},"image":{"@id":"https:\/\/tiszacsege.hu\/#\/schema\/logo\/image\/"},"sameAs":["https:\/\/www.facebook.com\/tiszacsegeonkormanyzata"]}]}},"_links":{"self":[{"href":"https:\/\/tiszacsege.hu\/index.php?rest_route=\/wp\/v2\/pages\/15578","targetHints":{"allow":["GET"]}}],"collection":[{"href":"https:\/\/tiszacsege.hu\/index.php?rest_route=\/wp\/v2\/pages"}],"about":[{"href":"https:\/\/tiszacsege.hu\/index.php?rest_route=\/wp\/v2\/types\/page"}],"author":[{"embeddable":true,"href":"https:\/\/tiszacsege.hu\/index.php?rest_route=\/wp\/v2\/users\/1"}],"replies":[{"embeddable":true,"href":"https:\/\/tiszacsege.hu\/index.php?rest_route=%2Fwp%2Fv2%2Fcomments&post=15578"}],"version-history":[{"count":19,"href":"https:\/\/tiszacsege.hu\/index.php?rest_route=\/wp\/v2\/pages\/15578\/revisions"}],"predecessor-version":[{"id":26917,"href":"https:\/\/tiszacsege.hu\/index.php?rest_route=\/wp\/v2\/pages\/15578\/revisions\/26917"}],"wp:attachment":[{"href":"https:\/\/tiszacsege.hu\/index.php?rest_route=%2Fwp%2Fv2%2Fmedia&parent=15578"}],"wp:term":[{"taxonomy":"folder","embeddable":true,"href":"https:\/\/tiszacsege.hu\/index.php?rest_route=%2Fwp%2Fv2%2Ffolder&post=15578"}],"curies":[{"name":"wp","href":"https:\/\/api.w.org\/{rel}","templated":true}]}}