{"id":1750,"date":"2013-02-15T12:33:22","date_gmt":"2013-02-15T11:33:22","guid":{"rendered":"http:\/\/tiszacsege.hu\/?page_id=1750"},"modified":"2024-03-19T14:35:58","modified_gmt":"2024-03-19T13:35:58","slug":"e-onkormanyzat","status":"publish","type":"page","link":"https:\/\/tiszacsege.hu\/?page_id=1750","title":{"rendered":"Elektronikus \u00fcgyint\u00e9z\u00e9s"},"content":{"rendered":"\n<h3 class=\"wp-block-heading\">Elektronikus \u00fcgyint\u00e9z\u00e9s &#8211; \u00d6NKORM\u00c1NYZATI HIVATALI PORT\u00c1L<\/h3>\n\n\n\n<div style=\"height:20px\" aria-hidden=\"true\" class=\"wp-block-spacer\"><\/div>\n\n\n\n<p class=\"wp-block-paragraph\">Az \u00d6nkorm\u00e1nyzati Hivatali Port\u00e1lon t\u00f6rt\u00e9n\u0151 \u00fcgyint\u00e9z\u00e9shez sz\u00fcks\u00e9ges a K\u00f6zponti Azonos\u00edt\u00e1si \u00dcgyn\u00f6k\u00f6n (tov\u00e1bbiakban: KA\u00dc) kereszt\u00fcli azonos\u00edt\u00e1s. A KA\u00dc az al\u00e1bbi elektronikus azonos\u00edt\u00e1si szolg\u00e1ltat\u00e1sokat biztos\u00edtja:<\/p>\n\n\n\n<div style=\"height:20px\" aria-hidden=\"true\" class=\"wp-block-spacer\"><\/div>\n\n\n\n<p class=\"wp-block-paragraph\">&#8211; \u00dcgyf\u00e9lkapus azonos\u00edt\u00e1s (\u00dcgyf\u00e9lkapu)<\/p>\n\n\n\n<p class=\"wp-block-paragraph\">&#8211; R\u00e9szleges K\u00f3d\u00fa Telefonos Azonos\u00edt\u00e1s (Telefonos azonos\u00edt\u00e1s)<\/p>\n\n\n\n<p class=\"wp-block-paragraph\">&#8211; T\u00e1rol\u00f3 elemet tartalmaz\u00f3 szem\u00e9lyazonos\u00edt\u00f3 igazolv\u00e1ny (E-szig.-azonos\u00edt\u00e1s).<\/p>\n\n\n\n<div style=\"height:20px\" aria-hidden=\"true\" class=\"wp-block-spacer\"><\/div>\n\n\n\n<p class=\"wp-block-paragraph\">A KA\u00dc-s azonos\u00edt\u00e1sr\u00f3l sz\u00f3l\u00f3 t\u00e1j\u00e9koztat\u00e1st a <a href=\"https:\/\/kau.gov.hu\/informacio\/kau\" target=\"_blank\" aria-label=\" (opens in a new tab)\" rel=\"noreferrer noopener\" class=\"ek-link\"><strong>KA\u00dc port\u00e1lj\u00e1n<\/strong><\/a> \u00e9s a <a href=\"https:\/\/www.nisz.hu\/hu\/ka%C3%BC-%E2%80%93-k%C3%B6zponti-azonos%C3%ADt%C3%A1si-%C3%BCgyn%C3%B6k\" target=\"_blank\" aria-label=\" (opens in a new tab)\" rel=\"noreferrer noopener\" class=\"ek-link\"><strong>szolg\u00e1ltat\u00f3 oldal\u00e1n<\/strong><\/a> tekintheti meg.<\/p>\n\n\n\n<div style=\"height:20px\" aria-hidden=\"true\" class=\"wp-block-spacer\"><\/div>\n\n\n\n<p class=\"wp-block-paragraph\">Nem term\u00e9szetes szem\u00e9ly nev\u00e9ben t\u00f6rt\u00e9n\u0151 \u00fcgyint\u00e9z\u00e9s eset\u00e9n az elj\u00e1r\u00f3 szem\u00e9lynek KA\u00dc azonos\u00edt\u00e1ssal kell bejelentkeznie.<\/p>\n\n\n\n<div style=\"height:20px\" aria-hidden=\"true\" class=\"wp-block-spacer\"><\/div>\n\n\n\n<p class=\"wp-block-paragraph\">Az \u00d6nkorm\u00e1nyzati Hivatali Port\u00e1llal kapcsolatos t\u00e1j\u00e9koztat\u00f3t <strong><a href=\"https:\/\/ohp-20.asp.lgov.hu\/tajekoztato\" target=\"_blank\" aria-label=\" (opens in a new tab)\" rel=\"noreferrer noopener\" class=\"ek-link\">ITT<\/a><\/strong> tekintheti meg.<\/p>\n\n\n\n<div style=\"height:20px\" aria-hidden=\"true\" class=\"wp-block-spacer\"><\/div>\n\n\n\n<div class=\"wp-block-buttons is-content-justification-center is-layout-flex wp-container-core-buttons-is-layout-fe48e5de wp-block-buttons-is-layout-flex\">\n<div class=\"wp-block-button is-style-fill\"><a class=\"wp-block-button__link has-white-color has-text-color has-background wp-element-button\" href=\"https:\/\/ohp-20.asp.lgov.hu\/nyitolap\" style=\"border-radius:6px;background:linear-gradient(359deg,rgb(2,3,129) 0%,rgb(40,116,252) 100%)\" target=\"_blank\" rel=\"noreferrer noopener\">Bel\u00e9p\u00e9s<\/a><\/div>\n<\/div>\n\n\n\n<p class=\"has-text-align-center has-medium-font-size wp-block-paragraph\"><\/p>\n","protected":false},"excerpt":{"rendered":"<p>Elektronikus \u00fcgyint\u00e9z\u00e9s &#8211; \u00d6NKORM\u00c1NYZATI HIVATALI PORT\u00c1L Az \u00d6nkorm\u00e1nyzati Hivatali Port\u00e1lon t\u00f6rt\u00e9n\u0151 \u00fcgyint\u00e9z\u00e9shez sz\u00fcks\u00e9ges a K\u00f6zponti Azonos\u00edt\u00e1si \u00dcgyn\u00f6k\u00f6n (tov\u00e1bbiakban: KA\u00dc) kereszt\u00fcli azonos\u00edt\u00e1s. A KA\u00dc az al\u00e1bbi elektronikus azonos\u00edt\u00e1si szolg\u00e1ltat\u00e1sokat biztos\u00edtja: &#8211; \u00dcgyf\u00e9lkapus azonos\u00edt\u00e1s (\u00dcgyf\u00e9lkapu) &#8211; R\u00e9szleges K\u00f3d\u00fa Telefonos Azonos\u00edt\u00e1s (Telefonos azonos\u00edt\u00e1s) &#8211; T\u00e1rol\u00f3 elemet tartalmaz\u00f3 szem\u00e9lyazonos\u00edt\u00f3 igazolv\u00e1ny (E-szig.-azonos\u00edt\u00e1s). A KA\u00dc-s azonos\u00edt\u00e1sr\u00f3l sz\u00f3l\u00f3 t\u00e1j\u00e9koztat\u00e1st a KA\u00dc port\u00e1lj\u00e1n [&hellip;]<\/p>\n","protected":false},"author":1,"featured_media":0,"parent":0,"menu_order":0,"comment_status":"closed","ping_status":"open","template":"","meta":{"_editorskit_title_hidden":false,"_editorskit_reading_time":0,"_editorskit_is_block_options_detached":false,"_editorskit_block_options_position":"{}","_crdt_document":"","footnotes":""},"folder":[],"class_list":["post-1750","page","type-page","status-publish","hentry"],"yoast_head":"<!-- This site is optimized with the Yoast SEO plugin v27.5 - https:\/\/yoast.com\/product\/yoast-seo-wordpress\/ -->\n<title>Elektronikus \u00fcgyint\u00e9z\u00e9s<\/title>\n<meta name=\"robots\" content=\"index, follow, max-snippet:-1, max-image-preview:large, max-video-preview:-1\" \/>\n<link rel=\"canonical\" href=\"https:\/\/tiszacsege.hu\/?page_id=1750\" \/>\n<meta property=\"og:locale\" content=\"hu_HU\" \/>\n<meta property=\"og:type\" content=\"article\" \/>\n<meta property=\"og:title\" content=\"Elektronikus \u00fcgyint\u00e9z\u00e9s\" \/>\n<meta property=\"og:description\" content=\"Elektronikus \u00fcgyint\u00e9z\u00e9s &#8211; \u00d6NKORM\u00c1NYZATI HIVATALI PORT\u00c1L Az \u00d6nkorm\u00e1nyzati Hivatali Port\u00e1lon t\u00f6rt\u00e9n\u0151 \u00fcgyint\u00e9z\u00e9shez sz\u00fcks\u00e9ges a K\u00f6zponti Azonos\u00edt\u00e1si \u00dcgyn\u00f6k\u00f6n (tov\u00e1bbiakban: KA\u00dc) kereszt\u00fcli azonos\u00edt\u00e1s. A KA\u00dc az al\u00e1bbi elektronikus azonos\u00edt\u00e1si szolg\u00e1ltat\u00e1sokat biztos\u00edtja: &#8211; \u00dcgyf\u00e9lkapus azonos\u00edt\u00e1s (\u00dcgyf\u00e9lkapu) &#8211; R\u00e9szleges K\u00f3d\u00fa Telefonos Azonos\u00edt\u00e1s (Telefonos azonos\u00edt\u00e1s) &#8211; T\u00e1rol\u00f3 elemet tartalmaz\u00f3 szem\u00e9lyazonos\u00edt\u00f3 igazolv\u00e1ny (E-szig.-azonos\u00edt\u00e1s). A KA\u00dc-s azonos\u00edt\u00e1sr\u00f3l sz\u00f3l\u00f3 t\u00e1j\u00e9koztat\u00e1st a KA\u00dc port\u00e1lj\u00e1n [&hellip;]\" \/>\n<meta property=\"og:url\" content=\"https:\/\/tiszacsege.hu\/?page_id=1750\" \/>\n<meta property=\"og:site_name\" content=\"Tiszacsege\" \/>\n<meta property=\"article:publisher\" content=\"https:\/\/www.facebook.com\/tiszacsegeonkormanyzata\" \/>\n<meta property=\"article:modified_time\" content=\"2024-03-19T13:35:58+00:00\" \/>\n<meta name=\"twitter:card\" content=\"summary_large_image\" \/>\n<script type=\"application\/ld+json\" class=\"yoast-schema-graph\">{\"@context\":\"https:\\\/\\\/schema.org\",\"@graph\":[{\"@type\":\"WebPage\",\"@id\":\"https:\\\/\\\/tiszacsege.hu\\\/?page_id=1750\",\"url\":\"https:\\\/\\\/tiszacsege.hu\\\/?page_id=1750\",\"name\":\"Elektronikus \u00fcgyint\u00e9z\u00e9s\",\"isPartOf\":{\"@id\":\"https:\\\/\\\/tiszacsege.hu\\\/#website\"},\"datePublished\":\"2013-02-15T11:33:22+00:00\",\"dateModified\":\"2024-03-19T13:35:58+00:00\",\"breadcrumb\":{\"@id\":\"https:\\\/\\\/tiszacsege.hu\\\/?page_id=1750#breadcrumb\"},\"inLanguage\":\"hu\",\"potentialAction\":[{\"@type\":\"ReadAction\",\"target\":[\"https:\\\/\\\/tiszacsege.hu\\\/?page_id=1750\"]}]},{\"@type\":\"BreadcrumbList\",\"@id\":\"https:\\\/\\\/tiszacsege.hu\\\/?page_id=1750#breadcrumb\",\"itemListElement\":[{\"@type\":\"ListItem\",\"position\":1,\"name\":\"Kezd\u0151lap\",\"item\":\"https:\\\/\\\/tiszacsege.hu\\\/\"},{\"@type\":\"ListItem\",\"position\":2,\"name\":\"Elektronikus \u00fcgyint\u00e9z\u00e9s\"}]},{\"@type\":\"WebSite\",\"@id\":\"https:\\\/\\\/tiszacsege.hu\\\/#website\",\"url\":\"https:\\\/\\\/tiszacsege.hu\\\/\",\"name\":\"Tiszacsege\",\"description\":\"Tiszacsege hivatalos honlapja\",\"publisher\":{\"@id\":\"https:\\\/\\\/tiszacsege.hu\\\/#organization\"},\"potentialAction\":[{\"@type\":\"SearchAction\",\"target\":{\"@type\":\"EntryPoint\",\"urlTemplate\":\"https:\\\/\\\/tiszacsege.hu\\\/?s={search_term_string}\"},\"query-input\":{\"@type\":\"PropertyValueSpecification\",\"valueRequired\":true,\"valueName\":\"search_term_string\"}}],\"inLanguage\":\"hu\"},{\"@type\":\"Organization\",\"@id\":\"https:\\\/\\\/tiszacsege.hu\\\/#organization\",\"name\":\"Tiszacsege\",\"url\":\"https:\\\/\\\/tiszacsege.hu\\\/\",\"logo\":{\"@type\":\"ImageObject\",\"inLanguage\":\"hu\",\"@id\":\"https:\\\/\\\/tiszacsege.hu\\\/#\\\/schema\\\/logo\\\/image\\\/\",\"url\":\"https:\\\/\\\/tiszacsege.hu\\\/wp-content\\\/uploads\\\/2020\\\/10\\\/tiszacsege_logo_rovid2-1.png\",\"contentUrl\":\"https:\\\/\\\/tiszacsege.hu\\\/wp-content\\\/uploads\\\/2020\\\/10\\\/tiszacsege_logo_rovid2-1.png\",\"width\":500,\"height\":150,\"caption\":\"Tiszacsege\"},\"image\":{\"@id\":\"https:\\\/\\\/tiszacsege.hu\\\/#\\\/schema\\\/logo\\\/image\\\/\"},\"sameAs\":[\"https:\\\/\\\/www.facebook.com\\\/tiszacsegeonkormanyzata\"]}]}<\/script>\n<!-- \/ Yoast SEO plugin. -->","yoast_head_json":{"title":"Elektronikus \u00fcgyint\u00e9z\u00e9s","robots":{"index":"index","follow":"follow","max-snippet":"max-snippet:-1","max-image-preview":"max-image-preview:large","max-video-preview":"max-video-preview:-1"},"canonical":"https:\/\/tiszacsege.hu\/?page_id=1750","og_locale":"hu_HU","og_type":"article","og_title":"Elektronikus \u00fcgyint\u00e9z\u00e9s","og_description":"Elektronikus \u00fcgyint\u00e9z\u00e9s &#8211; \u00d6NKORM\u00c1NYZATI HIVATALI PORT\u00c1L Az \u00d6nkorm\u00e1nyzati Hivatali Port\u00e1lon t\u00f6rt\u00e9n\u0151 \u00fcgyint\u00e9z\u00e9shez sz\u00fcks\u00e9ges a K\u00f6zponti Azonos\u00edt\u00e1si \u00dcgyn\u00f6k\u00f6n (tov\u00e1bbiakban: KA\u00dc) kereszt\u00fcli azonos\u00edt\u00e1s. A KA\u00dc az al\u00e1bbi elektronikus azonos\u00edt\u00e1si szolg\u00e1ltat\u00e1sokat biztos\u00edtja: &#8211; \u00dcgyf\u00e9lkapus azonos\u00edt\u00e1s (\u00dcgyf\u00e9lkapu) &#8211; R\u00e9szleges K\u00f3d\u00fa Telefonos Azonos\u00edt\u00e1s (Telefonos azonos\u00edt\u00e1s) &#8211; T\u00e1rol\u00f3 elemet tartalmaz\u00f3 szem\u00e9lyazonos\u00edt\u00f3 igazolv\u00e1ny (E-szig.-azonos\u00edt\u00e1s). A KA\u00dc-s azonos\u00edt\u00e1sr\u00f3l sz\u00f3l\u00f3 t\u00e1j\u00e9koztat\u00e1st a KA\u00dc port\u00e1lj\u00e1n [&hellip;]","og_url":"https:\/\/tiszacsege.hu\/?page_id=1750","og_site_name":"Tiszacsege","article_publisher":"https:\/\/www.facebook.com\/tiszacsegeonkormanyzata","article_modified_time":"2024-03-19T13:35:58+00:00","twitter_card":"summary_large_image","schema":{"@context":"https:\/\/schema.org","@graph":[{"@type":"WebPage","@id":"https:\/\/tiszacsege.hu\/?page_id=1750","url":"https:\/\/tiszacsege.hu\/?page_id=1750","name":"Elektronikus \u00fcgyint\u00e9z\u00e9s","isPartOf":{"@id":"https:\/\/tiszacsege.hu\/#website"},"datePublished":"2013-02-15T11:33:22+00:00","dateModified":"2024-03-19T13:35:58+00:00","breadcrumb":{"@id":"https:\/\/tiszacsege.hu\/?page_id=1750#breadcrumb"},"inLanguage":"hu","potentialAction":[{"@type":"ReadAction","target":["https:\/\/tiszacsege.hu\/?page_id=1750"]}]},{"@type":"BreadcrumbList","@id":"https:\/\/tiszacsege.hu\/?page_id=1750#breadcrumb","itemListElement":[{"@type":"ListItem","position":1,"name":"Kezd\u0151lap","item":"https:\/\/tiszacsege.hu\/"},{"@type":"ListItem","position":2,"name":"Elektronikus \u00fcgyint\u00e9z\u00e9s"}]},{"@type":"WebSite","@id":"https:\/\/tiszacsege.hu\/#website","url":"https:\/\/tiszacsege.hu\/","name":"Tiszacsege","description":"Tiszacsege hivatalos honlapja","publisher":{"@id":"https:\/\/tiszacsege.hu\/#organization"},"potentialAction":[{"@type":"SearchAction","target":{"@type":"EntryPoint","urlTemplate":"https:\/\/tiszacsege.hu\/?s={search_term_string}"},"query-input":{"@type":"PropertyValueSpecification","valueRequired":true,"valueName":"search_term_string"}}],"inLanguage":"hu"},{"@type":"Organization","@id":"https:\/\/tiszacsege.hu\/#organization","name":"Tiszacsege","url":"https:\/\/tiszacsege.hu\/","logo":{"@type":"ImageObject","inLanguage":"hu","@id":"https:\/\/tiszacsege.hu\/#\/schema\/logo\/image\/","url":"https:\/\/tiszacsege.hu\/wp-content\/uploads\/2020\/10\/tiszacsege_logo_rovid2-1.png","contentUrl":"https:\/\/tiszacsege.hu\/wp-content\/uploads\/2020\/10\/tiszacsege_logo_rovid2-1.png","width":500,"height":150,"caption":"Tiszacsege"},"image":{"@id":"https:\/\/tiszacsege.hu\/#\/schema\/logo\/image\/"},"sameAs":["https:\/\/www.facebook.com\/tiszacsegeonkormanyzata"]}]}},"_links":{"self":[{"href":"https:\/\/tiszacsege.hu\/index.php?rest_route=\/wp\/v2\/pages\/1750","targetHints":{"allow":["GET"]}}],"collection":[{"href":"https:\/\/tiszacsege.hu\/index.php?rest_route=\/wp\/v2\/pages"}],"about":[{"href":"https:\/\/tiszacsege.hu\/index.php?rest_route=\/wp\/v2\/types\/page"}],"author":[{"embeddable":true,"href":"https:\/\/tiszacsege.hu\/index.php?rest_route=\/wp\/v2\/users\/1"}],"replies":[{"embeddable":true,"href":"https:\/\/tiszacsege.hu\/index.php?rest_route=%2Fwp%2Fv2%2Fcomments&post=1750"}],"version-history":[{"count":10,"href":"https:\/\/tiszacsege.hu\/index.php?rest_route=\/wp\/v2\/pages\/1750\/revisions"}],"predecessor-version":[{"id":23781,"href":"https:\/\/tiszacsege.hu\/index.php?rest_route=\/wp\/v2\/pages\/1750\/revisions\/23781"}],"wp:attachment":[{"href":"https:\/\/tiszacsege.hu\/index.php?rest_route=%2Fwp%2Fv2%2Fmedia&parent=1750"}],"wp:term":[{"taxonomy":"folder","embeddable":true,"href":"https:\/\/tiszacsege.hu\/index.php?rest_route=%2Fwp%2Fv2%2Ffolder&post=1750"}],"curies":[{"name":"wp","href":"https:\/\/api.w.org\/{rel}","templated":true}]}}