{"id":20,"date":"2012-10-05T14:30:17","date_gmt":"2012-10-05T12:30:17","guid":{"rendered":"http:\/\/localhost\/tiszacsege.hu\/?page_id=20"},"modified":"2025-03-11T18:02:11","modified_gmt":"2025-03-11T17:02:11","slug":"tiszacsege","status":"publish","type":"page","link":"https:\/\/tiszacsege.hu\/?page_id=20","title":{"rendered":"Tiszacsege"},"content":{"rendered":"\n<h1 class=\"wp-block-heading\">A telep\u00fcl\u00e9s t\u00f6rt\u00e9nete<\/h1>\n\n\n\n<div style=\"height:33px\" aria-hidden=\"true\" class=\"wp-block-spacer\"><\/div>\n\n\n\n<p class=\"wp-block-paragraph\">A telep\u00fcl\u00e9s lassan m\u00e1r ezer \u00e9ves m\u00faltra tekint vissza. Tiszacsege \u00c1rp\u00e1d-kori kotinuus telep\u00fcl\u00e9s. A Sz\u00e1zadi-ap\u00e1ts\u00e1g 1067-ben sz\u00fcletett alap\u00edt\u00f3levele m\u00e1r a mai hely\u00e9n l\u00e9v\u0151 faluk\u00e9nt eml\u00edti meg. IV. B\u00e9la 1248-ban kiadott adom\u00e1nylevele, pedig arr\u00f3l tud\u00f3s\u00edt minket, hogy Csege orsz\u00e1gos r\u00e9vk\u00e9nt j\u00e1tszott szerepet az \u00e1ruforgalomban, kereskedelemben \u00edgy ennek k\u00f6sz\u00f6nhet\u0151en az itt \u00e1thalad\u00f3knak v\u00e1mot kellet fizetni\u00fck. Az akkori falunak hal\u00e1szati joga volt a V\u00f6lgyes, Nagy-morotva, \u00e9s a Hortob\u00e1gy viz\u00e9re is. 1299-ben az eln\u00e9ptelenedett Szilesd faluval gyarapszik Csege hat\u00e1ra. A tat\u00e1rj\u00e1r\u00e1s idej\u00e9n a lakoss\u00e1g z\u00f6me f\u00f6ldm\u0171vel\u00e9ssel, \u00e1llatteny\u00e9szt\u00e9ssel foglalkozott. Ez az arculat ma is jellemz\u0151 a telep\u00fcl\u00e9sre. 1241-ben a tat\u00e1r seregek egyr\u00e9sze is itt tal\u00e1lt megfelel\u0151 \u00e1tkel\u0151helyet, a muhi puszt\u00e1n gy\u00fclekez\u0151 magyar sergeek megsemmis\u00edt\u00e9s\u00e9re. IV. B\u00e9la 6 \u00e9vvel a tat\u00e1r j\u00e1r\u00e1s ut\u00e1n, 1248-ban kelt oklev\u00e9lben a falut az egri P\u00fcsp\u00f6ki egyh\u00e1znak adom\u00e1nyozta katona\u00e1ll\u00edt\u00e1s fej\u00e9ben. Ekkor a telep\u00fcl\u00e9st I. okleveles eml\u00edt\u00e9sekor (1248) villa Chege n\u00e9ven jel\u00f6lik. 1332-ben K\u00e1roly R\u00f3bert birtokak\u00e9nt volt nyilv\u00e1ntartva, mint ad\u00f3fizet\u0151 egyh\u00e1zas hely. A XIV. sz\u00e1zadt\u00f3l a Bajoni csal\u00e1d, majd a Hunyadi csal\u00e1d birtoka lett. A telep\u00fcl\u00e9s els\u0151 okleveles eml\u00edt\u00e9sekor (1248) villa Chege, Anjou -korban (1336) possessi\u00f3 (= valakinek a birtok\u00e1ban l\u00e9v\u0151 telep\u00fcl\u00e9s), Hunyadiak kor\u00e1ban, pedig oppidum (= mag\u00e1n f\u00f6ldes\u00fari joghat\u00f3s\u00e1g alatt \u00e1ll\u00f3 mez\u0151v\u00e1ros). A Tisz\u00e1nt\u00falr\u00f3l a nyugatra, illetve k\u00fclf\u00f6ldre ir\u00e1nyul\u00f3 marhakereskedelem f\u0151\u00fatvonala itt haladt \u00e1t, majd 1478-t\u00f3l a debreceni m\u00e9sz\u00e1ros c\u00e9h is ezt az \u00fatvonalat haszn\u00e1lta.<\/p>\n\n\n<div class=\"wp-block-image\">\n<figure class=\"alignright is-resized\"><img fetchpriority=\"high\" decoding=\"async\" width=\"630\" height=\"422\" src=\"http:\/\/tiszacsege.hu\/wp-content\/uploads\/2012\/10\/reformatus_templom.jpg\" alt=\"\" class=\"wp-image-787\" style=\"width:315px;height:211px\" srcset=\"https:\/\/tiszacsege.hu\/wp-content\/uploads\/2012\/10\/reformatus_templom.jpg 630w, https:\/\/tiszacsege.hu\/wp-content\/uploads\/2012\/10\/reformatus_templom-300x200.jpg 300w\" sizes=\"(max-width: 630px) 100vw, 630px\" \/><figcaption class=\"wp-element-caption\">Reform\u00e1tus templom<\/figcaption><\/figure>\n<\/div>\n\n\n<p class=\"has-text-align-left wp-block-paragraph\"> A XV. sz\u00e1zad Tiszacsege \u00e9let\u00e9ben \u00fajabb fordul\u00f3pontot jelentett, mert gazdas\u00e1gilag megfelel\u0151 poz\u00edci\u00f3t \u00e9rt el \u00e9s ez\u00e9rt mez\u0151v\u00e1rosi kiv\u00e1lts\u00e1got kapott. D\u00f3zsa Gy\u00f6rgy f\u00e9le 1514-es jobb\u00e1gyfelkel\u00e9s negat\u00edvan hatott a telep\u00fcl\u00e9sre. A kor\u00e1bban elnyert rangot elvesz\u00edtette \u00e9s \u00fajb\u00f3l les\u00fcllyedt a jobb\u00e1gyfalvak szintj\u00e9re a megtorl\u00f3 int\u00e9zked\u00e9seknek k\u00f6sz\u00f6nhet\u0151en. Ekkoriban m\u00e1r volt er\u0151d\u00edtett k\u0151temploma Tiszacseg\u00e9nek, ami feltehet\u0151en XIV. vagy a XV. sz\u00e1zadban \u00e9p\u00fclt fel g\u00f3tikus st\u00edlusban. Az \u00e9p\u00edtm\u00e9ny ma is a reform\u00e1tus vall\u00e1st hirdeti, mint ezt r\u00e9gen is tette. A telep\u00fcl\u00e9s ebben az id\u0151ben rendelkezett v\u00e1s\u00e1rtart\u00e1si joggal, maga v\u00e1lasztotta \u201cb\u00edr\u00e1kkal\u201d, lakoss\u00e1ga, pedig a f\u00f6ld haszn\u00e1lat\u00e1t tax\u00e1val v\u00e1lthatta meg. A mai Tiszacseg\u00e9t a XVI. sz\u00e1zadi oklevelek is oppidumk\u00e9nt t\u00fcntetik fel. A telep\u00fcl\u00e9s k\u00fcl\u00f6n\u00f6sen vesz\u00e9lyeztetett helyzetben volt a t\u00f6r\u00f6k porty\u00e1z\u00e1sok miatt, a t\u00f6r\u00f6k hat\u00e1rz\u00f3n\u00e1j\u00e1ban helyezkedett el. A lakoss\u00e1g \u00e9let\u00e9t a h\u00e1rom f\u00e9le ad\u00f3 is megnehez\u00edtette, mely a k\u00f6vetkez\u0151kb\u0151l \u00e1ll: egyh\u00e1zi tized, t\u00f6r\u00f6knek, ill. saj\u00e1t f\u00f6ldesur\u00e1nak fizetett ad\u00f3k. <\/p>\n\n\n\n<div style=\"height:49px\" aria-hidden=\"true\" class=\"wp-block-spacer\"><\/div>\n\n\n\n<h2 class=\"wp-block-heading\"><strong>Tiszacsege nev\u00e9nek eredete, jelent\u00e9se:&nbsp;<\/strong> <\/h2>\n\n\n\n<p class=\"wp-block-paragraph\">A telep\u00fcl\u00e9s nev\u00e9nek eredet\u00e9re vonatkoz\u00f3an sz\u00e1mos, egym\u00e1snak ellentmond\u00f3 adatot tal\u00e1lunk etimol\u00f3giai sz\u00f3t\u00e1rakban, k\u00f6nyvekben ill. m\u00e1s k\u00e9ziratokban. A sz\u00e1jhagyom\u00e1ny szerint a falu onnan kapta a nev\u00e9t, hogy a Tisz\u00e1nak ezen szaka-sz\u00e1n igen sok kecseg\u00e9t fogtak ki, amelyek sz\u00e1ma rohamosan cs\u00f6kkent az\u00f3ta. Napjainkban m\u00e1r igen ritka halfajt\u00e1nak sz\u00e1m\u00edt itt. Ezt az t\u00e1masztja al\u00e1 az is, hogy a falu 1696-ban k\u00e9sz\u00fclt els\u0151 pecs\u00e9tje is egy \u00fasz\u00f3 kecseg\u00e9t \u00e1br\u00e1zol. A kutat\u00f3k a k\u00f6vetkez\u0151 v\u00e1ltozatokra bukkantak: N\u00e9h\u00e1nyan k\u00f6z\u00fcl\u00fck egy \u0151si halfog\u00f3 eszk\u00f6zzel, a \u201cc\u00e9ge\u201d sz\u00f3val azonos\u00edtott\u00e1k, amit itt a Tisz\u00e1n sok\u00e1ig alkalmaztak. Vannak akik egy szem\u00e9lyn\u00e9vvel azonos\u00edtj\u00e1k, vagyis a Csege a Cseg szem\u00e9ly-n\u00e9vb\u0151l alakult ki. Vir\u00e1g R\u00f3zsa nyelv\u00e9sz szerint a honfoglal\u00e1skor ez a ter\u00fclet egy jelent\u0151s tiszts\u00e9get visel\u0151 magyar birtok\u00e1ban volt, \u00e9s r\u00f3la nevezt\u00e9k el Csege faluj\u00e1nak. 1248-b\u00f3l sz\u00e1rmaz\u00f3 oklev\u00e9lben \u201cChege\u201d- nek \u00edrj\u00e1k. A telep\u00fcl\u00e9s neve k\u00fcl\u00f6nb\u00f6z\u0151 \u00edr\u00e1sokban m\u00e9g sokf\u00e9le v\u00e1ltozatban fordul el\u0151. A fentiekben m\u00e1r em-l\u00edttett pecs\u00e9tben m\u00e1r Csege olvashat\u00f3, de a Tisza jelz\u0151t csak a XIX. Sz\u00e1zad elej\u00e9n kapta meg, mert ezzel k\u00fcl\u00f6n\u00edtett\u00e9k meg az orsz\u00e1g ter\u00fclet\u00e9n- a k\u00f6z\u00e9pkorban- l\u00e9v\u0151 t\u00f6bb Csege nev\u0171 helys\u00e9gt\u0151l. \u00cdgy jelezt\u00e9k, hogy a Tisza melletti Cseg\u00e9r\u0151l van sz\u00f3.\/dr. Papp J\u00f3zsef, Tiszacsege 1967\/<\/p>\n\n\n\n<h2 class=\"wp-block-heading\"> <strong>Tiszacsege c\u00edmere:<\/strong> <\/h2>\n\n\n<div class=\"wp-block-image\">\n<figure class=\"alignright\"><img decoding=\"async\" width=\"240\" height=\"278\" src=\"http:\/\/tiszacsege.hu\/wp-content\/uploads\/2017\/11\/cimer_pici_new.png\" alt=\"\" class=\"wp-image-11381\" srcset=\"https:\/\/tiszacsege.hu\/wp-content\/uploads\/2017\/11\/cimer_pici_new.png 240w, https:\/\/tiszacsege.hu\/wp-content\/uploads\/2017\/11\/cimer_pici_new-882x1021.png 882w\" sizes=\"(max-width: 240px) 100vw, 240px\" \/><\/figure>\n<\/div>\n\n\n<p class=\"wp-block-paragraph\">\n\nTelep\u00fcl\u00e9s\u00fcnk c\u00edmere a XIX. \u00e9s XX. sz\u00e1zad fordul\u00f3j\u00e1n k\u00e9sz\u00fclt, melyet az Or-sz\u00e1gos K\u00f6zs\u00e9gi T\u00f6rzsk\u00f6nyvi Bizotts\u00e1ghagyott j\u00f3v\u00e1. A c\u00edmere egyes elemeit azonban m\u00e1r a XVII. Sz\u00e1zadt\u00f3l haszn\u00e1lt\u00e1k az okm\u00e1nyokon. A c\u00edmerpajzs egy nagypajzsb\u00f3l \u00e9s egy bels\u0151 bolg\u00e1rpajzsb\u00f3l \u00e1ll. Ez ut\u00f3bbi egy sz\u00edn\u0171, z\u00f6ld alap\u00fa tarpajzs, amelynek fels\u0151 r\u00e9sz\u00e9n- a heraldika szabv\u00e1nyainak ellentmond\u00f3- TISZACSEGE felirat szerepel. Alatta pedig a m\u00faltra visszautal\u00f3 h\u00e1rom c\u00edmerk\u00e9p tal\u00e1lhat\u00f3. A jobbra \u00fasz\u00f3 hal a t\u00e9vhittel ellent\u00e9tben nem kecse-g\u00e9t, hanem viz\u00e1t \u00e1br\u00e1zol, ugyanis a Tisza szab\u00e1lyoz\u00e1sa el\u0151tt a viza m\u00e9rete miatt jelent\u0151sebb hal volta kecseg\u00e9n\u00e9l. Teh\u00e1t a viza stiliz\u00e1lt k\u00e9pe indokolt. Fentr\u0151l haladva a m\u00e1sodik c\u00edmerk\u00e9p a k\u00e9ksz\u00edn\u0171 hull\u00e1mos s\u00e1v, amely a Tisz\u00e1t jelk\u00e9pezi. A c\u00edmerpajzs cs\u00fccsk\u00e9hez legk\u00f6zelebb l\u00e1that\u00f3 a harmadik c\u00edmerk\u00e9p, a stiliz\u00e1lt n\u00f6v\u00e9nycsokor. Ez a sulyom szimb\u00f3luma. A sulyomnak nagy gazdas\u00e1gi jelent\u0151s\u00e9ge volt, \u00edns\u00e9ges id\u0151ben a mindennapi kenyeret p\u00f3tolta.\n\n<\/p>\n","protected":false},"excerpt":{"rendered":"<p>A telep\u00fcl\u00e9s t\u00f6rt\u00e9nete A telep\u00fcl\u00e9s lassan m\u00e1r ezer \u00e9ves m\u00faltra tekint vissza. Tiszacsege \u00c1rp\u00e1d-kori kotinuus telep\u00fcl\u00e9s. A Sz\u00e1zadi-ap\u00e1ts\u00e1g 1067-ben sz\u00fcletett alap\u00edt\u00f3levele m\u00e1r a mai hely\u00e9n l\u00e9v\u0151 faluk\u00e9nt eml\u00edti meg. IV. B\u00e9la 1248-ban kiadott adom\u00e1nylevele, pedig arr\u00f3l tud\u00f3s\u00edt minket, hogy Csege orsz\u00e1gos r\u00e9vk\u00e9nt j\u00e1tszott szerepet az \u00e1ruforgalomban, kereskedelemben \u00edgy ennek k\u00f6sz\u00f6nhet\u0151en az itt \u00e1thalad\u00f3knak v\u00e1mot kellet [&hellip;]<\/p>\n","protected":false},"author":1,"featured_media":0,"parent":0,"menu_order":1,"comment_status":"closed","ping_status":"closed","template":"","meta":{"_editorskit_title_hidden":false,"_editorskit_reading_time":0,"_editorskit_is_block_options_detached":false,"_editorskit_block_options_position":"{}","_crdt_document":"","footnotes":""},"folder":[],"class_list":["post-20","page","type-page","status-publish","hentry"],"yoast_head":"<!-- This site is optimized with the Yoast SEO plugin v27.5 - https:\/\/yoast.com\/product\/yoast-seo-wordpress\/ -->\n<title>Tiszacsege<\/title>\n<meta name=\"robots\" content=\"index, follow, max-snippet:-1, max-image-preview:large, max-video-preview:-1\" \/>\n<link rel=\"canonical\" href=\"https:\/\/tiszacsege.hu\/?page_id=20\" \/>\n<meta property=\"og:locale\" content=\"hu_HU\" \/>\n<meta property=\"og:type\" content=\"article\" \/>\n<meta property=\"og:title\" content=\"Tiszacsege\" \/>\n<meta property=\"og:description\" content=\"A telep\u00fcl\u00e9s t\u00f6rt\u00e9nete A telep\u00fcl\u00e9s lassan m\u00e1r ezer \u00e9ves m\u00faltra tekint vissza. Tiszacsege \u00c1rp\u00e1d-kori kotinuus telep\u00fcl\u00e9s. A Sz\u00e1zadi-ap\u00e1ts\u00e1g 1067-ben sz\u00fcletett alap\u00edt\u00f3levele m\u00e1r a mai hely\u00e9n l\u00e9v\u0151 faluk\u00e9nt eml\u00edti meg. IV. B\u00e9la 1248-ban kiadott adom\u00e1nylevele, pedig arr\u00f3l tud\u00f3s\u00edt minket, hogy Csege orsz\u00e1gos r\u00e9vk\u00e9nt j\u00e1tszott szerepet az \u00e1ruforgalomban, kereskedelemben \u00edgy ennek k\u00f6sz\u00f6nhet\u0151en az itt \u00e1thalad\u00f3knak v\u00e1mot kellet [&hellip;]\" \/>\n<meta property=\"og:url\" content=\"https:\/\/tiszacsege.hu\/?page_id=20\" \/>\n<meta property=\"og:site_name\" content=\"Tiszacsege\" \/>\n<meta property=\"article:publisher\" content=\"https:\/\/www.facebook.com\/tiszacsegeonkormanyzata\" \/>\n<meta property=\"article:modified_time\" content=\"2025-03-11T17:02:11+00:00\" \/>\n<meta property=\"og:image\" content=\"http:\/\/tiszacsege.hu\/wp-content\/uploads\/2012\/10\/reformatus_templom.jpg\" \/>\n<meta name=\"twitter:card\" content=\"summary_large_image\" \/>\n<script type=\"application\/ld+json\" class=\"yoast-schema-graph\">{\"@context\":\"https:\\\/\\\/schema.org\",\"@graph\":[{\"@type\":\"WebPage\",\"@id\":\"https:\\\/\\\/tiszacsege.hu\\\/?page_id=20\",\"url\":\"https:\\\/\\\/tiszacsege.hu\\\/?page_id=20\",\"name\":\"Tiszacsege\",\"isPartOf\":{\"@id\":\"https:\\\/\\\/tiszacsege.hu\\\/#website\"},\"primaryImageOfPage\":{\"@id\":\"https:\\\/\\\/tiszacsege.hu\\\/?page_id=20#primaryimage\"},\"image\":{\"@id\":\"https:\\\/\\\/tiszacsege.hu\\\/?page_id=20#primaryimage\"},\"thumbnailUrl\":\"http:\\\/\\\/tiszacsege.hu\\\/wp-content\\\/uploads\\\/2012\\\/10\\\/reformatus_templom.jpg\",\"datePublished\":\"2012-10-05T12:30:17+00:00\",\"dateModified\":\"2025-03-11T17:02:11+00:00\",\"breadcrumb\":{\"@id\":\"https:\\\/\\\/tiszacsege.hu\\\/?page_id=20#breadcrumb\"},\"inLanguage\":\"hu\",\"potentialAction\":[{\"@type\":\"ReadAction\",\"target\":[\"https:\\\/\\\/tiszacsege.hu\\\/?page_id=20\"]}]},{\"@type\":\"ImageObject\",\"inLanguage\":\"hu\",\"@id\":\"https:\\\/\\\/tiszacsege.hu\\\/?page_id=20#primaryimage\",\"url\":\"https:\\\/\\\/tiszacsege.hu\\\/wp-content\\\/uploads\\\/2012\\\/10\\\/reformatus_templom.jpg\",\"contentUrl\":\"https:\\\/\\\/tiszacsege.hu\\\/wp-content\\\/uploads\\\/2012\\\/10\\\/reformatus_templom.jpg\",\"width\":\"630\",\"height\":\"422\",\"caption\":\"Reform\u00e1tus templom\"},{\"@type\":\"BreadcrumbList\",\"@id\":\"https:\\\/\\\/tiszacsege.hu\\\/?page_id=20#breadcrumb\",\"itemListElement\":[{\"@type\":\"ListItem\",\"position\":1,\"name\":\"Kezd\u0151lap\",\"item\":\"https:\\\/\\\/tiszacsege.hu\\\/\"},{\"@type\":\"ListItem\",\"position\":2,\"name\":\"Tiszacsege\"}]},{\"@type\":\"WebSite\",\"@id\":\"https:\\\/\\\/tiszacsege.hu\\\/#website\",\"url\":\"https:\\\/\\\/tiszacsege.hu\\\/\",\"name\":\"Tiszacsege\",\"description\":\"Tiszacsege hivatalos honlapja\",\"publisher\":{\"@id\":\"https:\\\/\\\/tiszacsege.hu\\\/#organization\"},\"potentialAction\":[{\"@type\":\"SearchAction\",\"target\":{\"@type\":\"EntryPoint\",\"urlTemplate\":\"https:\\\/\\\/tiszacsege.hu\\\/?s={search_term_string}\"},\"query-input\":{\"@type\":\"PropertyValueSpecification\",\"valueRequired\":true,\"valueName\":\"search_term_string\"}}],\"inLanguage\":\"hu\"},{\"@type\":\"Organization\",\"@id\":\"https:\\\/\\\/tiszacsege.hu\\\/#organization\",\"name\":\"Tiszacsege\",\"url\":\"https:\\\/\\\/tiszacsege.hu\\\/\",\"logo\":{\"@type\":\"ImageObject\",\"inLanguage\":\"hu\",\"@id\":\"https:\\\/\\\/tiszacsege.hu\\\/#\\\/schema\\\/logo\\\/image\\\/\",\"url\":\"https:\\\/\\\/tiszacsege.hu\\\/wp-content\\\/uploads\\\/2020\\\/10\\\/tiszacsege_logo_rovid2-1.png\",\"contentUrl\":\"https:\\\/\\\/tiszacsege.hu\\\/wp-content\\\/uploads\\\/2020\\\/10\\\/tiszacsege_logo_rovid2-1.png\",\"width\":500,\"height\":150,\"caption\":\"Tiszacsege\"},\"image\":{\"@id\":\"https:\\\/\\\/tiszacsege.hu\\\/#\\\/schema\\\/logo\\\/image\\\/\"},\"sameAs\":[\"https:\\\/\\\/www.facebook.com\\\/tiszacsegeonkormanyzata\"]}]}<\/script>\n<!-- \/ Yoast SEO plugin. -->","yoast_head_json":{"title":"Tiszacsege","robots":{"index":"index","follow":"follow","max-snippet":"max-snippet:-1","max-image-preview":"max-image-preview:large","max-video-preview":"max-video-preview:-1"},"canonical":"https:\/\/tiszacsege.hu\/?page_id=20","og_locale":"hu_HU","og_type":"article","og_title":"Tiszacsege","og_description":"A telep\u00fcl\u00e9s t\u00f6rt\u00e9nete A telep\u00fcl\u00e9s lassan m\u00e1r ezer \u00e9ves m\u00faltra tekint vissza. Tiszacsege \u00c1rp\u00e1d-kori kotinuus telep\u00fcl\u00e9s. A Sz\u00e1zadi-ap\u00e1ts\u00e1g 1067-ben sz\u00fcletett alap\u00edt\u00f3levele m\u00e1r a mai hely\u00e9n l\u00e9v\u0151 faluk\u00e9nt eml\u00edti meg. IV. B\u00e9la 1248-ban kiadott adom\u00e1nylevele, pedig arr\u00f3l tud\u00f3s\u00edt minket, hogy Csege orsz\u00e1gos r\u00e9vk\u00e9nt j\u00e1tszott szerepet az \u00e1ruforgalomban, kereskedelemben \u00edgy ennek k\u00f6sz\u00f6nhet\u0151en az itt \u00e1thalad\u00f3knak v\u00e1mot kellet [&hellip;]","og_url":"https:\/\/tiszacsege.hu\/?page_id=20","og_site_name":"Tiszacsege","article_publisher":"https:\/\/www.facebook.com\/tiszacsegeonkormanyzata","article_modified_time":"2025-03-11T17:02:11+00:00","og_image":[{"url":"http:\/\/tiszacsege.hu\/wp-content\/uploads\/2012\/10\/reformatus_templom.jpg","type":"","width":"","height":""}],"twitter_card":"summary_large_image","schema":{"@context":"https:\/\/schema.org","@graph":[{"@type":"WebPage","@id":"https:\/\/tiszacsege.hu\/?page_id=20","url":"https:\/\/tiszacsege.hu\/?page_id=20","name":"Tiszacsege","isPartOf":{"@id":"https:\/\/tiszacsege.hu\/#website"},"primaryImageOfPage":{"@id":"https:\/\/tiszacsege.hu\/?page_id=20#primaryimage"},"image":{"@id":"https:\/\/tiszacsege.hu\/?page_id=20#primaryimage"},"thumbnailUrl":"http:\/\/tiszacsege.hu\/wp-content\/uploads\/2012\/10\/reformatus_templom.jpg","datePublished":"2012-10-05T12:30:17+00:00","dateModified":"2025-03-11T17:02:11+00:00","breadcrumb":{"@id":"https:\/\/tiszacsege.hu\/?page_id=20#breadcrumb"},"inLanguage":"hu","potentialAction":[{"@type":"ReadAction","target":["https:\/\/tiszacsege.hu\/?page_id=20"]}]},{"@type":"ImageObject","inLanguage":"hu","@id":"https:\/\/tiszacsege.hu\/?page_id=20#primaryimage","url":"https:\/\/tiszacsege.hu\/wp-content\/uploads\/2012\/10\/reformatus_templom.jpg","contentUrl":"https:\/\/tiszacsege.hu\/wp-content\/uploads\/2012\/10\/reformatus_templom.jpg","width":"630","height":"422","caption":"Reform\u00e1tus templom"},{"@type":"BreadcrumbList","@id":"https:\/\/tiszacsege.hu\/?page_id=20#breadcrumb","itemListElement":[{"@type":"ListItem","position":1,"name":"Kezd\u0151lap","item":"https:\/\/tiszacsege.hu\/"},{"@type":"ListItem","position":2,"name":"Tiszacsege"}]},{"@type":"WebSite","@id":"https:\/\/tiszacsege.hu\/#website","url":"https:\/\/tiszacsege.hu\/","name":"Tiszacsege","description":"Tiszacsege hivatalos honlapja","publisher":{"@id":"https:\/\/tiszacsege.hu\/#organization"},"potentialAction":[{"@type":"SearchAction","target":{"@type":"EntryPoint","urlTemplate":"https:\/\/tiszacsege.hu\/?s={search_term_string}"},"query-input":{"@type":"PropertyValueSpecification","valueRequired":true,"valueName":"search_term_string"}}],"inLanguage":"hu"},{"@type":"Organization","@id":"https:\/\/tiszacsege.hu\/#organization","name":"Tiszacsege","url":"https:\/\/tiszacsege.hu\/","logo":{"@type":"ImageObject","inLanguage":"hu","@id":"https:\/\/tiszacsege.hu\/#\/schema\/logo\/image\/","url":"https:\/\/tiszacsege.hu\/wp-content\/uploads\/2020\/10\/tiszacsege_logo_rovid2-1.png","contentUrl":"https:\/\/tiszacsege.hu\/wp-content\/uploads\/2020\/10\/tiszacsege_logo_rovid2-1.png","width":500,"height":150,"caption":"Tiszacsege"},"image":{"@id":"https:\/\/tiszacsege.hu\/#\/schema\/logo\/image\/"},"sameAs":["https:\/\/www.facebook.com\/tiszacsegeonkormanyzata"]}]}},"_links":{"self":[{"href":"https:\/\/tiszacsege.hu\/index.php?rest_route=\/wp\/v2\/pages\/20","targetHints":{"allow":["GET"]}}],"collection":[{"href":"https:\/\/tiszacsege.hu\/index.php?rest_route=\/wp\/v2\/pages"}],"about":[{"href":"https:\/\/tiszacsege.hu\/index.php?rest_route=\/wp\/v2\/types\/page"}],"author":[{"embeddable":true,"href":"https:\/\/tiszacsege.hu\/index.php?rest_route=\/wp\/v2\/users\/1"}],"replies":[{"embeddable":true,"href":"https:\/\/tiszacsege.hu\/index.php?rest_route=%2Fwp%2Fv2%2Fcomments&post=20"}],"version-history":[{"count":90,"href":"https:\/\/tiszacsege.hu\/index.php?rest_route=\/wp\/v2\/pages\/20\/revisions"}],"predecessor-version":[{"id":26609,"href":"https:\/\/tiszacsege.hu\/index.php?rest_route=\/wp\/v2\/pages\/20\/revisions\/26609"}],"wp:attachment":[{"href":"https:\/\/tiszacsege.hu\/index.php?rest_route=%2Fwp%2Fv2%2Fmedia&parent=20"}],"wp:term":[{"taxonomy":"folder","embeddable":true,"href":"https:\/\/tiszacsege.hu\/index.php?rest_route=%2Fwp%2Fv2%2Ffolder&post=20"}],"curies":[{"name":"wp","href":"https:\/\/api.w.org\/{rel}","templated":true}]}}