{"id":20182,"date":"2022-08-15T09:32:49","date_gmt":"2022-08-15T07:32:49","guid":{"rendered":"https:\/\/tiszacsege.hu\/?page_id=20182"},"modified":"2026-02-16T10:46:36","modified_gmt":"2026-02-16T09:46:36","slug":"hirdetmenyek","status":"publish","type":"page","link":"https:\/\/tiszacsege.hu\/?page_id=20182","title":{"rendered":"Hirdetm\u00e9nyek"},"content":{"rendered":"\t\t<div data-elementor-type=\"wp-page\" data-elementor-id=\"20182\" class=\"elementor elementor-20182\">\n\t\t\t\t\t\t<section class=\"elementor-section elementor-top-section elementor-element elementor-element-478f8ce elementor-section-boxed elementor-section-height-default elementor-section-height-default\" data-id=\"478f8ce\" data-element_type=\"section\" data-e-type=\"section\">\n\t\t\t\t\t\t<div class=\"elementor-container elementor-column-gap-default\">\n\t\t\t\t\t<div class=\"elementor-column elementor-col-100 elementor-top-column elementor-element elementor-element-3c15876\" data-id=\"3c15876\" data-element_type=\"column\" data-e-type=\"column\">\n\t\t\t<div class=\"elementor-widget-wrap elementor-element-populated\">\n\t\t\t\t\t\t<div class=\"elementor-element elementor-element-79ec208 elementor-tabs-view-horizontal elementor-widget elementor-widget-tabs\" data-id=\"79ec208\" data-element_type=\"widget\" data-e-type=\"widget\" data-widget_type=\"tabs.default\">\n\t\t\t\t<div class=\"elementor-widget-container\">\n\t\t\t\t\t\t\t<div class=\"elementor-tabs\">\n\t\t\t<div class=\"elementor-tabs-wrapper\" role=\"tablist\" >\n\t\t\t\t\t\t\t\t\t<div id=\"elementor-tab-title-1271\" class=\"elementor-tab-title elementor-tab-desktop-title\" aria-selected=\"true\" data-tab=\"1\" role=\"tab\" tabindex=\"0\" aria-controls=\"elementor-tab-content-1271\" aria-expanded=\"false\">Term\u0151f\u00f6ld<\/div>\n\t\t\t\t\t\t\t\t\t<div id=\"elementor-tab-title-1272\" class=\"elementor-tab-title elementor-tab-desktop-title\" aria-selected=\"false\" data-tab=\"2\" role=\"tab\" tabindex=\"-1\" aria-controls=\"elementor-tab-content-1272\" aria-expanded=\"false\">\u00c1rver\u00e9s<\/div>\n\t\t\t\t\t\t\t\t\t<div id=\"elementor-tab-title-1273\" class=\"elementor-tab-title elementor-tab-desktop-title\" aria-selected=\"false\" data-tab=\"3\" role=\"tab\" tabindex=\"-1\" aria-controls=\"elementor-tab-content-1273\" aria-expanded=\"false\">Egy\u00e9b<\/div>\n\t\t\t\t\t\t\t\t\t<div id=\"elementor-tab-title-1274\" class=\"elementor-tab-title elementor-tab-desktop-title\" aria-selected=\"false\" data-tab=\"4\" role=\"tab\" tabindex=\"-1\" aria-controls=\"elementor-tab-content-1274\" aria-expanded=\"false\">Tal\u00e1lt t\u00e1rgyak<\/div>\n\t\t\t\t\t\t\t<\/div>\n\t\t\t<div class=\"elementor-tabs-content-wrapper\" role=\"tablist\" aria-orientation=\"vertical\">\n\t\t\t\t\t\t\t\t\t<div class=\"elementor-tab-title elementor-tab-mobile-title\" aria-selected=\"true\" data-tab=\"1\" role=\"tab\" tabindex=\"0\" aria-controls=\"elementor-tab-content-1271\" aria-expanded=\"false\">Term\u0151f\u00f6ld<\/div>\n\t\t\t\t\t<div id=\"elementor-tab-content-1271\" class=\"elementor-tab-content elementor-clearfix\" data-tab=\"1\" role=\"tabpanel\" aria-labelledby=\"elementor-tab-title-1271\" tabindex=\"0\" hidden=\"false\"><p><strong><a href=\"https:\/\/hirdetmenyek.magyarorszag.hu\/?SZO=&amp;KATEGORIA=&amp;IDOSZAK=1&amp;FORRASINTEZMENYNEVE=Tiszacsegei+K%C3%B6z%C3%B6s+%C3%96nkorm%C3%A1nyzati+Hivatal&amp;x=59&amp;y=12\"><span style=\"font-size: 14pt;\">magyarorszag.hu &#8211; Hirdetm\u00e9nyek<\/span><\/a><\/strong><\/p><\/div>\n\t\t\t\t\t\t\t\t\t<div class=\"elementor-tab-title elementor-tab-mobile-title\" aria-selected=\"false\" data-tab=\"2\" role=\"tab\" tabindex=\"-1\" aria-controls=\"elementor-tab-content-1272\" aria-expanded=\"false\">\u00c1rver\u00e9s<\/div>\n\t\t\t\t\t<div id=\"elementor-tab-content-1272\" class=\"elementor-tab-content elementor-clearfix\" data-tab=\"2\" role=\"tabpanel\" aria-labelledby=\"elementor-tab-title-1272\" tabindex=\"0\" hidden=\"hidden\"><p><a href=\"https:\/\/tiszacsege.hu\/wp-content\/uploads\/2026\/02\/I26020031AD110_SIGNED.pdf\"><span style=\"font-size: 14pt;\"> 4066 Tiszacsege, Z\u00e1tony I. utca 17. &#8211; 2431 HRSZ<\/span><\/a><\/p><p><a href=\"https:\/\/tiszacsege.hu\/wp-content\/uploads\/2026\/02\/I260100372C9C3_SIGNED.pdf\"><span style=\"font-size: 14pt;\"> 4066 Tiszacsege, J\u00f3zsef Attila utca 3. &#8211; 1377 HRSZ<\/span><\/a><\/p><p><a href=\"https:\/\/tiszacsege.hu\/wp-content\/uploads\/2026\/01\/foldarveresi-hirdetmeny-Tiszacsege-zartkert-5859_2.pdf\" target=\"_blank\" rel=\"noopener\"><span style=\"font-size: 14pt;\">4066 Tiszacsege, z\u00e1rtkert 5859\/2 HRSZ<\/span><\/a><\/p><p><a href=\"https:\/\/tiszacsege.hu\/wp-content\/uploads\/2026\/01\/Ingatlanarveresi-hirdetmeny.pdf\" target=\"_blank\" rel=\"noopener\"><span style=\"font-size: 14pt;\"> 4066 Tiszacsege, Zr\u00ednyi utca 19. &#8211; 2330 HRSZ<\/span><\/a><\/p><p><a href=\"https:\/\/tiszacsege.hu\/wp-content\/uploads\/2026\/01\/I260100316B288.pdf\" target=\"_blank\" rel=\"noopener\"><span style=\"font-size: 14pt;\">4066 Tiszacsege, Z\u00e1tony V. utca 5. &#8211; 2701 HRSZ<\/span><\/a><\/p><p><a href=\"https:\/\/tiszacsege.hu\/wp-content\/uploads\/2026\/01\/I260100317BD0F.pdf\" target=\"_blank\" rel=\"noopener\"><span style=\"font-size: 14pt;\"> 4066 Tiszacsege, Z\u00e1tony I. utca 17. &#8211; 2431 HRSZ<\/span><\/a><\/p><p><a href=\"https:\/\/tiszacsege.hu\/wp-content\/uploads\/2026\/01\/Ingatlanarveresi-hirdetmeny-_-7666_21-hrsz.pdf\" target=\"_blank\" rel=\"noopener\"><span style=\"font-size: 14pt;\">Tiszacsege belter\u00fclet &#8211; 7666\/21 HRSZ<\/span><\/a><\/p><p><a href=\"https:\/\/tiszacsege.hu\/wp-content\/uploads\/2025\/09\/I25090030B1A2C.pdf\" target=\"_blank\" rel=\"noopener\"><span style=\"font-size: 14pt;\">4066 Tiszacsege, V\u00e1s\u00e1rt\u00e9r utca 20. &#8211; 339 HRSZ<\/span><\/a><\/p><p><a href=\"https:\/\/tiszacsege.hu\/wp-content\/uploads\/2025\/02\/Kastely-utca-13.-.pdf\" target=\"_blank\" rel=\"noopener\"><span style=\"font-size: 14pt;\">4066 Tiszacsege, Kast\u00e9ly utca 13. &#8211; 1285 HRSZ<\/span><\/a><\/p><p><span style=\"font-size: 14pt;\"><a href=\"https:\/\/tiszacsege.hu\/wp-content\/uploads\/2024\/08\/ingatlanarveresi-hirdetmeny-Homokhat-I.-utca-19.pdf\" target=\"_blank\" rel=\"noopener\">4066 Tiszacsege, Homokh\u00e1t I. utca 19. &#8211; 1093 HRSZ<\/a><\/span><\/p><\/div>\n\t\t\t\t\t\t\t\t\t<div class=\"elementor-tab-title elementor-tab-mobile-title\" aria-selected=\"false\" data-tab=\"3\" role=\"tab\" tabindex=\"-1\" aria-controls=\"elementor-tab-content-1273\" aria-expanded=\"false\">Egy\u00e9b<\/div>\n\t\t\t\t\t<div id=\"elementor-tab-content-1273\" class=\"elementor-tab-content elementor-clearfix\" data-tab=\"3\" role=\"tabpanel\" aria-labelledby=\"elementor-tab-title-1273\" tabindex=\"0\" hidden=\"hidden\"><p><span style=\"font-size: 14pt;\"><a href=\"https:\/\/tiszacsege.hu\/wp-content\/uploads\/2026\/02\/hirdetmeny-2.pdf\">05-653300-205 k\u00f3dsz\u00e1m\u00fa vad\u00e1szter\u00fclet tulajdonosi k\u00f6z\u00f6ss\u00e9gi gy\u0171l\u00e9s \u00f6sszeh\u00edv\u00e1sa<\/a><\/span><\/p><p><a href=\"https:\/\/tiszacsege.hu\/wp-content\/uploads\/2026\/01\/Hirdetmeny.pdf\" target=\"_blank\" rel=\"noopener\"><span style=\"font-size: 14pt;\">A Debreceni J\u00e1r\u00e1sb\u00edr\u00f3s\u00e1g v\u00e9gz\u00e9se<\/span><\/a><\/p><\/div>\n\t\t\t\t\t\t\t\t\t<div class=\"elementor-tab-title elementor-tab-mobile-title\" aria-selected=\"false\" data-tab=\"4\" role=\"tab\" tabindex=\"-1\" aria-controls=\"elementor-tab-content-1274\" aria-expanded=\"false\">Tal\u00e1lt t\u00e1rgyak<\/div>\n\t\t\t\t\t<div id=\"elementor-tab-content-1274\" class=\"elementor-tab-content elementor-clearfix\" data-tab=\"4\" role=\"tabpanel\" aria-labelledby=\"elementor-tab-title-1274\" tabindex=\"0\" hidden=\"hidden\"><p style=\"text-align: center;\"><span style=\"color: #000000;\"><strong>T\u00e1j\u00e9koztat\u00f3<\/strong><\/span><\/p><p style=\"text-align: center;\"><span style=\"color: #000000;\"><strong>a Polg\u00e1ri T\u00f6rv\u00e9nyk\u00f6nyvr\u0151l sz\u00f3l\u00f3 2013. \u00e9vi V. t\u00f6rv\u00e9ny V. C\u00edm XVII. Fejezete alapj\u00e1n<\/strong><\/span><\/p><p><span style=\"color: #000000;\"><strong>A tal\u00e1l\u00f3 k\u00f6telezetts\u00e9gei:<\/strong><\/span><\/p><p style=\"text-align: justify;\"><span style=\"color: #000000;\"><u>A tal\u00e1l\u00f3 k\u00f6teles a tal\u00e1lt dolgot<\/u> a tal\u00e1l\u00e1st\u00f3l sz\u00e1m\u00edtott 8 napon bel\u00fcl a dolog elveszt\u0151j\u00e9nek, tulajdonos\u00e1nak, a dolog \u00e1tv\u00e9telre jogosult m\u00e1s szem\u00e9lynek vagy <u>a tal\u00e1l\u00e1s helye szerint illet\u00e9kes jegyz\u0151nek \u00e1tadni.<\/u><\/span><\/p><p style=\"text-align: justify;\"><span style=\"color: #000000;\">A tal\u00e1l\u00f3 a jegyz\u0151nek t\u00f6rt\u00e9n\u0151 \u00e1tad\u00e1skor <u>k\u00f6teles nyilatkozni<\/u> arra n\u00e9zve, hogy ig\u00e9nyt tart-e a dolog tulajdonjog\u00e1ra, err\u0151l a jegyz\u0151 igazol\u00e1st \u00e1ll\u00edt ki.<\/span><\/p><table><tbody><tr><td width=\"604\"><p><span style=\"color: #000000;\"><em>KIV\u00c9VE!<\/em><\/span><\/p><p style=\"text-align: justify;\"><span style=\"color: #000000;\"><em>A k\u00f6z\u00f6ns\u00e9g sz\u00e1m\u00e1ra nyitva \u00e1ll\u00f3 \u00e9p\u00fcletben vagy helyis\u00e9gben (pl. orvosi rendel\u0151, \u00fczlet, strand), tov\u00e1bb\u00e1 k\u00f6zforgalm\u00fa k\u00f6zleked\u00e9si \u00e9s sz\u00e1ll\u00edt\u00e1si v\u00e1llalat sz\u00e1ll\u00edt\u00f3eszk\u00f6z\u00e9n (pl. menetrend szerinti aut\u00f3buszon) tal\u00e1lt dolgot a tal\u00e1l\u00f3 k\u00f6teles az \u00fczemeltet\u0151 alkalmazottj\u00e1nak k\u00e9sedelem n\u00e9lk\u00fcl \u00e1tadni. Az ilyen dolog tulajdonjog\u00e1ra a tal\u00e1l\u00f3 nem tarthat ig\u00e9nyt!<\/em><\/span><\/p><\/td><\/tr><\/tbody><\/table><p><span style=\"color: #000000;\"><strong>A jegyz\u0151 elj\u00e1r\u00e1sa:<\/strong><\/span><\/p><p style=\"text-align: justify;\"><span style=\"color: #000000;\"><strong>I.<\/strong> Ha az \u00e1tadott dolog \u00e1tv\u00e9tel\u00e9re jogosult szem\u00e9lye egy\u00e9rtelm\u0171en meg\u00e1llap\u00edthat\u00f3, a jegyz\u0151 megkeresi \u00e9s t\u00e1j\u00e9koztatja, hogy a tal\u00e1lt dolgot a Tiszacsegei K\u00f6z\u00f6s \u00d6nkorm\u00e1nyzati Hivatalban, \u00fcgyf\u00e9lfogad\u00e1si id\u0151ben \u00e1tveheti. <\/span><\/p><p style=\"text-align: justify;\"><span style=\"color: #000000;\"><strong>II.<\/strong> Ha az \u00e1tv\u00e9telre jogosult szem\u00e9lye nem \u00e1llap\u00edthat\u00f3 meg, a jegyz\u0151 a tal\u00e1lt dolog \u00e1tv\u00e9tel\u00e9t\u0151l sz\u00e1m\u00edtott 3 h\u00f3napon \u00e1t azt meg\u0151rzi. Ha ezen id\u0151 alatt a jogosult nem jelentkezik:<\/span><\/p><p style=\"padding-left: 40px; text-align: justify;\"><span style=\"color: #000000;\">\u00a0&#8211; a tal\u00e1lt dolgot a tal\u00e1l\u00f3nak kiadja, felt\u00e9ve, hogy \u00e1tad\u00e1skori nyilatkozata szerint a dolog tulajdonjog\u00e1ra ig\u00e9nyt tart;<\/span><\/p><p style=\"padding-left: 40px; text-align: justify;\"><span style=\"color: #000000;\">\u00a0&#8211; a tal\u00e1lt dolgot \u00e9rt\u00e9kes\u00edti, felt\u00e9ve, hogy a tal\u00e1l\u00f3 \u00e1tad\u00e1skori nyilatkozata szerint a dolog tulajdonjog\u00e1ra nem tart ig\u00e9nyt.<\/span><\/p><p style=\"text-align: center;\"><strong><span style=\"color: #000000;\">FONTOS!<\/span><\/strong><\/p><p style=\"text-align: justify;\"><span style=\"color: #000000;\">Amennyiben a tal\u00e1lt dolog \u00e1tv\u00e9tel\u00e9re jogosult szem\u00e9ly a tal\u00e1lt dolog \u00e9rt\u00e9kes\u00edt\u00e9s\u00e9t k\u00f6vet\u0151en, de a tal\u00e1l\u00e1st\u00f3l sz\u00e1m\u00edtott 1 \u00e9ven bel\u00fcl jelentkezik, a jegyz\u0151 int\u00e9zkedik a befolyt \u00f6sszeg r\u00e9sz\u00e9re t\u00f6rt\u00e9n\u0151 kifizet\u00e9s\u00e9r\u0151l.<\/span><\/p><p style=\"text-align: justify;\"><span style=\"color: #000000;\">A fentiekben le\u00edrtak szerint a Tiszacsege v\u00e1ros k\u00f6zigazgat\u00e1si ter\u00fclet\u00e9n tal\u00e1lt dolgot a Tiszacsegei K\u00f6z\u00f6s \u00d6nkorm\u00e1nyzati Hivatal (4066 Tiszacsege, Kossuth u. 5.) titk\u00e1rs\u00e1g\u00e1n, a 14. sz\u00e1m\u00fa irod\u00e1ban lehet leadni, \u00fcgyf\u00e9lfogad\u00e1si id\u0151ben, tov\u00e1bb\u00e1 itt lehet \u00e9rdekl\u0151dni a jegyz\u0151nek \u00e1tadott \u00e9s \u00e1ltala \u0151rz\u00f6tt tal\u00e1lt dolgok ir\u00e1nt.<\/span><\/p><table><tbody><tr><td colspan=\"2\" width=\"604\"><p><span style=\"color: #000000;\"><strong>TAL\u00c1LT DOLOG<\/strong><\/span><\/p><\/td><\/tr><tr><td width=\"245\"><p><span style=\"color: #000000;\">Nyilv\u00e1ntart\u00e1si sorsz\u00e1ma:<\/span><\/p><\/td><td width=\"359\"><p><span style=\"color: #000000;\">1\/2025.<\/span><\/p><\/td><\/tr><tr><td width=\"245\"><p><span style=\"color: #000000;\">Megnevez\u00e9se:<\/span><\/p><\/td><td width=\"359\"><p><span style=\"color: #000000;\">ker\u00e9kp\u00e1r<\/span><\/p><\/td><\/tr><tr><td width=\"245\"><p><span style=\"color: #000000;\">T\u00edpusa:<\/span><\/p><\/td><td width=\"359\"><p><span style=\"color: #000000;\">feln\u0151tt, n\u0151i v\u00e1zas<\/span><\/p><\/td><\/tr><tr><td width=\"245\"><p><span style=\"color: #000000;\">Tal\u00e1l\u00e1s id\u0151pontja:<\/span><\/p><\/td><td width=\"359\"><p><span style=\"color: #000000;\">2025. janu\u00e1r 7.<\/span><\/p><\/td><\/tr><tr><td width=\"245\"><p><span style=\"color: #000000;\">\u00c1tv\u00e9tel id\u0151pontja:<\/span><\/p><\/td><td width=\"359\"><p><span style=\"color: #000000;\">2025. janu\u00e1r 7.<\/span><\/p><\/td><\/tr><tr><td width=\"245\"><p><span style=\"color: #000000;\">Meg\u0151rz\u00e9s utols\u00f3 napja:<\/span><\/p><\/td><td width=\"359\"><p><span style=\"color: #000000;\">2025. \u00e1prilis 7.<\/span><\/p><\/td><\/tr><tr><td width=\"245\"><p><span style=\"color: #000000;\">Jogosults\u00e1g igazol\u00e1s\u00e1nak m\u00f3dja:<\/span><\/p><\/td><td width=\"359\"><p><span style=\"color: #000000;\">a tal\u00e1lt dolog sz\u00edn\u00e9nek, felszerelts\u00e9g\u00e9nek ismertet\u00e9se<\/span><\/p><\/td><\/tr><tr><td width=\"245\"><p><span style=\"color: #000000;\">Tov\u00e1bbi inform\u00e1ci\u00f3k, egyeztet\u00e9s:<\/span><\/p><\/td><td width=\"359\"><p><span style=\"color: #000000;\">Tiszacsegei K\u00f6z\u00f6s \u00d6nkorm\u00e1nyzati Hivatal Titk\u00e1rs\u00e1g<\/span><\/p><p><span style=\"color: #000000;\">4066 Tiszacsege, Kossuth utca 5.<\/span><\/p><p><span style=\"color: #000000;\">Tel: 06-52\/588-405<\/span><\/p><p><span style=\"color: #000000;\">szem\u00e9lyesen vagy telefonon \u2013 \u00fcgyf\u00e9lfogad\u00e1si id\u0151ben<\/span><\/p><\/td><\/tr><\/tbody><\/table><\/div>\n\t\t\t\t\t\t\t<\/div>\n\t\t<\/div>\n\t\t\t\t\t\t<\/div>\n\t\t\t\t<\/div>\n\t\t\t\t\t<\/div>\n\t\t<\/div>\n\t\t\t\t\t<\/div>\n\t\t<\/section>\n\t\t\t\t<\/div>\n\t\t","protected":false},"excerpt":{"rendered":"<p>Term\u0151f\u00f6ld \u00c1rver\u00e9s Egy\u00e9b Tal\u00e1lt t\u00e1rgyak Term\u0151f\u00f6ld magyarorszag.hu &#8211; Hirdetm\u00e9nyek \u00c1rver\u00e9s 4066 Tiszacsege, Z\u00e1tony I. utca 17. &#8211; 2431 HRSZ 4066 Tiszacsege, J\u00f3zsef Attila utca 3. &#8211; 1377 HRSZ 4066 Tiszacsege, z\u00e1rtkert 5859\/2 HRSZ 4066 Tiszacsege, Zr\u00ednyi utca 19. &#8211; 2330 HRSZ 4066 Tiszacsege, Z\u00e1tony V. utca 5. &#8211; 2701 HRSZ 4066 Tiszacsege, Z\u00e1tony I. utca [&hellip;]<\/p>\n","protected":false},"author":1,"featured_media":0,"parent":0,"menu_order":0,"comment_status":"closed","ping_status":"closed","template":"","meta":{"_editorskit_title_hidden":false,"_editorskit_reading_time":0,"_editorskit_is_block_options_detached":false,"_editorskit_block_options_position":"{}","_crdt_document":"","footnotes":""},"folder":[],"class_list":["post-20182","page","type-page","status-publish","hentry"],"yoast_head":"<!-- This site is optimized with the Yoast SEO plugin v27.3 - https:\/\/yoast.com\/product\/yoast-seo-wordpress\/ -->\n<title>Hirdetm\u00e9nyek<\/title>\n<meta name=\"robots\" content=\"index, follow, max-snippet:-1, max-image-preview:large, max-video-preview:-1\" \/>\n<link rel=\"canonical\" href=\"https:\/\/tiszacsege.hu\/?page_id=20182\" \/>\n<meta property=\"og:locale\" content=\"hu_HU\" \/>\n<meta property=\"og:type\" content=\"article\" \/>\n<meta property=\"og:title\" content=\"Hirdetm\u00e9nyek\" \/>\n<meta property=\"og:description\" content=\"Term\u0151f\u00f6ld \u00c1rver\u00e9s Egy\u00e9b Tal\u00e1lt t\u00e1rgyak Term\u0151f\u00f6ld magyarorszag.hu &#8211; Hirdetm\u00e9nyek \u00c1rver\u00e9s 4066 Tiszacsege, Z\u00e1tony I. utca 17. &#8211; 2431 HRSZ 4066 Tiszacsege, J\u00f3zsef Attila utca 3. &#8211; 1377 HRSZ 4066 Tiszacsege, z\u00e1rtkert 5859\/2 HRSZ 4066 Tiszacsege, Zr\u00ednyi utca 19. &#8211; 2330 HRSZ 4066 Tiszacsege, Z\u00e1tony V. utca 5. &#8211; 2701 HRSZ 4066 Tiszacsege, Z\u00e1tony I. utca [&hellip;]\" \/>\n<meta property=\"og:url\" content=\"https:\/\/tiszacsege.hu\/?page_id=20182\" \/>\n<meta property=\"og:site_name\" content=\"Tiszacsege\" \/>\n<meta property=\"article:publisher\" content=\"https:\/\/www.facebook.com\/tiszacsegeonkormanyzata\" \/>\n<meta property=\"article:modified_time\" content=\"2026-02-16T09:46:36+00:00\" \/>\n<meta name=\"twitter:card\" content=\"summary_large_image\" \/>\n<script type=\"application\/ld+json\" class=\"yoast-schema-graph\">{\"@context\":\"https:\\\/\\\/schema.org\",\"@graph\":[{\"@type\":\"WebPage\",\"@id\":\"https:\\\/\\\/tiszacsege.hu\\\/?page_id=20182\",\"url\":\"https:\\\/\\\/tiszacsege.hu\\\/?page_id=20182\",\"name\":\"Hirdetm\u00e9nyek\",\"isPartOf\":{\"@id\":\"https:\\\/\\\/tiszacsege.hu\\\/#website\"},\"datePublished\":\"2022-08-15T07:32:49+00:00\",\"dateModified\":\"2026-02-16T09:46:36+00:00\",\"breadcrumb\":{\"@id\":\"https:\\\/\\\/tiszacsege.hu\\\/?page_id=20182#breadcrumb\"},\"inLanguage\":\"hu\",\"potentialAction\":[{\"@type\":\"ReadAction\",\"target\":[\"https:\\\/\\\/tiszacsege.hu\\\/?page_id=20182\"]}]},{\"@type\":\"BreadcrumbList\",\"@id\":\"https:\\\/\\\/tiszacsege.hu\\\/?page_id=20182#breadcrumb\",\"itemListElement\":[{\"@type\":\"ListItem\",\"position\":1,\"name\":\"Kezd\u0151lap\",\"item\":\"https:\\\/\\\/tiszacsege.hu\\\/\"},{\"@type\":\"ListItem\",\"position\":2,\"name\":\"Hirdetm\u00e9nyek\"}]},{\"@type\":\"WebSite\",\"@id\":\"https:\\\/\\\/tiszacsege.hu\\\/#website\",\"url\":\"https:\\\/\\\/tiszacsege.hu\\\/\",\"name\":\"Tiszacsege\",\"description\":\"Tiszacsege hivatalos honlapja\",\"publisher\":{\"@id\":\"https:\\\/\\\/tiszacsege.hu\\\/#organization\"},\"potentialAction\":[{\"@type\":\"SearchAction\",\"target\":{\"@type\":\"EntryPoint\",\"urlTemplate\":\"https:\\\/\\\/tiszacsege.hu\\\/?s={search_term_string}\"},\"query-input\":{\"@type\":\"PropertyValueSpecification\",\"valueRequired\":true,\"valueName\":\"search_term_string\"}}],\"inLanguage\":\"hu\"},{\"@type\":\"Organization\",\"@id\":\"https:\\\/\\\/tiszacsege.hu\\\/#organization\",\"name\":\"Tiszacsege\",\"url\":\"https:\\\/\\\/tiszacsege.hu\\\/\",\"logo\":{\"@type\":\"ImageObject\",\"inLanguage\":\"hu\",\"@id\":\"https:\\\/\\\/tiszacsege.hu\\\/#\\\/schema\\\/logo\\\/image\\\/\",\"url\":\"https:\\\/\\\/tiszacsege.hu\\\/wp-content\\\/uploads\\\/2020\\\/10\\\/tiszacsege_logo_rovid2-1.png\",\"contentUrl\":\"https:\\\/\\\/tiszacsege.hu\\\/wp-content\\\/uploads\\\/2020\\\/10\\\/tiszacsege_logo_rovid2-1.png\",\"width\":500,\"height\":150,\"caption\":\"Tiszacsege\"},\"image\":{\"@id\":\"https:\\\/\\\/tiszacsege.hu\\\/#\\\/schema\\\/logo\\\/image\\\/\"},\"sameAs\":[\"https:\\\/\\\/www.facebook.com\\\/tiszacsegeonkormanyzata\"]}]}<\/script>\n<!-- \/ Yoast SEO plugin. -->","yoast_head_json":{"title":"Hirdetm\u00e9nyek","robots":{"index":"index","follow":"follow","max-snippet":"max-snippet:-1","max-image-preview":"max-image-preview:large","max-video-preview":"max-video-preview:-1"},"canonical":"https:\/\/tiszacsege.hu\/?page_id=20182","og_locale":"hu_HU","og_type":"article","og_title":"Hirdetm\u00e9nyek","og_description":"Term\u0151f\u00f6ld \u00c1rver\u00e9s Egy\u00e9b Tal\u00e1lt t\u00e1rgyak Term\u0151f\u00f6ld magyarorszag.hu &#8211; Hirdetm\u00e9nyek \u00c1rver\u00e9s 4066 Tiszacsege, Z\u00e1tony I. utca 17. &#8211; 2431 HRSZ 4066 Tiszacsege, J\u00f3zsef Attila utca 3. &#8211; 1377 HRSZ 4066 Tiszacsege, z\u00e1rtkert 5859\/2 HRSZ 4066 Tiszacsege, Zr\u00ednyi utca 19. &#8211; 2330 HRSZ 4066 Tiszacsege, Z\u00e1tony V. utca 5. &#8211; 2701 HRSZ 4066 Tiszacsege, Z\u00e1tony I. utca [&hellip;]","og_url":"https:\/\/tiszacsege.hu\/?page_id=20182","og_site_name":"Tiszacsege","article_publisher":"https:\/\/www.facebook.com\/tiszacsegeonkormanyzata","article_modified_time":"2026-02-16T09:46:36+00:00","twitter_card":"summary_large_image","schema":{"@context":"https:\/\/schema.org","@graph":[{"@type":"WebPage","@id":"https:\/\/tiszacsege.hu\/?page_id=20182","url":"https:\/\/tiszacsege.hu\/?page_id=20182","name":"Hirdetm\u00e9nyek","isPartOf":{"@id":"https:\/\/tiszacsege.hu\/#website"},"datePublished":"2022-08-15T07:32:49+00:00","dateModified":"2026-02-16T09:46:36+00:00","breadcrumb":{"@id":"https:\/\/tiszacsege.hu\/?page_id=20182#breadcrumb"},"inLanguage":"hu","potentialAction":[{"@type":"ReadAction","target":["https:\/\/tiszacsege.hu\/?page_id=20182"]}]},{"@type":"BreadcrumbList","@id":"https:\/\/tiszacsege.hu\/?page_id=20182#breadcrumb","itemListElement":[{"@type":"ListItem","position":1,"name":"Kezd\u0151lap","item":"https:\/\/tiszacsege.hu\/"},{"@type":"ListItem","position":2,"name":"Hirdetm\u00e9nyek"}]},{"@type":"WebSite","@id":"https:\/\/tiszacsege.hu\/#website","url":"https:\/\/tiszacsege.hu\/","name":"Tiszacsege","description":"Tiszacsege hivatalos honlapja","publisher":{"@id":"https:\/\/tiszacsege.hu\/#organization"},"potentialAction":[{"@type":"SearchAction","target":{"@type":"EntryPoint","urlTemplate":"https:\/\/tiszacsege.hu\/?s={search_term_string}"},"query-input":{"@type":"PropertyValueSpecification","valueRequired":true,"valueName":"search_term_string"}}],"inLanguage":"hu"},{"@type":"Organization","@id":"https:\/\/tiszacsege.hu\/#organization","name":"Tiszacsege","url":"https:\/\/tiszacsege.hu\/","logo":{"@type":"ImageObject","inLanguage":"hu","@id":"https:\/\/tiszacsege.hu\/#\/schema\/logo\/image\/","url":"https:\/\/tiszacsege.hu\/wp-content\/uploads\/2020\/10\/tiszacsege_logo_rovid2-1.png","contentUrl":"https:\/\/tiszacsege.hu\/wp-content\/uploads\/2020\/10\/tiszacsege_logo_rovid2-1.png","width":500,"height":150,"caption":"Tiszacsege"},"image":{"@id":"https:\/\/tiszacsege.hu\/#\/schema\/logo\/image\/"},"sameAs":["https:\/\/www.facebook.com\/tiszacsegeonkormanyzata"]}]}},"_links":{"self":[{"href":"https:\/\/tiszacsege.hu\/index.php?rest_route=\/wp\/v2\/pages\/20182","targetHints":{"allow":["GET"]}}],"collection":[{"href":"https:\/\/tiszacsege.hu\/index.php?rest_route=\/wp\/v2\/pages"}],"about":[{"href":"https:\/\/tiszacsege.hu\/index.php?rest_route=\/wp\/v2\/types\/page"}],"author":[{"embeddable":true,"href":"https:\/\/tiszacsege.hu\/index.php?rest_route=\/wp\/v2\/users\/1"}],"replies":[{"embeddable":true,"href":"https:\/\/tiszacsege.hu\/index.php?rest_route=%2Fwp%2Fv2%2Fcomments&post=20182"}],"version-history":[{"count":662,"href":"https:\/\/tiszacsege.hu\/index.php?rest_route=\/wp\/v2\/pages\/20182\/revisions"}],"predecessor-version":[{"id":29090,"href":"https:\/\/tiszacsege.hu\/index.php?rest_route=\/wp\/v2\/pages\/20182\/revisions\/29090"}],"wp:attachment":[{"href":"https:\/\/tiszacsege.hu\/index.php?rest_route=%2Fwp%2Fv2%2Fmedia&parent=20182"}],"wp:term":[{"taxonomy":"folder","embeddable":true,"href":"https:\/\/tiszacsege.hu\/index.php?rest_route=%2Fwp%2Fv2%2Ffolder&post=20182"}],"curies":[{"name":"wp","href":"https:\/\/api.w.org\/{rel}","templated":true}]}}