{"id":20600,"date":"2025-06-03T11:10:54","date_gmt":"2025-06-03T09:10:54","guid":{"rendered":"https:\/\/tiszacsege.hu\/?page_id=20600"},"modified":"2026-02-02T14:18:53","modified_gmt":"2026-02-02T13:18:53","slug":"egeszsegugy-2","status":"publish","type":"page","link":"https:\/\/tiszacsege.hu\/?page_id=20600","title":{"rendered":"Eg\u00e9szs\u00e9g\u00fcgy"},"content":{"rendered":"\t\t<div data-elementor-type=\"wp-page\" data-elementor-id=\"20600\" class=\"elementor elementor-20600\">\n\t\t\t\t\t\t<section class=\"elementor-section elementor-top-section elementor-element elementor-element-429d885 elementor-section-boxed elementor-section-height-default elementor-section-height-default\" data-id=\"429d885\" data-element_type=\"section\" data-e-type=\"section\">\n\t\t\t\t\t\t<div class=\"elementor-container elementor-column-gap-default\">\n\t\t\t\t\t<div class=\"elementor-column elementor-col-100 elementor-top-column elementor-element elementor-element-a0c0657\" data-id=\"a0c0657\" data-element_type=\"column\" data-e-type=\"column\">\n\t\t\t<div class=\"elementor-widget-wrap elementor-element-populated\">\n\t\t\t\t\t\t<div class=\"elementor-element elementor-element-97044a5 elementor-tabs-view-horizontal elementor-widget elementor-widget-tabs\" data-id=\"97044a5\" data-element_type=\"widget\" data-e-type=\"widget\" data-widget_type=\"tabs.default\">\n\t\t\t\t<div class=\"elementor-widget-container\">\n\t\t\t\t\t\t\t<div class=\"elementor-tabs\">\n\t\t\t<div class=\"elementor-tabs-wrapper\" role=\"tablist\" >\n\t\t\t\t\t\t\t\t\t<div id=\"elementor-tab-title-1581\" class=\"elementor-tab-title elementor-tab-desktop-title\" aria-selected=\"true\" data-tab=\"1\" role=\"tab\" tabindex=\"0\" aria-controls=\"elementor-tab-content-1581\" aria-expanded=\"false\">H\u00e1ziorvosok<\/div>\n\t\t\t\t\t\t\t\t\t<div id=\"elementor-tab-title-1582\" class=\"elementor-tab-title elementor-tab-desktop-title\" aria-selected=\"false\" data-tab=\"2\" role=\"tab\" tabindex=\"-1\" aria-controls=\"elementor-tab-content-1582\" aria-expanded=\"false\">Fogorvosok<\/div>\n\t\t\t\t\t\t\t\t\t<div id=\"elementor-tab-title-1583\" class=\"elementor-tab-title elementor-tab-desktop-title\" aria-selected=\"false\" data-tab=\"3\" role=\"tab\" tabindex=\"-1\" aria-controls=\"elementor-tab-content-1583\" aria-expanded=\"false\">Gyermekorvos<\/div>\n\t\t\t\t\t\t\t\t\t<div id=\"elementor-tab-title-1584\" class=\"elementor-tab-title elementor-tab-desktop-title\" aria-selected=\"false\" data-tab=\"4\" role=\"tab\" tabindex=\"-1\" aria-controls=\"elementor-tab-content-1584\" aria-expanded=\"false\">V\u00e9d\u0151n\u0151i szolg\u00e1lat<\/div>\n\t\t\t\t\t\t\t<\/div>\n\t\t\t<div class=\"elementor-tabs-content-wrapper\" role=\"tablist\" aria-orientation=\"vertical\">\n\t\t\t\t\t\t\t\t\t<div class=\"elementor-tab-title elementor-tab-mobile-title\" aria-selected=\"true\" data-tab=\"1\" role=\"tab\" tabindex=\"0\" aria-controls=\"elementor-tab-content-1581\" aria-expanded=\"false\">H\u00e1ziorvosok<\/div>\n\t\t\t\t\t<div id=\"elementor-tab-content-1581\" class=\"elementor-tab-content elementor-clearfix\" data-tab=\"1\" role=\"tabpanel\" aria-labelledby=\"elementor-tab-title-1581\" tabindex=\"0\" hidden=\"false\"><p><span style=\"color: #000000; font-size: 18pt;\"><strong>1. sz\u00e1m\u00fa h\u00e1ziorvosi k\u00f6rzet<\/strong><\/span><\/p><p><span style=\"color: #000000; font-size: 14pt;\">(4066 Tiszacsege, F\u0151 utca 29.)<\/span><\/p><p>\u00a0<\/p><p><span style=\"color: #000000; font-size: 14pt;\"><strong><span style=\"color: #000000;\">Dr. T\u00f6lgyesi D\u00e1vid B\u00e9la<br \/><\/span><br \/><\/strong><\/span><\/p><p><strong><span style=\"text-decoration: underline; color: #000000; font-size: 14pt;\">Rendel\u00e9si id\u0151:<br \/><\/span><\/strong><em><span style=\"color: #000000; font-size: 14pt;\">(az eg\u00e9szs\u00e9g\u00fcgyi feladat-ell\u00e1t\u00e1si szerz\u0151d\u00e9s alapj\u00e1n)<\/span><\/em><\/p><p>\u00a0<\/p><p><span style=\"color: #000000; font-size: 14pt;\"><strong>H\u00e9tf\u0151:<\/strong> 7:00 &#8211; 11:00<\/span><\/p><p><span style=\"color: #000000; font-size: 14pt;\"><strong>Kedd:<\/strong> 13:00 &#8211; 17:00<\/span><\/p><p><span style=\"color: #000000; font-size: 14pt;\"><strong>Szerda:<\/strong> 13:00 &#8211; 17:00<\/span><\/p><p><span style=\"color: #000000; font-size: 14pt;\"><strong>Cs\u00fct\u00f6rt\u00f6k:<\/strong> 7:00 &#8211; 11:00<\/span><\/p><p><span style=\"color: #000000; font-size: 14pt;\"><strong>P\u00e9ntek:<\/strong> 7:00 &#8211; 11:00<\/span><\/p><p>\u00a0<\/p><p><strong><span style=\"text-decoration: underline; color: #000000; font-size: 14pt;\">Telefon:<\/span> <\/strong><span style=\"color: #000000; font-size: 14pt;\">06-30\/644-5557<\/span><\/p><p>\u00a0<\/p><hr \/><p><span style=\"font-size: 18pt; color: #000000;\"><strong>2. sz\u00e1m\u00fa h\u00e1ziorvosi k\u00f6rzet<\/strong><\/span><\/p><p><span style=\"font-size: 14pt; color: #000000;\">(4066 Tiszacsege, F\u0151 utca 42.)<\/span><\/p><p>\u00a0<\/p><p><span style=\"color: #000000;\"><strong><span style=\"font-size: 14pt;\">Dr. Kusicza Eszter<br \/><\/span><\/strong><span style=\"font-size: 14pt;\"><em><span style=\"color: #000000; font-size: 14pt;\"><br \/><\/span><\/em><\/span><\/span><span style=\"text-decoration: underline;\"><strong><span style=\"font-size: 14pt; color: #000000; text-decoration: underline;\">Rendel\u00e9si id\u0151:<br \/><\/span><\/strong><\/span><span style=\"font-size: 14pt; color: #000000;\"><span style=\"color: #000000;\"><span style=\"font-size: 14pt;\"><em><span style=\"color: #000000; font-size: 14pt;\">(az eg\u00e9szs\u00e9g\u00fcgyi feladat-ell\u00e1t\u00e1si szerz\u0151d\u00e9s alapj\u00e1n)<br \/><\/span><\/em><\/span><\/span><\/span><span style=\"text-decoration: underline;\"><strong><span style=\"font-size: 14pt; color: #000000; text-decoration: underline;\"><br \/><\/span><\/strong><\/span><\/p><p><span style=\"font-size: 14pt; color: #000000;\"><strong>H\u00e9tf\u0151:<\/strong> 13:00 \u2013 15:00<\/span><\/p><p><span style=\"font-size: 14pt; color: #000000;\"><strong>Kedd:<\/strong> 13:00 \u2013 15:00<\/span><\/p><p><span style=\"font-size: 14pt; color: #000000;\"><strong>Szerda:<\/strong> 13:00 \u2013 15:00<\/span><\/p><p><span style=\"font-size: 14pt; color: #000000;\"><strong>Cs\u00fct\u00f6rt\u00f6k:<\/strong> 10:00 \u2013 12:00<\/span><\/p><p><span style=\"font-size: 14pt; color: #000000;\"><strong>P\u00e9ntek:<\/strong> 13:00 \u2013 15:00<\/span><\/p><p>\u00a0<\/p><p><span style=\"font-size: 14pt; color: #000000;\"><strong><span style=\"text-decoration: underline;\">Telefon:<\/span><\/strong> 06-70\/525-0910<\/span><\/p><\/div>\n\t\t\t\t\t\t\t\t\t<div class=\"elementor-tab-title elementor-tab-mobile-title\" aria-selected=\"false\" data-tab=\"2\" role=\"tab\" tabindex=\"-1\" aria-controls=\"elementor-tab-content-1582\" aria-expanded=\"false\">Fogorvosok<\/div>\n\t\t\t\t\t<div id=\"elementor-tab-content-1582\" class=\"elementor-tab-content elementor-clearfix\" data-tab=\"2\" role=\"tabpanel\" aria-labelledby=\"elementor-tab-title-1582\" tabindex=\"0\" hidden=\"hidden\"><p><span style=\"font-size: 14pt; color: #000000;\"><strong><span style=\"font-size: 18pt;\">1. sz\u00e1m\u00fa fogorvosi k\u00f6rzet<\/span> <\/strong><\/span><\/p><p><span style=\"font-size: 14pt; color: #000000;\">(4066 Tiszacsege, Templom utca 8.)<br \/><br \/><\/span><\/p><p><span style=\"font-size: 14pt; color: #000000;\"><strong>Dr. Lambaz Rashed Adel Saleh<br \/><br \/><\/strong><\/span><\/p><p><span style=\"text-decoration: underline; color: #000000;\"><span style=\"font-size: 14pt;\"><strong>Rendel\u00e9si id\u0151:<\/strong><\/span><\/span><\/p><p><span style=\"font-size: 14pt; color: #000000;\"><strong>H\u00e9tf\u0151:<\/strong> \u2013<\/span><br \/><span style=\"font-size: 14pt; color: #000000;\"><strong>Kedd:<\/strong> 8:00 &#8211; 18:00<\/span><br \/><span style=\"font-size: 14pt; color: #000000;\"><strong>Szerda:<\/strong> 8:00 &#8211; 16:00<\/span><br \/><span style=\"font-size: 14pt; color: #000000;\"><strong>Cs\u00fct\u00f6rt\u00f6k:<\/strong> \u2013<\/span><br \/><span style=\"font-size: 14pt; color: #000000;\"><strong>P\u00e9ntek:<\/strong> 8:00 &#8211; 19:00<br \/><br \/><\/span><\/p><p><span style=\"font-size: 14pt; color: #000000;\"><strong><span style=\"text-decoration: underline;\">Telefon:<\/span><\/strong> 06-20\/218-6645<br \/><br \/><\/span><\/p><hr \/><p><span style=\"font-size: 14pt; color: #000000;\"><strong><span style=\"font-size: 18pt;\">2. sz\u00e1m\u00fa fogorvosi k\u00f6rzet<\/span> <\/strong><\/span><\/p><p><span style=\"font-size: 14pt; color: #000000;\">(4066 Tiszacsege, Templom utca 8.)<br \/><br \/><\/span><\/p><p><span style=\"font-size: 14pt; color: #000000;\"><strong>Dr. Lambaz Rashed Adel Saleh<br \/><br \/><\/strong><\/span><\/p><p><span style=\"text-decoration: underline; color: #000000;\"><span style=\"font-size: 14pt;\"><strong>Rendel\u00e9si id\u0151:<\/strong><\/span><\/span><\/p><p><span style=\"font-size: 14pt; color: #000000;\"><strong>H\u00e9tf\u0151:<\/strong> 8:00 &#8211; 19:00 \u00f3r\u00e1ig \u00dajszentmargitai telephely (8:00 &#8211; 9:00 prevenci\u00f3s rendel\u00e9s)<\/span><br \/><span style=\"font-size: 14pt; color: #000000;\"><strong>Kedd:<\/strong> &#8211;<\/span><br \/><span style=\"font-size: 14pt; color: #000000;\"><strong>Szerda:<\/strong> &#8211;<\/span><br \/><span style=\"font-size: 14pt; color: #000000;\"><strong>Cs\u00fct\u00f6rt\u00f6k:<\/strong> 8:00 &#8211; 19:00 \u00f3r\u00e1ig Tiszacsegei telephely (8:00-11:00 prevenci\u00f3s rendel\u00e9s)<\/span><br \/><span style=\"font-size: 14pt; color: #000000;\"><strong>P\u00e9ntek:<\/strong> &#8211;<\/span><\/p><p><span style=\"font-size: 14pt;\"><strong>Iskolafog\u00e1szat:<\/strong> Cs\u00fct\u00f6rt\u00f6k 11:00-15:00 \u00f3r\u00e1ig<\/span><\/p><\/div>\n\t\t\t\t\t\t\t\t\t<div class=\"elementor-tab-title elementor-tab-mobile-title\" aria-selected=\"false\" data-tab=\"3\" role=\"tab\" tabindex=\"-1\" aria-controls=\"elementor-tab-content-1583\" aria-expanded=\"false\">Gyermekorvos<\/div>\n\t\t\t\t\t<div id=\"elementor-tab-content-1583\" class=\"elementor-tab-content elementor-clearfix\" data-tab=\"3\" role=\"tabpanel\" aria-labelledby=\"elementor-tab-title-1583\" tabindex=\"0\" hidden=\"hidden\"><p><span style=\"color: #000000; font-size: 18pt;\"><strong>Dr. Ma\u00e1k Margit, gyermekorvos<\/strong><\/span><\/p><p><span style=\"font-size: 14pt; color: #000000;\">(4066 Tiszacsege, F\u0151 utca 29.)<br \/><br \/><\/span><\/p><p><span style=\"font-size: 14pt;\"><strong><span style=\"text-decoration: underline; color: #000000;\">Rendel\u00e9si id\u0151:<\/span><\/strong><\/span><\/p><p><span style=\"font-family: georgia, palatino, serif; font-size: 14pt; color: #000000;\"><strong>H\u00e9tf\u0151:<\/strong> 12:30-15:30<\/span><\/p><p><span style=\"color: #000000; font-size: 14pt;\"><strong>Kedd:<\/strong> &#8211;<\/span><\/p><p><span style=\"font-family: georgia, palatino, serif; font-size: 14pt; color: #000000;\"><strong>Szerda:<\/strong> 13:30-16:00<\/span><\/p><p><span style=\"font-family: georgia, palatino, serif; font-size: 14pt; color: #000000;\"><strong>Cs\u00fct\u00f6rt\u00f6k:<\/strong> 10:30-12:30<\/span><\/p><p><span style=\"color: #000000; font-size: 14pt;\"><strong>P\u00e9ntek:<\/strong> &#8211;<br \/><br \/><\/span><\/p><p><span style=\"font-size: 14pt;\"><span style=\"color: #000000;\"><strong><span style=\"text-decoration: underline;\">Telefon:<\/span><\/strong> \u00a0<\/span><span style=\"color: #000000;\">06-70\/513-2180<\/span><\/span><\/p><\/div>\n\t\t\t\t\t\t\t\t\t<div class=\"elementor-tab-title elementor-tab-mobile-title\" aria-selected=\"false\" data-tab=\"4\" role=\"tab\" tabindex=\"-1\" aria-controls=\"elementor-tab-content-1584\" aria-expanded=\"false\">V\u00e9d\u0151n\u0151i szolg\u00e1lat<\/div>\n\t\t\t\t\t<div id=\"elementor-tab-content-1584\" class=\"elementor-tab-content elementor-clearfix\" data-tab=\"4\" role=\"tabpanel\" aria-labelledby=\"elementor-tab-title-1584\" tabindex=\"0\" hidden=\"hidden\"><p><span style=\"font-size: 18pt; color: #000000;\"><strong>V\u00e9d\u0151n\u0151i szolg\u00e1lat<\/strong><\/span><\/p><p><span style=\"font-size: 14pt; color: #000000;\">(4066 Tiszacsege, F\u0151 utca 42.)<\/span><\/p><p><span style=\"text-decoration: underline; color: #000000; font-size: 14pt;\">Rendel\u00e9si id\u0151:<\/span><\/p><p><span style=\"text-decoration: underline; color: #000000; font-size: 14pt;\">Telefon:<\/span><\/p><\/div>\n\t\t\t\t\t\t\t<\/div>\n\t\t<\/div>\n\t\t\t\t\t\t<\/div>\n\t\t\t\t<\/div>\n\t\t\t\t\t<\/div>\n\t\t<\/div>\n\t\t\t\t\t<\/div>\n\t\t<\/section>\n\t\t\t\t<\/div>\n\t\t","protected":false},"excerpt":{"rendered":"<p>H\u00e1ziorvosok Fogorvosok Gyermekorvos V\u00e9d\u0151n\u0151i szolg\u00e1lat H\u00e1ziorvosok 1. sz\u00e1m\u00fa h\u00e1ziorvosi k\u00f6rzet (4066 Tiszacsege, F\u0151 utca 29.) \u00a0 Dr. T\u00f6lgyesi D\u00e1vid B\u00e9la Rendel\u00e9si id\u0151:(az eg\u00e9szs\u00e9g\u00fcgyi feladat-ell\u00e1t\u00e1si szerz\u0151d\u00e9s alapj\u00e1n) \u00a0 H\u00e9tf\u0151: 7:00 &#8211; 11:00 Kedd: 13:00 &#8211; 17:00 Szerda: 13:00 &#8211; 17:00 Cs\u00fct\u00f6rt\u00f6k: 7:00 &#8211; 11:00 P\u00e9ntek: 7:00 &#8211; 11:00 \u00a0 Telefon: 06-30\/644-5557 \u00a0 2. sz\u00e1m\u00fa h\u00e1ziorvosi k\u00f6rzet [&hellip;]<\/p>\n","protected":false},"author":1,"featured_media":0,"parent":0,"menu_order":0,"comment_status":"closed","ping_status":"closed","template":"","meta":{"_editorskit_title_hidden":false,"_editorskit_reading_time":0,"_editorskit_is_block_options_detached":false,"_editorskit_block_options_position":"{}","_crdt_document":"","footnotes":""},"folder":[],"class_list":["post-20600","page","type-page","status-publish","hentry"],"yoast_head":"<!-- This site is optimized with the Yoast SEO plugin v27.4 - https:\/\/yoast.com\/product\/yoast-seo-wordpress\/ -->\n<title>Eg\u00e9szs\u00e9g\u00fcgy<\/title>\n<meta name=\"robots\" content=\"index, follow, max-snippet:-1, max-image-preview:large, max-video-preview:-1\" \/>\n<link rel=\"canonical\" href=\"https:\/\/tiszacsege.hu\/?page_id=20600\" \/>\n<meta property=\"og:locale\" content=\"hu_HU\" \/>\n<meta property=\"og:type\" content=\"article\" \/>\n<meta property=\"og:title\" content=\"Eg\u00e9szs\u00e9g\u00fcgy\" \/>\n<meta property=\"og:description\" content=\"H\u00e1ziorvosok Fogorvosok Gyermekorvos V\u00e9d\u0151n\u0151i szolg\u00e1lat H\u00e1ziorvosok 1. sz\u00e1m\u00fa h\u00e1ziorvosi k\u00f6rzet (4066 Tiszacsege, F\u0151 utca 29.) \u00a0 Dr. T\u00f6lgyesi D\u00e1vid B\u00e9la Rendel\u00e9si id\u0151:(az eg\u00e9szs\u00e9g\u00fcgyi feladat-ell\u00e1t\u00e1si szerz\u0151d\u00e9s alapj\u00e1n) \u00a0 H\u00e9tf\u0151: 7:00 &#8211; 11:00 Kedd: 13:00 &#8211; 17:00 Szerda: 13:00 &#8211; 17:00 Cs\u00fct\u00f6rt\u00f6k: 7:00 &#8211; 11:00 P\u00e9ntek: 7:00 &#8211; 11:00 \u00a0 Telefon: 06-30\/644-5557 \u00a0 2. sz\u00e1m\u00fa h\u00e1ziorvosi k\u00f6rzet [&hellip;]\" \/>\n<meta property=\"og:url\" content=\"https:\/\/tiszacsege.hu\/?page_id=20600\" \/>\n<meta property=\"og:site_name\" content=\"Tiszacsege\" \/>\n<meta property=\"article:publisher\" content=\"https:\/\/www.facebook.com\/tiszacsegeonkormanyzata\" \/>\n<meta property=\"article:modified_time\" content=\"2026-02-02T13:18:53+00:00\" \/>\n<meta name=\"twitter:card\" content=\"summary_large_image\" \/>\n<script type=\"application\/ld+json\" class=\"yoast-schema-graph\">{\"@context\":\"https:\\\/\\\/schema.org\",\"@graph\":[{\"@type\":\"WebPage\",\"@id\":\"https:\\\/\\\/tiszacsege.hu\\\/?page_id=20600\",\"url\":\"https:\\\/\\\/tiszacsege.hu\\\/?page_id=20600\",\"name\":\"Eg\u00e9szs\u00e9g\u00fcgy\",\"isPartOf\":{\"@id\":\"https:\\\/\\\/tiszacsege.hu\\\/#website\"},\"datePublished\":\"2025-06-03T09:10:54+00:00\",\"dateModified\":\"2026-02-02T13:18:53+00:00\",\"breadcrumb\":{\"@id\":\"https:\\\/\\\/tiszacsege.hu\\\/?page_id=20600#breadcrumb\"},\"inLanguage\":\"hu\",\"potentialAction\":[{\"@type\":\"ReadAction\",\"target\":[\"https:\\\/\\\/tiszacsege.hu\\\/?page_id=20600\"]}]},{\"@type\":\"BreadcrumbList\",\"@id\":\"https:\\\/\\\/tiszacsege.hu\\\/?page_id=20600#breadcrumb\",\"itemListElement\":[{\"@type\":\"ListItem\",\"position\":1,\"name\":\"Kezd\u0151lap\",\"item\":\"https:\\\/\\\/tiszacsege.hu\\\/\"},{\"@type\":\"ListItem\",\"position\":2,\"name\":\"Eg\u00e9szs\u00e9g\u00fcgy\"}]},{\"@type\":\"WebSite\",\"@id\":\"https:\\\/\\\/tiszacsege.hu\\\/#website\",\"url\":\"https:\\\/\\\/tiszacsege.hu\\\/\",\"name\":\"Tiszacsege\",\"description\":\"Tiszacsege hivatalos honlapja\",\"publisher\":{\"@id\":\"https:\\\/\\\/tiszacsege.hu\\\/#organization\"},\"potentialAction\":[{\"@type\":\"SearchAction\",\"target\":{\"@type\":\"EntryPoint\",\"urlTemplate\":\"https:\\\/\\\/tiszacsege.hu\\\/?s={search_term_string}\"},\"query-input\":{\"@type\":\"PropertyValueSpecification\",\"valueRequired\":true,\"valueName\":\"search_term_string\"}}],\"inLanguage\":\"hu\"},{\"@type\":\"Organization\",\"@id\":\"https:\\\/\\\/tiszacsege.hu\\\/#organization\",\"name\":\"Tiszacsege\",\"url\":\"https:\\\/\\\/tiszacsege.hu\\\/\",\"logo\":{\"@type\":\"ImageObject\",\"inLanguage\":\"hu\",\"@id\":\"https:\\\/\\\/tiszacsege.hu\\\/#\\\/schema\\\/logo\\\/image\\\/\",\"url\":\"https:\\\/\\\/tiszacsege.hu\\\/wp-content\\\/uploads\\\/2020\\\/10\\\/tiszacsege_logo_rovid2-1.png\",\"contentUrl\":\"https:\\\/\\\/tiszacsege.hu\\\/wp-content\\\/uploads\\\/2020\\\/10\\\/tiszacsege_logo_rovid2-1.png\",\"width\":500,\"height\":150,\"caption\":\"Tiszacsege\"},\"image\":{\"@id\":\"https:\\\/\\\/tiszacsege.hu\\\/#\\\/schema\\\/logo\\\/image\\\/\"},\"sameAs\":[\"https:\\\/\\\/www.facebook.com\\\/tiszacsegeonkormanyzata\"]}]}<\/script>\n<!-- \/ Yoast SEO plugin. -->","yoast_head_json":{"title":"Eg\u00e9szs\u00e9g\u00fcgy","robots":{"index":"index","follow":"follow","max-snippet":"max-snippet:-1","max-image-preview":"max-image-preview:large","max-video-preview":"max-video-preview:-1"},"canonical":"https:\/\/tiszacsege.hu\/?page_id=20600","og_locale":"hu_HU","og_type":"article","og_title":"Eg\u00e9szs\u00e9g\u00fcgy","og_description":"H\u00e1ziorvosok Fogorvosok Gyermekorvos V\u00e9d\u0151n\u0151i szolg\u00e1lat H\u00e1ziorvosok 1. sz\u00e1m\u00fa h\u00e1ziorvosi k\u00f6rzet (4066 Tiszacsege, F\u0151 utca 29.) \u00a0 Dr. T\u00f6lgyesi D\u00e1vid B\u00e9la Rendel\u00e9si id\u0151:(az eg\u00e9szs\u00e9g\u00fcgyi feladat-ell\u00e1t\u00e1si szerz\u0151d\u00e9s alapj\u00e1n) \u00a0 H\u00e9tf\u0151: 7:00 &#8211; 11:00 Kedd: 13:00 &#8211; 17:00 Szerda: 13:00 &#8211; 17:00 Cs\u00fct\u00f6rt\u00f6k: 7:00 &#8211; 11:00 P\u00e9ntek: 7:00 &#8211; 11:00 \u00a0 Telefon: 06-30\/644-5557 \u00a0 2. sz\u00e1m\u00fa h\u00e1ziorvosi k\u00f6rzet [&hellip;]","og_url":"https:\/\/tiszacsege.hu\/?page_id=20600","og_site_name":"Tiszacsege","article_publisher":"https:\/\/www.facebook.com\/tiszacsegeonkormanyzata","article_modified_time":"2026-02-02T13:18:53+00:00","twitter_card":"summary_large_image","schema":{"@context":"https:\/\/schema.org","@graph":[{"@type":"WebPage","@id":"https:\/\/tiszacsege.hu\/?page_id=20600","url":"https:\/\/tiszacsege.hu\/?page_id=20600","name":"Eg\u00e9szs\u00e9g\u00fcgy","isPartOf":{"@id":"https:\/\/tiszacsege.hu\/#website"},"datePublished":"2025-06-03T09:10:54+00:00","dateModified":"2026-02-02T13:18:53+00:00","breadcrumb":{"@id":"https:\/\/tiszacsege.hu\/?page_id=20600#breadcrumb"},"inLanguage":"hu","potentialAction":[{"@type":"ReadAction","target":["https:\/\/tiszacsege.hu\/?page_id=20600"]}]},{"@type":"BreadcrumbList","@id":"https:\/\/tiszacsege.hu\/?page_id=20600#breadcrumb","itemListElement":[{"@type":"ListItem","position":1,"name":"Kezd\u0151lap","item":"https:\/\/tiszacsege.hu\/"},{"@type":"ListItem","position":2,"name":"Eg\u00e9szs\u00e9g\u00fcgy"}]},{"@type":"WebSite","@id":"https:\/\/tiszacsege.hu\/#website","url":"https:\/\/tiszacsege.hu\/","name":"Tiszacsege","description":"Tiszacsege hivatalos honlapja","publisher":{"@id":"https:\/\/tiszacsege.hu\/#organization"},"potentialAction":[{"@type":"SearchAction","target":{"@type":"EntryPoint","urlTemplate":"https:\/\/tiszacsege.hu\/?s={search_term_string}"},"query-input":{"@type":"PropertyValueSpecification","valueRequired":true,"valueName":"search_term_string"}}],"inLanguage":"hu"},{"@type":"Organization","@id":"https:\/\/tiszacsege.hu\/#organization","name":"Tiszacsege","url":"https:\/\/tiszacsege.hu\/","logo":{"@type":"ImageObject","inLanguage":"hu","@id":"https:\/\/tiszacsege.hu\/#\/schema\/logo\/image\/","url":"https:\/\/tiszacsege.hu\/wp-content\/uploads\/2020\/10\/tiszacsege_logo_rovid2-1.png","contentUrl":"https:\/\/tiszacsege.hu\/wp-content\/uploads\/2020\/10\/tiszacsege_logo_rovid2-1.png","width":500,"height":150,"caption":"Tiszacsege"},"image":{"@id":"https:\/\/tiszacsege.hu\/#\/schema\/logo\/image\/"},"sameAs":["https:\/\/www.facebook.com\/tiszacsegeonkormanyzata"]}]}},"_links":{"self":[{"href":"https:\/\/tiszacsege.hu\/index.php?rest_route=\/wp\/v2\/pages\/20600","targetHints":{"allow":["GET"]}}],"collection":[{"href":"https:\/\/tiszacsege.hu\/index.php?rest_route=\/wp\/v2\/pages"}],"about":[{"href":"https:\/\/tiszacsege.hu\/index.php?rest_route=\/wp\/v2\/types\/page"}],"author":[{"embeddable":true,"href":"https:\/\/tiszacsege.hu\/index.php?rest_route=\/wp\/v2\/users\/1"}],"replies":[{"embeddable":true,"href":"https:\/\/tiszacsege.hu\/index.php?rest_route=%2Fwp%2Fv2%2Fcomments&post=20600"}],"version-history":[{"count":56,"href":"https:\/\/tiszacsege.hu\/index.php?rest_route=\/wp\/v2\/pages\/20600\/revisions"}],"predecessor-version":[{"id":28977,"href":"https:\/\/tiszacsege.hu\/index.php?rest_route=\/wp\/v2\/pages\/20600\/revisions\/28977"}],"wp:attachment":[{"href":"https:\/\/tiszacsege.hu\/index.php?rest_route=%2Fwp%2Fv2%2Fmedia&parent=20600"}],"wp:term":[{"taxonomy":"folder","embeddable":true,"href":"https:\/\/tiszacsege.hu\/index.php?rest_route=%2Fwp%2Fv2%2Ffolder&post=20600"}],"curies":[{"name":"wp","href":"https:\/\/api.w.org\/{rel}","templated":true}]}}