{"id":22940,"date":"2023-10-27T09:04:19","date_gmt":"2023-10-27T07:04:19","guid":{"rendered":"https:\/\/tiszacsege.hu\/?page_id=22940"},"modified":"2026-01-28T11:35:18","modified_gmt":"2026-01-28T10:35:18","slug":"valasztasi-ugyintezes","status":"publish","type":"page","link":"https:\/\/tiszacsege.hu\/?page_id=22940","title":{"rendered":"V\u00e1laszt\u00e1si \u00fcgyint\u00e9z\u00e9s"},"content":{"rendered":"\n<p class=\"has-medium-font-size wp-block-paragraph\">V\u00e1laszt\u00f3polg\u00e1rk\u00e9nt \u00e9s uni\u00f3s \u00e1llampolg\u00e1rk\u00e9nt a magyarorsz\u00e1gi v\u00e1laszt\u00e1sokhoz kapcsol\u00f3d\u00f3an sz\u00e1mos \u00fcgyben van lehet\u0151s\u00e9ge k\u00e9relmet beny\u00fajtani.<\/p>\n\n\n\n<div style=\"height:20px\" aria-hidden=\"true\" class=\"wp-block-spacer\"><\/div>\n\n\n\n<p class=\"has-medium-font-size wp-block-paragraph\">K\u00fclhoni magyar \u00e1llampolg\u00e1rk\u00e9nt vagy nemzetis\u00e9gik\u00e9nt regisztr\u00e1lhat a v\u00e1laszt\u00e1sokra, mozg\u00f3urn\u00e1t ig\u00e9nyelhet a szavaz\u00e1s\u00e1hoz, illetve lak\u00f3hely\u00e9t\u0151l elt\u00e9r\u0151 szavaz\u00f3k\u00f6rben vagy k\u00fclf\u00f6ld\u00f6n val\u00f3 szavaz\u00e1shoz is k\u00e9relmet ny\u00fajthat be.<\/p>\n\n\n\n<div style=\"height:20px\" aria-hidden=\"true\" class=\"wp-block-spacer\"><\/div>\n\n\n\n<p class=\"has-medium-font-size wp-block-paragraph\">A beny\u00fajthat\u00f3 k\u00e9relmek k\u00f6z\u00fcl aszerint v\u00e1laszthat, hogy rendelkezik-e magyarorsz\u00e1gi lakc\u00edmmel.<\/p>\n\n\n\n<div style=\"height:20px\" aria-hidden=\"true\" class=\"wp-block-spacer\"><\/div>\n\n\n\n<p class=\"has-text-align-center has-medium-font-size wp-block-paragraph\"><strong>\u00dcgyint\u00e9z\u00e9s ind\u00edt\u00e1s\u00e1hoz \u00e9s b\u0151vebb inform\u00e1ci\u00f3k\u00e9rt k\u00e9rem kattintson az al\u00e1bbi k\u00e9pre.<\/strong><\/p>\n\n\n\n<div style=\"height:20px\" aria-hidden=\"true\" class=\"wp-block-spacer\"><\/div>\n\n\n\n<figure class=\"wp-block-image size-large\"><a href=\"https:\/\/www.valasztas.hu\/valasztopolgaroknak\" target=\"_blank\" rel=\"noreferrer noopener\"><img fetchpriority=\"high\" decoding=\"async\" width=\"1280\" height=\"720\" src=\"https:\/\/tiszacsege.hu\/wp-content\/uploads\/2023\/10\/valasztas-1280x720.jpg\" alt=\"\" class=\"wp-image-22941\" srcset=\"https:\/\/tiszacsege.hu\/wp-content\/uploads\/2023\/10\/valasztas-1280x720.jpg 1280w, https:\/\/tiszacsege.hu\/wp-content\/uploads\/2023\/10\/valasztas-567x319.jpg 567w, https:\/\/tiszacsege.hu\/wp-content\/uploads\/2023\/10\/valasztas-175x98.jpg 175w, https:\/\/tiszacsege.hu\/wp-content\/uploads\/2023\/10\/valasztas.jpg 780w\" sizes=\"(max-width: 1280px) 100vw, 1280px\" \/><\/a><\/figure>\n","protected":false},"excerpt":{"rendered":"<p>V\u00e1laszt\u00f3polg\u00e1rk\u00e9nt \u00e9s uni\u00f3s \u00e1llampolg\u00e1rk\u00e9nt a magyarorsz\u00e1gi v\u00e1laszt\u00e1sokhoz kapcsol\u00f3d\u00f3an sz\u00e1mos \u00fcgyben van lehet\u0151s\u00e9ge k\u00e9relmet beny\u00fajtani. K\u00fclhoni magyar \u00e1llampolg\u00e1rk\u00e9nt vagy nemzetis\u00e9gik\u00e9nt regisztr\u00e1lhat a v\u00e1laszt\u00e1sokra, mozg\u00f3urn\u00e1t ig\u00e9nyelhet a szavaz\u00e1s\u00e1hoz, illetve lak\u00f3hely\u00e9t\u0151l elt\u00e9r\u0151 szavaz\u00f3k\u00f6rben vagy k\u00fclf\u00f6ld\u00f6n val\u00f3 szavaz\u00e1shoz is k\u00e9relmet ny\u00fajthat be. A beny\u00fajthat\u00f3 k\u00e9relmek k\u00f6z\u00fcl aszerint v\u00e1laszthat, hogy rendelkezik-e magyarorsz\u00e1gi lakc\u00edmmel. \u00dcgyint\u00e9z\u00e9s ind\u00edt\u00e1s\u00e1hoz \u00e9s b\u0151vebb inform\u00e1ci\u00f3k\u00e9rt k\u00e9rem kattintson [&hellip;]<\/p>\n","protected":false},"author":1,"featured_media":0,"parent":0,"menu_order":0,"comment_status":"closed","ping_status":"closed","template":"","meta":{"_editorskit_title_hidden":false,"_editorskit_reading_time":0,"_editorskit_is_block_options_detached":false,"_editorskit_block_options_position":"{}","_crdt_document":"","footnotes":""},"folder":[],"class_list":["post-22940","page","type-page","status-publish","hentry"],"yoast_head":"<!-- This site is optimized with the Yoast SEO plugin v27.3 - https:\/\/yoast.com\/product\/yoast-seo-wordpress\/ -->\n<title>V\u00e1laszt\u00e1si \u00fcgyint\u00e9z\u00e9s<\/title>\n<meta name=\"robots\" content=\"index, follow, max-snippet:-1, max-image-preview:large, max-video-preview:-1\" \/>\n<link rel=\"canonical\" href=\"https:\/\/tiszacsege.hu\/?page_id=22940\" \/>\n<meta property=\"og:locale\" content=\"hu_HU\" \/>\n<meta property=\"og:type\" content=\"article\" \/>\n<meta property=\"og:title\" content=\"V\u00e1laszt\u00e1si \u00fcgyint\u00e9z\u00e9s\" \/>\n<meta property=\"og:description\" content=\"V\u00e1laszt\u00f3polg\u00e1rk\u00e9nt \u00e9s uni\u00f3s \u00e1llampolg\u00e1rk\u00e9nt a magyarorsz\u00e1gi v\u00e1laszt\u00e1sokhoz kapcsol\u00f3d\u00f3an sz\u00e1mos \u00fcgyben van lehet\u0151s\u00e9ge k\u00e9relmet beny\u00fajtani. K\u00fclhoni magyar \u00e1llampolg\u00e1rk\u00e9nt vagy nemzetis\u00e9gik\u00e9nt regisztr\u00e1lhat a v\u00e1laszt\u00e1sokra, mozg\u00f3urn\u00e1t ig\u00e9nyelhet a szavaz\u00e1s\u00e1hoz, illetve lak\u00f3hely\u00e9t\u0151l elt\u00e9r\u0151 szavaz\u00f3k\u00f6rben vagy k\u00fclf\u00f6ld\u00f6n val\u00f3 szavaz\u00e1shoz is k\u00e9relmet ny\u00fajthat be. A beny\u00fajthat\u00f3 k\u00e9relmek k\u00f6z\u00fcl aszerint v\u00e1laszthat, hogy rendelkezik-e magyarorsz\u00e1gi lakc\u00edmmel. \u00dcgyint\u00e9z\u00e9s ind\u00edt\u00e1s\u00e1hoz \u00e9s b\u0151vebb inform\u00e1ci\u00f3k\u00e9rt k\u00e9rem kattintson [&hellip;]\" \/>\n<meta property=\"og:url\" content=\"https:\/\/tiszacsege.hu\/?page_id=22940\" \/>\n<meta property=\"og:site_name\" content=\"Tiszacsege\" \/>\n<meta property=\"article:publisher\" content=\"https:\/\/www.facebook.com\/tiszacsegeonkormanyzata\" \/>\n<meta property=\"article:modified_time\" content=\"2026-01-28T10:35:18+00:00\" \/>\n<meta property=\"og:image\" content=\"https:\/\/tiszacsege.hu\/wp-content\/uploads\/2023\/10\/valasztas-1280x720.jpg\" \/>\n<meta name=\"twitter:card\" content=\"summary_large_image\" \/>\n<script type=\"application\/ld+json\" class=\"yoast-schema-graph\">{\"@context\":\"https:\\\/\\\/schema.org\",\"@graph\":[{\"@type\":\"WebPage\",\"@id\":\"https:\\\/\\\/tiszacsege.hu\\\/?page_id=22940\",\"url\":\"https:\\\/\\\/tiszacsege.hu\\\/?page_id=22940\",\"name\":\"V\u00e1laszt\u00e1si \u00fcgyint\u00e9z\u00e9s\",\"isPartOf\":{\"@id\":\"https:\\\/\\\/tiszacsege.hu\\\/#website\"},\"primaryImageOfPage\":{\"@id\":\"https:\\\/\\\/tiszacsege.hu\\\/?page_id=22940#primaryimage\"},\"image\":{\"@id\":\"https:\\\/\\\/tiszacsege.hu\\\/?page_id=22940#primaryimage\"},\"thumbnailUrl\":\"https:\\\/\\\/tiszacsege.hu\\\/wp-content\\\/uploads\\\/2023\\\/10\\\/valasztas-1280x720.jpg\",\"datePublished\":\"2023-10-27T07:04:19+00:00\",\"dateModified\":\"2026-01-28T10:35:18+00:00\",\"breadcrumb\":{\"@id\":\"https:\\\/\\\/tiszacsege.hu\\\/?page_id=22940#breadcrumb\"},\"inLanguage\":\"hu\",\"potentialAction\":[{\"@type\":\"ReadAction\",\"target\":[\"https:\\\/\\\/tiszacsege.hu\\\/?page_id=22940\"]}]},{\"@type\":\"ImageObject\",\"inLanguage\":\"hu\",\"@id\":\"https:\\\/\\\/tiszacsege.hu\\\/?page_id=22940#primaryimage\",\"url\":\"https:\\\/\\\/tiszacsege.hu\\\/wp-content\\\/uploads\\\/2023\\\/10\\\/valasztas.jpg\",\"contentUrl\":\"https:\\\/\\\/tiszacsege.hu\\\/wp-content\\\/uploads\\\/2023\\\/10\\\/valasztas.jpg\",\"width\":780,\"height\":439},{\"@type\":\"BreadcrumbList\",\"@id\":\"https:\\\/\\\/tiszacsege.hu\\\/?page_id=22940#breadcrumb\",\"itemListElement\":[{\"@type\":\"ListItem\",\"position\":1,\"name\":\"Kezd\u0151lap\",\"item\":\"https:\\\/\\\/tiszacsege.hu\\\/\"},{\"@type\":\"ListItem\",\"position\":2,\"name\":\"V\u00e1laszt\u00e1si \u00fcgyint\u00e9z\u00e9s\"}]},{\"@type\":\"WebSite\",\"@id\":\"https:\\\/\\\/tiszacsege.hu\\\/#website\",\"url\":\"https:\\\/\\\/tiszacsege.hu\\\/\",\"name\":\"Tiszacsege\",\"description\":\"Tiszacsege hivatalos honlapja\",\"publisher\":{\"@id\":\"https:\\\/\\\/tiszacsege.hu\\\/#organization\"},\"potentialAction\":[{\"@type\":\"SearchAction\",\"target\":{\"@type\":\"EntryPoint\",\"urlTemplate\":\"https:\\\/\\\/tiszacsege.hu\\\/?s={search_term_string}\"},\"query-input\":{\"@type\":\"PropertyValueSpecification\",\"valueRequired\":true,\"valueName\":\"search_term_string\"}}],\"inLanguage\":\"hu\"},{\"@type\":\"Organization\",\"@id\":\"https:\\\/\\\/tiszacsege.hu\\\/#organization\",\"name\":\"Tiszacsege\",\"url\":\"https:\\\/\\\/tiszacsege.hu\\\/\",\"logo\":{\"@type\":\"ImageObject\",\"inLanguage\":\"hu\",\"@id\":\"https:\\\/\\\/tiszacsege.hu\\\/#\\\/schema\\\/logo\\\/image\\\/\",\"url\":\"https:\\\/\\\/tiszacsege.hu\\\/wp-content\\\/uploads\\\/2020\\\/10\\\/tiszacsege_logo_rovid2-1.png\",\"contentUrl\":\"https:\\\/\\\/tiszacsege.hu\\\/wp-content\\\/uploads\\\/2020\\\/10\\\/tiszacsege_logo_rovid2-1.png\",\"width\":500,\"height\":150,\"caption\":\"Tiszacsege\"},\"image\":{\"@id\":\"https:\\\/\\\/tiszacsege.hu\\\/#\\\/schema\\\/logo\\\/image\\\/\"},\"sameAs\":[\"https:\\\/\\\/www.facebook.com\\\/tiszacsegeonkormanyzata\"]}]}<\/script>\n<!-- \/ Yoast SEO plugin. -->","yoast_head_json":{"title":"V\u00e1laszt\u00e1si \u00fcgyint\u00e9z\u00e9s","robots":{"index":"index","follow":"follow","max-snippet":"max-snippet:-1","max-image-preview":"max-image-preview:large","max-video-preview":"max-video-preview:-1"},"canonical":"https:\/\/tiszacsege.hu\/?page_id=22940","og_locale":"hu_HU","og_type":"article","og_title":"V\u00e1laszt\u00e1si \u00fcgyint\u00e9z\u00e9s","og_description":"V\u00e1laszt\u00f3polg\u00e1rk\u00e9nt \u00e9s uni\u00f3s \u00e1llampolg\u00e1rk\u00e9nt a magyarorsz\u00e1gi v\u00e1laszt\u00e1sokhoz kapcsol\u00f3d\u00f3an sz\u00e1mos \u00fcgyben van lehet\u0151s\u00e9ge k\u00e9relmet beny\u00fajtani. K\u00fclhoni magyar \u00e1llampolg\u00e1rk\u00e9nt vagy nemzetis\u00e9gik\u00e9nt regisztr\u00e1lhat a v\u00e1laszt\u00e1sokra, mozg\u00f3urn\u00e1t ig\u00e9nyelhet a szavaz\u00e1s\u00e1hoz, illetve lak\u00f3hely\u00e9t\u0151l elt\u00e9r\u0151 szavaz\u00f3k\u00f6rben vagy k\u00fclf\u00f6ld\u00f6n val\u00f3 szavaz\u00e1shoz is k\u00e9relmet ny\u00fajthat be. A beny\u00fajthat\u00f3 k\u00e9relmek k\u00f6z\u00fcl aszerint v\u00e1laszthat, hogy rendelkezik-e magyarorsz\u00e1gi lakc\u00edmmel. \u00dcgyint\u00e9z\u00e9s ind\u00edt\u00e1s\u00e1hoz \u00e9s b\u0151vebb inform\u00e1ci\u00f3k\u00e9rt k\u00e9rem kattintson [&hellip;]","og_url":"https:\/\/tiszacsege.hu\/?page_id=22940","og_site_name":"Tiszacsege","article_publisher":"https:\/\/www.facebook.com\/tiszacsegeonkormanyzata","article_modified_time":"2026-01-28T10:35:18+00:00","og_image":[{"url":"https:\/\/tiszacsege.hu\/wp-content\/uploads\/2023\/10\/valasztas-1280x720.jpg","type":"","width":"","height":""}],"twitter_card":"summary_large_image","schema":{"@context":"https:\/\/schema.org","@graph":[{"@type":"WebPage","@id":"https:\/\/tiszacsege.hu\/?page_id=22940","url":"https:\/\/tiszacsege.hu\/?page_id=22940","name":"V\u00e1laszt\u00e1si \u00fcgyint\u00e9z\u00e9s","isPartOf":{"@id":"https:\/\/tiszacsege.hu\/#website"},"primaryImageOfPage":{"@id":"https:\/\/tiszacsege.hu\/?page_id=22940#primaryimage"},"image":{"@id":"https:\/\/tiszacsege.hu\/?page_id=22940#primaryimage"},"thumbnailUrl":"https:\/\/tiszacsege.hu\/wp-content\/uploads\/2023\/10\/valasztas-1280x720.jpg","datePublished":"2023-10-27T07:04:19+00:00","dateModified":"2026-01-28T10:35:18+00:00","breadcrumb":{"@id":"https:\/\/tiszacsege.hu\/?page_id=22940#breadcrumb"},"inLanguage":"hu","potentialAction":[{"@type":"ReadAction","target":["https:\/\/tiszacsege.hu\/?page_id=22940"]}]},{"@type":"ImageObject","inLanguage":"hu","@id":"https:\/\/tiszacsege.hu\/?page_id=22940#primaryimage","url":"https:\/\/tiszacsege.hu\/wp-content\/uploads\/2023\/10\/valasztas.jpg","contentUrl":"https:\/\/tiszacsege.hu\/wp-content\/uploads\/2023\/10\/valasztas.jpg","width":780,"height":439},{"@type":"BreadcrumbList","@id":"https:\/\/tiszacsege.hu\/?page_id=22940#breadcrumb","itemListElement":[{"@type":"ListItem","position":1,"name":"Kezd\u0151lap","item":"https:\/\/tiszacsege.hu\/"},{"@type":"ListItem","position":2,"name":"V\u00e1laszt\u00e1si \u00fcgyint\u00e9z\u00e9s"}]},{"@type":"WebSite","@id":"https:\/\/tiszacsege.hu\/#website","url":"https:\/\/tiszacsege.hu\/","name":"Tiszacsege","description":"Tiszacsege hivatalos honlapja","publisher":{"@id":"https:\/\/tiszacsege.hu\/#organization"},"potentialAction":[{"@type":"SearchAction","target":{"@type":"EntryPoint","urlTemplate":"https:\/\/tiszacsege.hu\/?s={search_term_string}"},"query-input":{"@type":"PropertyValueSpecification","valueRequired":true,"valueName":"search_term_string"}}],"inLanguage":"hu"},{"@type":"Organization","@id":"https:\/\/tiszacsege.hu\/#organization","name":"Tiszacsege","url":"https:\/\/tiszacsege.hu\/","logo":{"@type":"ImageObject","inLanguage":"hu","@id":"https:\/\/tiszacsege.hu\/#\/schema\/logo\/image\/","url":"https:\/\/tiszacsege.hu\/wp-content\/uploads\/2020\/10\/tiszacsege_logo_rovid2-1.png","contentUrl":"https:\/\/tiszacsege.hu\/wp-content\/uploads\/2020\/10\/tiszacsege_logo_rovid2-1.png","width":500,"height":150,"caption":"Tiszacsege"},"image":{"@id":"https:\/\/tiszacsege.hu\/#\/schema\/logo\/image\/"},"sameAs":["https:\/\/www.facebook.com\/tiszacsegeonkormanyzata"]}]}},"_links":{"self":[{"href":"https:\/\/tiszacsege.hu\/index.php?rest_route=\/wp\/v2\/pages\/22940","targetHints":{"allow":["GET"]}}],"collection":[{"href":"https:\/\/tiszacsege.hu\/index.php?rest_route=\/wp\/v2\/pages"}],"about":[{"href":"https:\/\/tiszacsege.hu\/index.php?rest_route=\/wp\/v2\/types\/page"}],"author":[{"embeddable":true,"href":"https:\/\/tiszacsege.hu\/index.php?rest_route=\/wp\/v2\/users\/1"}],"replies":[{"embeddable":true,"href":"https:\/\/tiszacsege.hu\/index.php?rest_route=%2Fwp%2Fv2%2Fcomments&post=22940"}],"version-history":[{"count":5,"href":"https:\/\/tiszacsege.hu\/index.php?rest_route=\/wp\/v2\/pages\/22940\/revisions"}],"predecessor-version":[{"id":28948,"href":"https:\/\/tiszacsege.hu\/index.php?rest_route=\/wp\/v2\/pages\/22940\/revisions\/28948"}],"wp:attachment":[{"href":"https:\/\/tiszacsege.hu\/index.php?rest_route=%2Fwp%2Fv2%2Fmedia&parent=22940"}],"wp:term":[{"taxonomy":"folder","embeddable":true,"href":"https:\/\/tiszacsege.hu\/index.php?rest_route=%2Fwp%2Fv2%2Ffolder&post=22940"}],"curies":[{"name":"wp","href":"https:\/\/api.w.org\/{rel}","templated":true}]}}