{"id":2872,"date":"2013-07-05T10:22:43","date_gmt":"2013-07-05T08:22:43","guid":{"rendered":"http:\/\/tiszacsege.hu\/?page_id=2872"},"modified":"2024-12-18T12:53:41","modified_gmt":"2024-12-18T11:53:41","slug":"helyi-eselyegyenlosegi-program","status":"publish","type":"page","link":"https:\/\/tiszacsege.hu\/?page_id=2872","title":{"rendered":"Helyi Es\u00e9lyegyenl\u0151s\u00e9gi Program"},"content":{"rendered":"\n<h3 class=\"wp-block-heading\">&nbsp;<\/h3>\n\n\n\n<h2 class=\"wp-block-heading\">Tiszacsege V\u00e1ros Helyi Es\u00e9lyegyenl\u0151s\u00e9gi Programja<\/h2>\n\n\n\n<p class=\"has-text-align-justify has-medium-font-size wp-block-paragraph\">A Magyar K\u00f6zt\u00e1rsas\u00e1g Orsz\u00e1ggy\u0171l\u00e9se elismerve minden ember jog\u00e1t ahhoz, hogy&nbsp;egyenl\u0151 m\u00e9lt\u00f3s\u00e1g\u00fa szem\u00e9lyk\u00e9nt \u00e9lhessen, azon sz\u00e1nd\u00e9k\u00e1t\u00f3l vez\u00e9relve, hogy hat\u00e9kony&nbsp;jogv\u00e9delmet biztos\u00edtson a h\u00e1tr\u00e1nyos megk\u00fcl\u00f6nb\u00f6ztet\u00e9st elszenved\u0151k sz\u00e1m\u00e1ra,&nbsp;kinyilv\u00e1n\u00edtva azt, hogy az es\u00e9lyegyenl\u0151s\u00e9g el\u0151mozd\u00edt\u00e1sa els\u0151sorban \u00e1llami k\u00f6telezetts\u00e9g \u2013&nbsp;tekintettel az Alkotm\u00e1ny 54. \u00a7 (1) bekezd\u00e9s\u00e9nek 70\/A. \u00a7-\u00e1ra \u2013, megalkotta a 2003. \u00e9vi&nbsp;CXXV. t\u00f6rv\u00e9nyt az egyenl\u0151 b\u00e1n\u00e1sm\u00f3dr\u00f3l \u00e9s az es\u00e9lyegyenl\u0151s\u00e9g el\u0151mozd\u00edt\u00e1s\u00e1r\u00f3l.<\/p>\n\n\n\n<div style=\"height:20px\" aria-hidden=\"true\" class=\"wp-block-spacer\"><\/div>\n\n\n\n<p class=\"has-text-align-justify has-medium-font-size wp-block-paragraph\">Az egyenl\u0151 es\u00e9lyek biztos\u00edt\u00e1sa az Eur\u00f3pai Uni\u00f3 egyik legfontosabb politikai c\u00e9lja. Az&nbsp;egyenl\u0151 es\u00e9lyek biztos\u00edt\u00e1s\u00e1ra ir\u00e1nyul\u00f3 k\u00f6z\u00f6ss\u00e9gi politika v\u00e1ltoz\u00f3 tartalommal ugyan, de az&nbsp;eur\u00f3pai integr\u00e1ci\u00f3 kezdete \u00f3ta a K\u00f6z\u00f6ss\u00e9g napirendj\u00e9n szerepel. A k\u00f6z\u00f6ss\u00e9gi munkajog&nbsp;\u00e9s a munkahelyi eg\u00e9szs\u00e9g- \u00e9s biztons\u00e1gv\u00e9delem mellett a k\u00f6z\u00f6ss\u00e9gi szoci\u00e1lis jog azon&nbsp;ter\u00fclete, ahol a tag\u00e1llamok szab\u00e1lyoz\u00e1s\u00e1nak harmoniz\u00e1ci\u00f3j\u00e1ra ker\u00fclt sor.&nbsp;Az egyenl\u0151 es\u00e9lyek politik\u00e1ja szempontj\u00e1b\u00f3l a K\u00f6z\u00f6ss\u00e9g t\u00f6rt\u00e9nete h\u00e1rom, er\u0151sen&nbsp;k\u00fcl\u00f6nb\u00f6z\u0151 id\u0151szakra bonthat\u00f3:<\/p>\n\n\n\n<div style=\"height:20px\" aria-hidden=\"true\" class=\"wp-block-spacer\"><\/div>\n\n\n\n<p class=\"has-text-align-justify has-medium-font-size wp-block-paragraph\">1957 \u00e9s 1975 k\u00f6z\u00f6tt a K\u00f6z\u00f6ss\u00e9g kiz\u00e1r\u00f3lag az egyenl\u0151 munk\u00e1\u00e9rt egyenl\u0151 b\u00e9r elv\u00e9nek&nbsp;biztos\u00edt\u00e1s\u00e1ra t\u00f6rekedett, kev\u00e9s sikerrel.<\/p>\n\n\n\n<div style=\"height:20px\" aria-hidden=\"true\" class=\"wp-block-spacer\"><\/div>\n\n\n\n<p class=\"has-text-align-justify has-medium-font-size wp-block-paragraph\">1975 \u00e9s a 80-as \u00e9vek v\u00e9ge k\u00f6z\u00f6tt fokozatosan a k\u00f6z\u00f6ss\u00e9gi szoci\u00e1lpolitika&nbsp;legkidolgozottabb \u00e9s legsikeresebb ter\u00fclet\u00e9v\u00e9 v\u00e1lt az egyenl\u0151 b\u00e1n\u00e1sm\u00f3d tag\u00e1llami&nbsp;szab\u00e1lyainak harmoniz\u00e1l\u00e1sa, amely \u00fajabb \u00e9s \u00fajabb ter\u00fcleteken \u00e9rezteti hat\u00e1s\u00e1t.<\/p>\n\n\n\n<div style=\"height:20px\" aria-hidden=\"true\" class=\"wp-block-spacer\"><\/div>\n\n\n\n<p class=\"has-text-align-justify has-medium-font-size wp-block-paragraph\">A 80-as \u00e9vek v\u00e9g\u00e9t\u0151l napjainkig egyre mark\u00e1nsabban megjelen\u0151 es\u00e9lyegyenl\u0151s\u00e9gi&nbsp;koncepci\u00f3 t\u00fall\u00e9p az egyenl\u0151 b\u00e1n\u00e1sm\u00f3d garant\u00e1l\u00e1s\u00e1n, \u00e9s pozit\u00edv programokkal, valamint&nbsp;pozit\u00edv diszkrimin\u00e1ci\u00f3val igyekszik val\u00f3di es\u00e9lyegyenl\u0151s\u00e9get biztos\u00edtani.<\/p>\n\n\n\n<div style=\"height:20px\" aria-hidden=\"true\" class=\"wp-block-spacer\"><\/div>\n\n\n\n<p class=\"has-text-align-justify has-medium-font-size wp-block-paragraph\">Az Eur\u00f3pai Bizotts\u00e1g 2004 m\u00e1jus\u00e1ban tette k\u00f6zz\u00e9 az &#8222;Es\u00e9lyegyenl\u0151s\u00e9g \u00e9s diszkrimin\u00e1ci\u00f3mentess\u00e9g&nbsp;a kib\u0151v\u00edtett Eur\u00f3pai Uni\u00f3ban&#8221; c\u00edm\u0171 Z\u00f6ld K\u00f6nyvet, amelyben konzult\u00e1ci\u00f3ra h\u00edvta&nbsp;az \u00e9rintett szervezeteket, szerepl\u0151ket. Ezek a konzult\u00e1ci\u00f3k meger\u0151s\u00edtett\u00e9k azt az&nbsp;\u00e1ll\u00e1spontot, amely szerint kiemelked\u0151en fontos mind az es\u00e9lyegyenl\u0151s\u00e9g, mind a&nbsp;diszkrimin\u00e1ci\u00f3 elleni k\u00fczdelem ter\u00e9n megval\u00f3sul\u00f3 k\u00f6z\u00f6ss\u00e9gi akci\u00f3k kezdem\u00e9nyez\u00e9se,&nbsp;bele\u00e9rtve az Eur\u00f3pai Uni\u00f3 antidiszkrimin\u00e1ci\u00f3s jogalkot\u00e1sa hat\u00e1s\u00e1nak maximaliz\u00e1l\u00e1s\u00e1t.&nbsp;A diszkrimin\u00e1ci\u00f3 elleni fell\u00e9p\u00e9ssel \u00e9s az es\u00e9lyegyenl\u0151s\u00e9ggel kapcsolatos t\u00f6rekv\u00e9seket a&nbsp;mindenki sz\u00e1m\u00e1ra ir\u00e1nyad\u00f3 Es\u00e9lyegyenl\u0151s\u00e9gi Keretstrat\u00e9gia foglalta mag\u00e1ba.<\/p>\n\n\n\n<div style=\"height:20px\" aria-hidden=\"true\" class=\"wp-block-spacer\"><\/div>\n\n\n\n<p class=\"has-text-align-justify has-medium-font-size wp-block-paragraph\">Ennek&nbsp;nyomdokaiba l\u00e9pett a 2007-t\u0151l 2013-ig terjed\u0151 id\u0151szakra vonatkoz\u00f3 egys\u00e9ges szerkezetbe&nbsp;foglalt, egy k\u00f6z\u00f6ss\u00e9gi akci\u00f3programk\u00e9nt megfogalmazott PROGRESS k\u00f6z\u00f6ss\u00e9gi program.<\/p>\n\n\n\n<div style=\"height:20px\" aria-hidden=\"true\" class=\"wp-block-spacer\"><\/div>\n\n\n\n<p class=\"has-text-align-center has-medium-font-size wp-block-paragraph\"><strong><a href=\"https:\/\/tiszacsege.hu\/wp-content\/uploads\/2022\/10\/HEP_vegleges_2022.pdf\" target=\"_blank\" rel=\"noreferrer noopener\">Tiszacsege V\u00e1ros Helyi Es\u00e9lyegyenl\u0151s\u00e9gi Programja<\/a><\/strong> (2022-2027)<\/p>\n\n\n\n<div style=\"height:20px\" aria-hidden=\"true\" class=\"wp-block-spacer\"><\/div>\n\n\n\n<p class=\"has-text-align-center has-medium-font-size wp-block-paragraph\"><a href=\"https:\/\/tiszacsege.hu\/wp-content\/uploads\/2024\/12\/hep_2024_december_felulvizsgalt.pdf\" target=\"_blank\" rel=\"noreferrer noopener\"><strong>2024. decemberi fel\u00fclvizsg\u00e1lat<\/strong><\/a><\/p>\n\n\n\n<p class=\"wp-block-paragraph\">&nbsp;<\/p>\n","protected":false},"excerpt":{"rendered":"<p>&nbsp; Tiszacsege V\u00e1ros Helyi Es\u00e9lyegyenl\u0151s\u00e9gi Programja A Magyar K\u00f6zt\u00e1rsas\u00e1g Orsz\u00e1ggy\u0171l\u00e9se elismerve minden ember jog\u00e1t ahhoz, hogy&nbsp;egyenl\u0151 m\u00e9lt\u00f3s\u00e1g\u00fa szem\u00e9lyk\u00e9nt \u00e9lhessen, azon sz\u00e1nd\u00e9k\u00e1t\u00f3l vez\u00e9relve, hogy hat\u00e9kony&nbsp;jogv\u00e9delmet biztos\u00edtson a h\u00e1tr\u00e1nyos megk\u00fcl\u00f6nb\u00f6ztet\u00e9st elszenved\u0151k sz\u00e1m\u00e1ra,&nbsp;kinyilv\u00e1n\u00edtva azt, hogy az es\u00e9lyegyenl\u0151s\u00e9g el\u0151mozd\u00edt\u00e1sa els\u0151sorban \u00e1llami k\u00f6telezetts\u00e9g \u2013&nbsp;tekintettel az Alkotm\u00e1ny 54. \u00a7 (1) bekezd\u00e9s\u00e9nek 70\/A. \u00a7-\u00e1ra \u2013, megalkotta a 2003. \u00e9vi&nbsp;CXXV. t\u00f6rv\u00e9nyt az egyenl\u0151 [&hellip;]<\/p>\n","protected":false},"author":1,"featured_media":0,"parent":0,"menu_order":0,"comment_status":"closed","ping_status":"open","template":"","meta":{"_editorskit_title_hidden":false,"_editorskit_reading_time":0,"_editorskit_is_block_options_detached":false,"_editorskit_block_options_position":"{}","_crdt_document":"","footnotes":""},"folder":[],"class_list":["post-2872","page","type-page","status-publish","hentry"],"yoast_head":"<!-- This site is optimized with the Yoast SEO plugin v27.4 - https:\/\/yoast.com\/product\/yoast-seo-wordpress\/ -->\n<title>Helyi Es\u00e9lyegyenl\u0151s\u00e9gi Program<\/title>\n<meta name=\"robots\" content=\"index, follow, max-snippet:-1, max-image-preview:large, max-video-preview:-1\" \/>\n<link rel=\"canonical\" href=\"https:\/\/tiszacsege.hu\/?page_id=2872\" \/>\n<meta property=\"og:locale\" content=\"hu_HU\" \/>\n<meta property=\"og:type\" content=\"article\" \/>\n<meta property=\"og:title\" content=\"Helyi Es\u00e9lyegyenl\u0151s\u00e9gi Program\" \/>\n<meta property=\"og:description\" content=\"&nbsp; Tiszacsege V\u00e1ros Helyi Es\u00e9lyegyenl\u0151s\u00e9gi Programja A Magyar K\u00f6zt\u00e1rsas\u00e1g Orsz\u00e1ggy\u0171l\u00e9se elismerve minden ember jog\u00e1t ahhoz, hogy&nbsp;egyenl\u0151 m\u00e9lt\u00f3s\u00e1g\u00fa szem\u00e9lyk\u00e9nt \u00e9lhessen, azon sz\u00e1nd\u00e9k\u00e1t\u00f3l vez\u00e9relve, hogy hat\u00e9kony&nbsp;jogv\u00e9delmet biztos\u00edtson a h\u00e1tr\u00e1nyos megk\u00fcl\u00f6nb\u00f6ztet\u00e9st elszenved\u0151k sz\u00e1m\u00e1ra,&nbsp;kinyilv\u00e1n\u00edtva azt, hogy az es\u00e9lyegyenl\u0151s\u00e9g el\u0151mozd\u00edt\u00e1sa els\u0151sorban \u00e1llami k\u00f6telezetts\u00e9g \u2013&nbsp;tekintettel az Alkotm\u00e1ny 54. \u00a7 (1) bekezd\u00e9s\u00e9nek 70\/A. \u00a7-\u00e1ra \u2013, megalkotta a 2003. \u00e9vi&nbsp;CXXV. t\u00f6rv\u00e9nyt az egyenl\u0151 [&hellip;]\" \/>\n<meta property=\"og:url\" content=\"https:\/\/tiszacsege.hu\/?page_id=2872\" \/>\n<meta property=\"og:site_name\" content=\"Tiszacsege\" \/>\n<meta property=\"article:publisher\" content=\"https:\/\/www.facebook.com\/tiszacsegeonkormanyzata\" \/>\n<meta property=\"article:modified_time\" content=\"2024-12-18T11:53:41+00:00\" \/>\n<meta name=\"twitter:card\" content=\"summary_large_image\" \/>\n<script type=\"application\/ld+json\" class=\"yoast-schema-graph\">{\"@context\":\"https:\\\/\\\/schema.org\",\"@graph\":[{\"@type\":\"WebPage\",\"@id\":\"https:\\\/\\\/tiszacsege.hu\\\/?page_id=2872\",\"url\":\"https:\\\/\\\/tiszacsege.hu\\\/?page_id=2872\",\"name\":\"Helyi Es\u00e9lyegyenl\u0151s\u00e9gi Program\",\"isPartOf\":{\"@id\":\"https:\\\/\\\/tiszacsege.hu\\\/#website\"},\"datePublished\":\"2013-07-05T08:22:43+00:00\",\"dateModified\":\"2024-12-18T11:53:41+00:00\",\"breadcrumb\":{\"@id\":\"https:\\\/\\\/tiszacsege.hu\\\/?page_id=2872#breadcrumb\"},\"inLanguage\":\"hu\",\"potentialAction\":[{\"@type\":\"ReadAction\",\"target\":[\"https:\\\/\\\/tiszacsege.hu\\\/?page_id=2872\"]}]},{\"@type\":\"BreadcrumbList\",\"@id\":\"https:\\\/\\\/tiszacsege.hu\\\/?page_id=2872#breadcrumb\",\"itemListElement\":[{\"@type\":\"ListItem\",\"position\":1,\"name\":\"Kezd\u0151lap\",\"item\":\"https:\\\/\\\/tiszacsege.hu\\\/\"},{\"@type\":\"ListItem\",\"position\":2,\"name\":\"Helyi Es\u00e9lyegyenl\u0151s\u00e9gi Program\"}]},{\"@type\":\"WebSite\",\"@id\":\"https:\\\/\\\/tiszacsege.hu\\\/#website\",\"url\":\"https:\\\/\\\/tiszacsege.hu\\\/\",\"name\":\"Tiszacsege\",\"description\":\"Tiszacsege hivatalos honlapja\",\"publisher\":{\"@id\":\"https:\\\/\\\/tiszacsege.hu\\\/#organization\"},\"potentialAction\":[{\"@type\":\"SearchAction\",\"target\":{\"@type\":\"EntryPoint\",\"urlTemplate\":\"https:\\\/\\\/tiszacsege.hu\\\/?s={search_term_string}\"},\"query-input\":{\"@type\":\"PropertyValueSpecification\",\"valueRequired\":true,\"valueName\":\"search_term_string\"}}],\"inLanguage\":\"hu\"},{\"@type\":\"Organization\",\"@id\":\"https:\\\/\\\/tiszacsege.hu\\\/#organization\",\"name\":\"Tiszacsege\",\"url\":\"https:\\\/\\\/tiszacsege.hu\\\/\",\"logo\":{\"@type\":\"ImageObject\",\"inLanguage\":\"hu\",\"@id\":\"https:\\\/\\\/tiszacsege.hu\\\/#\\\/schema\\\/logo\\\/image\\\/\",\"url\":\"https:\\\/\\\/tiszacsege.hu\\\/wp-content\\\/uploads\\\/2020\\\/10\\\/tiszacsege_logo_rovid2-1.png\",\"contentUrl\":\"https:\\\/\\\/tiszacsege.hu\\\/wp-content\\\/uploads\\\/2020\\\/10\\\/tiszacsege_logo_rovid2-1.png\",\"width\":500,\"height\":150,\"caption\":\"Tiszacsege\"},\"image\":{\"@id\":\"https:\\\/\\\/tiszacsege.hu\\\/#\\\/schema\\\/logo\\\/image\\\/\"},\"sameAs\":[\"https:\\\/\\\/www.facebook.com\\\/tiszacsegeonkormanyzata\"]}]}<\/script>\n<!-- \/ Yoast SEO plugin. -->","yoast_head_json":{"title":"Helyi Es\u00e9lyegyenl\u0151s\u00e9gi Program","robots":{"index":"index","follow":"follow","max-snippet":"max-snippet:-1","max-image-preview":"max-image-preview:large","max-video-preview":"max-video-preview:-1"},"canonical":"https:\/\/tiszacsege.hu\/?page_id=2872","og_locale":"hu_HU","og_type":"article","og_title":"Helyi Es\u00e9lyegyenl\u0151s\u00e9gi Program","og_description":"&nbsp; Tiszacsege V\u00e1ros Helyi Es\u00e9lyegyenl\u0151s\u00e9gi Programja A Magyar K\u00f6zt\u00e1rsas\u00e1g Orsz\u00e1ggy\u0171l\u00e9se elismerve minden ember jog\u00e1t ahhoz, hogy&nbsp;egyenl\u0151 m\u00e9lt\u00f3s\u00e1g\u00fa szem\u00e9lyk\u00e9nt \u00e9lhessen, azon sz\u00e1nd\u00e9k\u00e1t\u00f3l vez\u00e9relve, hogy hat\u00e9kony&nbsp;jogv\u00e9delmet biztos\u00edtson a h\u00e1tr\u00e1nyos megk\u00fcl\u00f6nb\u00f6ztet\u00e9st elszenved\u0151k sz\u00e1m\u00e1ra,&nbsp;kinyilv\u00e1n\u00edtva azt, hogy az es\u00e9lyegyenl\u0151s\u00e9g el\u0151mozd\u00edt\u00e1sa els\u0151sorban \u00e1llami k\u00f6telezetts\u00e9g \u2013&nbsp;tekintettel az Alkotm\u00e1ny 54. \u00a7 (1) bekezd\u00e9s\u00e9nek 70\/A. \u00a7-\u00e1ra \u2013, megalkotta a 2003. \u00e9vi&nbsp;CXXV. t\u00f6rv\u00e9nyt az egyenl\u0151 [&hellip;]","og_url":"https:\/\/tiszacsege.hu\/?page_id=2872","og_site_name":"Tiszacsege","article_publisher":"https:\/\/www.facebook.com\/tiszacsegeonkormanyzata","article_modified_time":"2024-12-18T11:53:41+00:00","twitter_card":"summary_large_image","schema":{"@context":"https:\/\/schema.org","@graph":[{"@type":"WebPage","@id":"https:\/\/tiszacsege.hu\/?page_id=2872","url":"https:\/\/tiszacsege.hu\/?page_id=2872","name":"Helyi Es\u00e9lyegyenl\u0151s\u00e9gi Program","isPartOf":{"@id":"https:\/\/tiszacsege.hu\/#website"},"datePublished":"2013-07-05T08:22:43+00:00","dateModified":"2024-12-18T11:53:41+00:00","breadcrumb":{"@id":"https:\/\/tiszacsege.hu\/?page_id=2872#breadcrumb"},"inLanguage":"hu","potentialAction":[{"@type":"ReadAction","target":["https:\/\/tiszacsege.hu\/?page_id=2872"]}]},{"@type":"BreadcrumbList","@id":"https:\/\/tiszacsege.hu\/?page_id=2872#breadcrumb","itemListElement":[{"@type":"ListItem","position":1,"name":"Kezd\u0151lap","item":"https:\/\/tiszacsege.hu\/"},{"@type":"ListItem","position":2,"name":"Helyi Es\u00e9lyegyenl\u0151s\u00e9gi Program"}]},{"@type":"WebSite","@id":"https:\/\/tiszacsege.hu\/#website","url":"https:\/\/tiszacsege.hu\/","name":"Tiszacsege","description":"Tiszacsege hivatalos honlapja","publisher":{"@id":"https:\/\/tiszacsege.hu\/#organization"},"potentialAction":[{"@type":"SearchAction","target":{"@type":"EntryPoint","urlTemplate":"https:\/\/tiszacsege.hu\/?s={search_term_string}"},"query-input":{"@type":"PropertyValueSpecification","valueRequired":true,"valueName":"search_term_string"}}],"inLanguage":"hu"},{"@type":"Organization","@id":"https:\/\/tiszacsege.hu\/#organization","name":"Tiszacsege","url":"https:\/\/tiszacsege.hu\/","logo":{"@type":"ImageObject","inLanguage":"hu","@id":"https:\/\/tiszacsege.hu\/#\/schema\/logo\/image\/","url":"https:\/\/tiszacsege.hu\/wp-content\/uploads\/2020\/10\/tiszacsege_logo_rovid2-1.png","contentUrl":"https:\/\/tiszacsege.hu\/wp-content\/uploads\/2020\/10\/tiszacsege_logo_rovid2-1.png","width":500,"height":150,"caption":"Tiszacsege"},"image":{"@id":"https:\/\/tiszacsege.hu\/#\/schema\/logo\/image\/"},"sameAs":["https:\/\/www.facebook.com\/tiszacsegeonkormanyzata"]}]}},"_links":{"self":[{"href":"https:\/\/tiszacsege.hu\/index.php?rest_route=\/wp\/v2\/pages\/2872","targetHints":{"allow":["GET"]}}],"collection":[{"href":"https:\/\/tiszacsege.hu\/index.php?rest_route=\/wp\/v2\/pages"}],"about":[{"href":"https:\/\/tiszacsege.hu\/index.php?rest_route=\/wp\/v2\/types\/page"}],"author":[{"embeddable":true,"href":"https:\/\/tiszacsege.hu\/index.php?rest_route=\/wp\/v2\/users\/1"}],"replies":[{"embeddable":true,"href":"https:\/\/tiszacsege.hu\/index.php?rest_route=%2Fwp%2Fv2%2Fcomments&post=2872"}],"version-history":[{"count":22,"href":"https:\/\/tiszacsege.hu\/index.php?rest_route=\/wp\/v2\/pages\/2872\/revisions"}],"predecessor-version":[{"id":26188,"href":"https:\/\/tiszacsege.hu\/index.php?rest_route=\/wp\/v2\/pages\/2872\/revisions\/26188"}],"wp:attachment":[{"href":"https:\/\/tiszacsege.hu\/index.php?rest_route=%2Fwp%2Fv2%2Fmedia&parent=2872"}],"wp:term":[{"taxonomy":"folder","embeddable":true,"href":"https:\/\/tiszacsege.hu\/index.php?rest_route=%2Fwp%2Fv2%2Ffolder&post=2872"}],"curies":[{"name":"wp","href":"https:\/\/api.w.org\/{rel}","templated":true}]}}