{"id":3068,"date":"2013-08-07T14:51:08","date_gmt":"2013-08-07T12:51:08","guid":{"rendered":"http:\/\/tiszacsege.hu\/?page_id=3068"},"modified":"2025-02-13T08:05:37","modified_gmt":"2025-02-13T07:05:37","slug":"jarasi-hivatal","status":"publish","type":"page","link":"https:\/\/tiszacsege.hu\/?page_id=3068","title":{"rendered":"Hajd\u00fa-Bihar V\u00e1rmegyei Korm\u00e1nyhivatal Balmaz\u00fajv\u00e1rosi J\u00e1r\u00e1si Hivatala"},"content":{"rendered":"\n<figure class=\"wp-block-table\"><table><tbody><tr><td><strong>J\u00e1r\u00e1s sz\u00e9khelye:<\/strong><\/td><td>Balmaz\u00fajv\u00e1ros<\/td><\/tr><tr><td><strong>Illet\u00e9kess\u00e9gi ter\u00fclete:<\/strong><\/td><td>Balmaz\u00fajv\u00e1ros, Egyek, Hortob\u00e1gy, Tiszacsege, \u00dajszentmargita<\/td><\/tr><tr><td><strong>J\u00e1r\u00e1si hivatalvezet\u0151:<\/strong><\/td><td>Dr. V\u00e1gner Bal\u00e1zs, hivatalvezet\u0151-helyettes<\/td><\/tr><tr><td><strong>C\u00edm:<\/strong><\/td><td>Balmaz\u00fajv\u00e1ros, Kossuth t\u00e9r 3.<\/td><\/tr><tr><td><strong>Telefon:<\/strong><\/td><td>06 52 550-611<\/td><\/tr><tr><td><strong>E-mail:<\/strong><\/td><td>balmazujvaros.jh@hajdu.gov.hu<\/td><\/tr><\/tbody><\/table><\/figure>\n\n\n\n<h1 class=\"wp-block-heading\">Korm\u00e1nyablak<\/h1>\n\n\n\n<p class=\"has-medium-font-size wp-block-paragraph\">\u00dcgyf\u00e9lfogad\u00e1si id\u0151:<\/p>\n\n\n\n<figure class=\"wp-block-table\"><table><tbody><tr><td>H\u00e9tf\u0151<\/td><td>8:00-18:00<\/td><\/tr><tr><td>Kedd<\/td><td>8:00-16:00<\/td><\/tr><tr><td>Szerda<\/td><td>8:00-18:00<\/td><\/tr><tr><td>Cs\u00fct\u00f6rt\u00f6k<\/td><td>8:00-16:00<\/td><\/tr><tr><td>P\u00e9ntek<\/td><td>8:00-12:00<\/td><\/tr><\/tbody><\/table><\/figure>\n","protected":false},"excerpt":{"rendered":"<p>J\u00e1r\u00e1s sz\u00e9khelye: Balmaz\u00fajv\u00e1ros Illet\u00e9kess\u00e9gi ter\u00fclete: Balmaz\u00fajv\u00e1ros, Egyek, Hortob\u00e1gy, Tiszacsege, \u00dajszentmargita J\u00e1r\u00e1si hivatalvezet\u0151: Dr. V\u00e1gner Bal\u00e1zs, hivatalvezet\u0151-helyettes C\u00edm: Balmaz\u00fajv\u00e1ros, Kossuth t\u00e9r 3. Telefon: 06 52 550-611 E-mail: balmazujvaros.jh@hajdu.gov.hu Korm\u00e1nyablak \u00dcgyf\u00e9lfogad\u00e1si id\u0151: H\u00e9tf\u0151 8:00-18:00 Kedd 8:00-16:00 Szerda 8:00-18:00 Cs\u00fct\u00f6rt\u00f6k 8:00-16:00 P\u00e9ntek 8:00-12:00<\/p>\n","protected":false},"author":1,"featured_media":0,"parent":0,"menu_order":0,"comment_status":"closed","ping_status":"open","template":"","meta":{"_editorskit_title_hidden":false,"_editorskit_reading_time":0,"_editorskit_is_block_options_detached":false,"_editorskit_block_options_position":"{}","_crdt_document":"","footnotes":""},"folder":[],"class_list":["post-3068","page","type-page","status-publish","hentry"],"yoast_head":"<!-- This site is optimized with the Yoast SEO plugin v27.6 - https:\/\/yoast.com\/product\/yoast-seo-wordpress\/ -->\n<title>Hajd\u00fa-Bihar V\u00e1rmegyei Korm\u00e1nyhivatal Balmaz\u00fajv\u00e1rosi J\u00e1r\u00e1si Hivatala<\/title>\n<meta name=\"robots\" content=\"index, follow, max-snippet:-1, max-image-preview:large, max-video-preview:-1\" \/>\n<link rel=\"canonical\" href=\"https:\/\/tiszacsege.hu\/?page_id=3068\" \/>\n<meta property=\"og:locale\" content=\"hu_HU\" \/>\n<meta property=\"og:type\" content=\"article\" \/>\n<meta property=\"og:title\" content=\"Hajd\u00fa-Bihar V\u00e1rmegyei Korm\u00e1nyhivatal Balmaz\u00fajv\u00e1rosi J\u00e1r\u00e1si Hivatala\" \/>\n<meta property=\"og:description\" content=\"J\u00e1r\u00e1s sz\u00e9khelye: Balmaz\u00fajv\u00e1ros Illet\u00e9kess\u00e9gi ter\u00fclete: Balmaz\u00fajv\u00e1ros, Egyek, Hortob\u00e1gy, Tiszacsege, \u00dajszentmargita J\u00e1r\u00e1si hivatalvezet\u0151: Dr. V\u00e1gner Bal\u00e1zs, hivatalvezet\u0151-helyettes C\u00edm: Balmaz\u00fajv\u00e1ros, Kossuth t\u00e9r 3. Telefon: 06 52 550-611 E-mail: balmazujvaros.jh@hajdu.gov.hu Korm\u00e1nyablak \u00dcgyf\u00e9lfogad\u00e1si id\u0151: H\u00e9tf\u0151 8:00-18:00 Kedd 8:00-16:00 Szerda 8:00-18:00 Cs\u00fct\u00f6rt\u00f6k 8:00-16:00 P\u00e9ntek 8:00-12:00\" \/>\n<meta property=\"og:url\" content=\"https:\/\/tiszacsege.hu\/?page_id=3068\" \/>\n<meta property=\"og:site_name\" content=\"Tiszacsege\" \/>\n<meta property=\"article:publisher\" content=\"https:\/\/www.facebook.com\/tiszacsegeonkormanyzata\" \/>\n<meta property=\"article:modified_time\" content=\"2025-02-13T07:05:37+00:00\" \/>\n<meta name=\"twitter:card\" content=\"summary_large_image\" \/>\n<script type=\"application\/ld+json\" class=\"yoast-schema-graph\">{\"@context\":\"https:\\\/\\\/schema.org\",\"@graph\":[{\"@type\":\"WebPage\",\"@id\":\"https:\\\/\\\/tiszacsege.hu\\\/?page_id=3068\",\"url\":\"https:\\\/\\\/tiszacsege.hu\\\/?page_id=3068\",\"name\":\"Hajd\u00fa-Bihar V\u00e1rmegyei Korm\u00e1nyhivatal Balmaz\u00fajv\u00e1rosi J\u00e1r\u00e1si Hivatala\",\"isPartOf\":{\"@id\":\"https:\\\/\\\/tiszacsege.hu\\\/#website\"},\"datePublished\":\"2013-08-07T12:51:08+00:00\",\"dateModified\":\"2025-02-13T07:05:37+00:00\",\"breadcrumb\":{\"@id\":\"https:\\\/\\\/tiszacsege.hu\\\/?page_id=3068#breadcrumb\"},\"inLanguage\":\"hu\",\"potentialAction\":[{\"@type\":\"ReadAction\",\"target\":[\"https:\\\/\\\/tiszacsege.hu\\\/?page_id=3068\"]}]},{\"@type\":\"BreadcrumbList\",\"@id\":\"https:\\\/\\\/tiszacsege.hu\\\/?page_id=3068#breadcrumb\",\"itemListElement\":[{\"@type\":\"ListItem\",\"position\":1,\"name\":\"Kezd\u0151lap\",\"item\":\"https:\\\/\\\/tiszacsege.hu\\\/\"},{\"@type\":\"ListItem\",\"position\":2,\"name\":\"Hajd\u00fa-Bihar V\u00e1rmegyei Korm\u00e1nyhivatal Balmaz\u00fajv\u00e1rosi J\u00e1r\u00e1si Hivatala\"}]},{\"@type\":\"WebSite\",\"@id\":\"https:\\\/\\\/tiszacsege.hu\\\/#website\",\"url\":\"https:\\\/\\\/tiszacsege.hu\\\/\",\"name\":\"Tiszacsege\",\"description\":\"Tiszacsege hivatalos honlapja\",\"publisher\":{\"@id\":\"https:\\\/\\\/tiszacsege.hu\\\/#organization\"},\"potentialAction\":[{\"@type\":\"SearchAction\",\"target\":{\"@type\":\"EntryPoint\",\"urlTemplate\":\"https:\\\/\\\/tiszacsege.hu\\\/?s={search_term_string}\"},\"query-input\":{\"@type\":\"PropertyValueSpecification\",\"valueRequired\":true,\"valueName\":\"search_term_string\"}}],\"inLanguage\":\"hu\"},{\"@type\":\"Organization\",\"@id\":\"https:\\\/\\\/tiszacsege.hu\\\/#organization\",\"name\":\"Tiszacsege\",\"url\":\"https:\\\/\\\/tiszacsege.hu\\\/\",\"logo\":{\"@type\":\"ImageObject\",\"inLanguage\":\"hu\",\"@id\":\"https:\\\/\\\/tiszacsege.hu\\\/#\\\/schema\\\/logo\\\/image\\\/\",\"url\":\"https:\\\/\\\/tiszacsege.hu\\\/wp-content\\\/uploads\\\/2020\\\/10\\\/tiszacsege_logo_rovid2-1.png\",\"contentUrl\":\"https:\\\/\\\/tiszacsege.hu\\\/wp-content\\\/uploads\\\/2020\\\/10\\\/tiszacsege_logo_rovid2-1.png\",\"width\":500,\"height\":150,\"caption\":\"Tiszacsege\"},\"image\":{\"@id\":\"https:\\\/\\\/tiszacsege.hu\\\/#\\\/schema\\\/logo\\\/image\\\/\"},\"sameAs\":[\"https:\\\/\\\/www.facebook.com\\\/tiszacsegeonkormanyzata\"]}]}<\/script>\n<!-- \/ Yoast SEO plugin. -->","yoast_head_json":{"title":"Hajd\u00fa-Bihar V\u00e1rmegyei Korm\u00e1nyhivatal Balmaz\u00fajv\u00e1rosi J\u00e1r\u00e1si Hivatala","robots":{"index":"index","follow":"follow","max-snippet":"max-snippet:-1","max-image-preview":"max-image-preview:large","max-video-preview":"max-video-preview:-1"},"canonical":"https:\/\/tiszacsege.hu\/?page_id=3068","og_locale":"hu_HU","og_type":"article","og_title":"Hajd\u00fa-Bihar V\u00e1rmegyei Korm\u00e1nyhivatal Balmaz\u00fajv\u00e1rosi J\u00e1r\u00e1si Hivatala","og_description":"J\u00e1r\u00e1s sz\u00e9khelye: Balmaz\u00fajv\u00e1ros Illet\u00e9kess\u00e9gi ter\u00fclete: Balmaz\u00fajv\u00e1ros, Egyek, Hortob\u00e1gy, Tiszacsege, \u00dajszentmargita J\u00e1r\u00e1si hivatalvezet\u0151: Dr. V\u00e1gner Bal\u00e1zs, hivatalvezet\u0151-helyettes C\u00edm: Balmaz\u00fajv\u00e1ros, Kossuth t\u00e9r 3. Telefon: 06 52 550-611 E-mail: balmazujvaros.jh@hajdu.gov.hu Korm\u00e1nyablak \u00dcgyf\u00e9lfogad\u00e1si id\u0151: H\u00e9tf\u0151 8:00-18:00 Kedd 8:00-16:00 Szerda 8:00-18:00 Cs\u00fct\u00f6rt\u00f6k 8:00-16:00 P\u00e9ntek 8:00-12:00","og_url":"https:\/\/tiszacsege.hu\/?page_id=3068","og_site_name":"Tiszacsege","article_publisher":"https:\/\/www.facebook.com\/tiszacsegeonkormanyzata","article_modified_time":"2025-02-13T07:05:37+00:00","twitter_card":"summary_large_image","schema":{"@context":"https:\/\/schema.org","@graph":[{"@type":"WebPage","@id":"https:\/\/tiszacsege.hu\/?page_id=3068","url":"https:\/\/tiszacsege.hu\/?page_id=3068","name":"Hajd\u00fa-Bihar V\u00e1rmegyei Korm\u00e1nyhivatal Balmaz\u00fajv\u00e1rosi J\u00e1r\u00e1si Hivatala","isPartOf":{"@id":"https:\/\/tiszacsege.hu\/#website"},"datePublished":"2013-08-07T12:51:08+00:00","dateModified":"2025-02-13T07:05:37+00:00","breadcrumb":{"@id":"https:\/\/tiszacsege.hu\/?page_id=3068#breadcrumb"},"inLanguage":"hu","potentialAction":[{"@type":"ReadAction","target":["https:\/\/tiszacsege.hu\/?page_id=3068"]}]},{"@type":"BreadcrumbList","@id":"https:\/\/tiszacsege.hu\/?page_id=3068#breadcrumb","itemListElement":[{"@type":"ListItem","position":1,"name":"Kezd\u0151lap","item":"https:\/\/tiszacsege.hu\/"},{"@type":"ListItem","position":2,"name":"Hajd\u00fa-Bihar V\u00e1rmegyei Korm\u00e1nyhivatal Balmaz\u00fajv\u00e1rosi J\u00e1r\u00e1si Hivatala"}]},{"@type":"WebSite","@id":"https:\/\/tiszacsege.hu\/#website","url":"https:\/\/tiszacsege.hu\/","name":"Tiszacsege","description":"Tiszacsege hivatalos honlapja","publisher":{"@id":"https:\/\/tiszacsege.hu\/#organization"},"potentialAction":[{"@type":"SearchAction","target":{"@type":"EntryPoint","urlTemplate":"https:\/\/tiszacsege.hu\/?s={search_term_string}"},"query-input":{"@type":"PropertyValueSpecification","valueRequired":true,"valueName":"search_term_string"}}],"inLanguage":"hu"},{"@type":"Organization","@id":"https:\/\/tiszacsege.hu\/#organization","name":"Tiszacsege","url":"https:\/\/tiszacsege.hu\/","logo":{"@type":"ImageObject","inLanguage":"hu","@id":"https:\/\/tiszacsege.hu\/#\/schema\/logo\/image\/","url":"https:\/\/tiszacsege.hu\/wp-content\/uploads\/2020\/10\/tiszacsege_logo_rovid2-1.png","contentUrl":"https:\/\/tiszacsege.hu\/wp-content\/uploads\/2020\/10\/tiszacsege_logo_rovid2-1.png","width":500,"height":150,"caption":"Tiszacsege"},"image":{"@id":"https:\/\/tiszacsege.hu\/#\/schema\/logo\/image\/"},"sameAs":["https:\/\/www.facebook.com\/tiszacsegeonkormanyzata"]}]}},"_links":{"self":[{"href":"https:\/\/tiszacsege.hu\/index.php?rest_route=\/wp\/v2\/pages\/3068","targetHints":{"allow":["GET"]}}],"collection":[{"href":"https:\/\/tiszacsege.hu\/index.php?rest_route=\/wp\/v2\/pages"}],"about":[{"href":"https:\/\/tiszacsege.hu\/index.php?rest_route=\/wp\/v2\/types\/page"}],"author":[{"embeddable":true,"href":"https:\/\/tiszacsege.hu\/index.php?rest_route=\/wp\/v2\/users\/1"}],"replies":[{"embeddable":true,"href":"https:\/\/tiszacsege.hu\/index.php?rest_route=%2Fwp%2Fv2%2Fcomments&post=3068"}],"version-history":[{"count":20,"href":"https:\/\/tiszacsege.hu\/index.php?rest_route=\/wp\/v2\/pages\/3068\/revisions"}],"predecessor-version":[{"id":26456,"href":"https:\/\/tiszacsege.hu\/index.php?rest_route=\/wp\/v2\/pages\/3068\/revisions\/26456"}],"wp:attachment":[{"href":"https:\/\/tiszacsege.hu\/index.php?rest_route=%2Fwp%2Fv2%2Fmedia&parent=3068"}],"wp:term":[{"taxonomy":"folder","embeddable":true,"href":"https:\/\/tiszacsege.hu\/index.php?rest_route=%2Fwp%2Fv2%2Ffolder&post=3068"}],"curies":[{"name":"wp","href":"https:\/\/api.w.org\/{rel}","templated":true}]}}