{"id":106,"date":"2018-08-30T08:08:11","date_gmt":"2018-08-30T08:08:11","guid":{"rendered":"http:\/\/tiszacsege.hu\/temetkezes\/?page_id=106"},"modified":"2025-02-05T12:32:12","modified_gmt":"2025-02-05T12:32:12","slug":"kellekek-szolgaltatasok","status":"publish","type":"page","link":"https:\/\/tiszacsege.hu\/temetkezes\/kellekek-szolgaltatasok\/","title":{"rendered":"Kell\u00e9kek, szolg\u00e1ltat\u00e1sok, d\u00edjak"},"content":{"rendered":"\n<div class=\"wp-block-cover is-light\"><span aria-hidden=\"true\" class=\"wp-block-cover__background has-background-dim-10 has-background-dim\"><\/span><img loading=\"lazy\" decoding=\"async\" width=\"605\" height=\"453\" class=\"wp-block-cover__image-background wp-image-121\" alt=\"\" src=\"http:\/\/tiszacsege.hu\/temetkezes\/wp-content\/uploads\/2018\/08\/jarmuvek.jpg\" data-object-fit=\"cover\" srcset=\"https:\/\/tiszacsege.hu\/temetkezes\/wp-content\/uploads\/2018\/08\/jarmuvek.jpg 605w, https:\/\/tiszacsege.hu\/temetkezes\/wp-content\/uploads\/2018\/08\/jarmuvek-300x225.jpg 300w\" sizes=\"auto, (max-width: 605px) 100vw, 605px\" \/><div class=\"wp-block-cover__inner-container is-layout-flow wp-block-cover-is-layout-flow\">\n<p class=\"has-text-align-center has-large-font-size\"><\/p>\n<\/div><\/div>\n\n\n\n<div style=\"height:74px\" aria-hidden=\"true\" class=\"wp-block-spacer\"><\/div>\n\n\n\n<figure class=\"wp-block-gallery has-nested-images columns-default is-cropped wp-block-gallery-1 is-layout-flex wp-block-gallery-is-layout-flex\">\n<figure class=\"wp-block-image\"><img loading=\"lazy\" decoding=\"async\" width=\"902\" height=\"597\" data-id=\"143\" src=\"http:\/\/tiszacsege.hu\/temetkezes\/wp-content\/uploads\/2018\/08\/DSC_0996.jpg\" alt=\"\" class=\"wp-image-143\" srcset=\"https:\/\/tiszacsege.hu\/temetkezes\/wp-content\/uploads\/2018\/08\/DSC_0996.jpg 902w, https:\/\/tiszacsege.hu\/temetkezes\/wp-content\/uploads\/2018\/08\/DSC_0996-300x199.jpg 300w, https:\/\/tiszacsege.hu\/temetkezes\/wp-content\/uploads\/2018\/08\/DSC_0996-768x508.jpg 768w\" sizes=\"auto, (max-width: 902px) 100vw, 902px\" \/><\/figure>\n\n\n\n<figure class=\"wp-block-image\"><img loading=\"lazy\" decoding=\"async\" width=\"902\" height=\"597\" data-id=\"138\" src=\"http:\/\/tiszacsege.hu\/temetkezes\/wp-content\/uploads\/2018\/08\/DSC_0988.jpg\" alt=\"\" class=\"wp-image-138\" srcset=\"https:\/\/tiszacsege.hu\/temetkezes\/wp-content\/uploads\/2018\/08\/DSC_0988.jpg 902w, https:\/\/tiszacsege.hu\/temetkezes\/wp-content\/uploads\/2018\/08\/DSC_0988-300x199.jpg 300w, https:\/\/tiszacsege.hu\/temetkezes\/wp-content\/uploads\/2018\/08\/DSC_0988-768x508.jpg 768w\" sizes=\"auto, (max-width: 902px) 100vw, 902px\" \/><\/figure>\n\n\n\n<figure class=\"wp-block-image\"><img loading=\"lazy\" decoding=\"async\" width=\"902\" height=\"597\" data-id=\"130\" src=\"http:\/\/tiszacsege.hu\/temetkezes\/wp-content\/uploads\/2018\/08\/DSC_0969.jpg\" alt=\"\" class=\"wp-image-130\" srcset=\"https:\/\/tiszacsege.hu\/temetkezes\/wp-content\/uploads\/2018\/08\/DSC_0969.jpg 902w, https:\/\/tiszacsege.hu\/temetkezes\/wp-content\/uploads\/2018\/08\/DSC_0969-300x199.jpg 300w, https:\/\/tiszacsege.hu\/temetkezes\/wp-content\/uploads\/2018\/08\/DSC_0969-768x508.jpg 768w\" sizes=\"auto, (max-width: 902px) 100vw, 902px\" \/><\/figure>\n<\/figure>\n\n\n\n<h2 class=\"wp-block-heading\">Szolg\u00e1ltat\u00e1sok d\u00edja 2025. febru\u00e1r 1-t\u0151l<\/h2>\n\n\n\n<figure class=\"wp-block-table alignleft is-style-stripes\"><table class=\"has-black-color has-text-color has-link-color\"><tbody><tr><td>Helyi halottsz\u00e1ll\u00edt\u00e1s<\/td><td><\/td><td>15.272 Ft<\/td><\/tr><tr><td>T\u00e1vols\u00e1gi halottsz\u00e1ll\u00edt\u00e1s<\/td><td><\/td><td>584 Ft \/ km<\/td><\/tr><tr><td>Gy\u00e1szaut\u00f3 haszn\u00e1lat<\/td><td><\/td><td>15.272 Ft<\/td><\/tr><tr><td>Elhunyt h\u0171t\u00e9se<\/td><td><\/td><td>2.756 Ft \/ nap<\/td><\/tr><tr><td>S\u00edr\u00e1s\u00e1s 80 cm<\/td><td><\/td><td>8.255 Ft<\/td><\/tr><tr><td>S\u00edr\u00e1s\u00e1s 170 cm<\/td><td><\/td><td>27.813 Ft<\/td><\/tr><tr><td>S\u00edr\u00e1s\u00e1s 210 cm<\/td><td><\/td><td>37.846 Ft<\/td><\/tr><tr><td>Urnaelhelyez\u00e9s<\/td><td><\/td><td>5.004 Ft<\/td><\/tr><tr><td>Kopors\u00f3 s\u00edrba helyez\u00e9s<\/td><td><\/td><td>9.995 Ft<\/td><\/tr><tr><td>Temet\u00e9s felv\u00e9tel<\/td><td><\/td><td>9.462 Ft<\/td><\/tr><tr><td>\u00dcgyint\u00e9z\u00e9s<\/td><td><\/td><td>19.774 Ft<\/td><\/tr><tr><td>S\u00edrbolt, urnafal el\u0151k\u00e9sz\u00edt\u00e9s kopors\u00f3, urna elhelyez\u00e9s\u00e9hez<\/td><td><\/td><td>16.002 Ft<\/td><\/tr><tr><td>Ravataloz\u00e1s<\/td><td><\/td><td>31.496 Ft<\/td><\/tr><tr><td>Ravatali teremd\u00edj<\/td><td><\/td><td>27.711 Ft<\/td><\/tr><tr><td>Gy\u00e1szzene szolg\u00e1ltat\u00e1s<\/td><td><\/td><td>13.100 Ft<\/td><\/tr><tr><td>Halott kezel\u00e9s<\/td><td><\/td><td>15.272 Ft<\/td><\/tr><tr><td>Kopors\u00f3 felirat<\/td><td><\/td><td>4.166 Ft<\/td><\/tr><tr><td><strong>Temet\u00e9si helyek megv\u00e1lt\u00e1si d\u00edjai 2025. febru\u00e1r 1-t\u0151l<\/strong><\/td><\/tr><tr><td>Egyes s\u00edrhely 25 \u00e9v<\/td><td><\/td><td>22.911 Ft<\/td><\/tr><tr><td>Kett\u0151s s\u00edrhely 25 \u00e9v<\/td><td><\/td><td>38.176 Ft<\/td><\/tr><tr><td>Urnaf\u00fclke 25 \u00e9v<\/td><td><\/td><td>114.516 Ft<\/td><\/tr><tr><td>Urnas\u00edrhely 25 \u00e9v<\/td><td><\/td><td>52.070 Ft<\/td><\/tr><tr><td>K\u00e9tszem\u00e9lyes s\u00edrbolt 60 \u00e9v<\/td><td><\/td><td>158.521 Ft<\/td><\/tr><tr><td>N\u00e9gy-, hatszem\u00e9lyes s\u00edrbolt 60 \u00e9v<\/td><td><\/td><td>248.120 Ft<\/td><\/tr><tr><td><strong>Exhum\u00e1l\u00e1s d\u00edjai <strong>2025. febru\u00e1r 1-t\u0151l<\/strong><\/strong><\/td><\/tr><tr><td>Exhum\u00e1l\u00e1s d\u00edja, ha a s\u00edrban egy kopors\u00f3 tal\u00e1lhat\u00f3<\/td><td><\/td><td>22.911 Ft<\/td><\/tr><tr><td>Exhum\u00e1l\u00e1s d\u00edja, ha a s\u00edrban k\u00e9t kopors\u00f3 tal\u00e1lhat\u00f3<\/td><td><\/td><td>34.354 Ft<\/td><\/tr><tr><td>Exhum\u00e1l\u00e1s ut\u00e1ni \u00fajratemet\u00e9s d\u00edja<\/td><td><\/td><td>22.911 Ft<\/td><\/tr><tr><td>Visszahantol\u00e1s d\u00edja norm\u00e1l m\u00e9lys\u00e9g\u0171 s\u00edr eset\u00e9n<\/td><td><\/td><td>27.813 Ft<\/td><\/tr><tr><td>Visszahantol\u00e1s d\u00edja m\u00e9ly\u00edtett s\u00edr eset\u00e9n<\/td><td><\/td><td>37.846 Ft<\/td><\/tr><tr><td>Temet\u0151fenntart\u00e1si hozz\u00e1j\u00e1rul\u00e1s<\/td><td><\/td><td>5.004 Ft<\/td><\/tr><tr><td>A temet\u0151be val\u00f3 behajt\u00e1s d\u00edja<\/td><td><\/td><td>0 Ft<\/td><\/tr><\/tbody><\/table><\/figure>\n","protected":false},"excerpt":{"rendered":"<p>Szolg\u00e1ltat\u00e1sok d\u00edja 2025. febru\u00e1r 1-t\u0151l Helyi halottsz\u00e1ll\u00edt\u00e1s 15.272 Ft T\u00e1vols\u00e1gi halottsz\u00e1ll\u00edt\u00e1s 584 Ft \/ km Gy\u00e1szaut\u00f3 haszn\u00e1lat 15.272 Ft Elhunyt h\u0171t\u00e9se 2.756 Ft \/ nap S\u00edr\u00e1s\u00e1s 80 cm 8.255 Ft S\u00edr\u00e1s\u00e1s 170 cm 27.813 Ft S\u00edr\u00e1s\u00e1s 210 cm 37.846 Ft Urnaelhelyez\u00e9s 5.004 Ft Kopors\u00f3 s\u00edrba helyez\u00e9s 9.995 Ft Temet\u00e9s felv\u00e9tel 9.462 Ft \u00dcgyint\u00e9z\u00e9s 19.774 Ft<br \/><a class=\"moretag\" href=\"https:\/\/tiszacsege.hu\/temetkezes\/kellekek-szolgaltatasok\/\">+ Read More<\/a><\/p>\n","protected":false},"author":1,"featured_media":0,"parent":0,"menu_order":0,"comment_status":"closed","ping_status":"closed","template":"","meta":{"footnotes":""},"class_list":["post-106","page","type-page","status-publish","hentry"],"_links":{"self":[{"href":"https:\/\/tiszacsege.hu\/temetkezes\/wp-json\/wp\/v2\/pages\/106","targetHints":{"allow":["GET"]}}],"collection":[{"href":"https:\/\/tiszacsege.hu\/temetkezes\/wp-json\/wp\/v2\/pages"}],"about":[{"href":"https:\/\/tiszacsege.hu\/temetkezes\/wp-json\/wp\/v2\/types\/page"}],"author":[{"embeddable":true,"href":"https:\/\/tiszacsege.hu\/temetkezes\/wp-json\/wp\/v2\/users\/1"}],"replies":[{"embeddable":true,"href":"https:\/\/tiszacsege.hu\/temetkezes\/wp-json\/wp\/v2\/comments?post=106"}],"version-history":[{"count":23,"href":"https:\/\/tiszacsege.hu\/temetkezes\/wp-json\/wp\/v2\/pages\/106\/revisions"}],"predecessor-version":[{"id":179,"href":"https:\/\/tiszacsege.hu\/temetkezes\/wp-json\/wp\/v2\/pages\/106\/revisions\/179"}],"wp:attachment":[{"href":"https:\/\/tiszacsege.hu\/temetkezes\/wp-json\/wp\/v2\/media?parent=106"}],"curies":[{"name":"wp","href":"https:\/\/api.w.org\/{rel}","templated":true}]}}