{"id":80,"date":"2018-03-19T14:08:10","date_gmt":"2018-03-19T14:08:10","guid":{"rendered":"http:\/\/tiszacsege.hu\/temetkezes\/?page_id=80"},"modified":"2021-03-03T15:47:18","modified_gmt":"2021-03-03T15:47:18","slug":"temetkezesi-tajekoztato","status":"publish","type":"page","link":"https:\/\/tiszacsege.hu\/temetkezes\/temetkezesi-tajekoztato\/","title":{"rendered":"Temetkez\u00e9si t\u00e1j\u00e9koztat\u00f3"},"content":{"rendered":"<h3><strong>Otthon vagy k\u00f6zter\u00fcleten t\u00f6rt\u00e9nt \u00a0hal\u00e1leset<\/strong><\/h3>\n<p style=\"padding-left: 30px;\">Orvos \u00e9rtes\u00edt\u00e9se: Telefonon vagy szem\u00e9lyesen \u00e9rtes\u00edtse a h\u00e1ziorvost vagy az \u00fcgyeletes orvost! Az orvos meg\u00e1llap\u00edtja a hal\u00e1lesetet \u00e9s a sz\u00fcks\u00e9ges okm\u00e1nyok kit\u00f6lt\u00e9se ut\u00e1n, enged\u00e9lyezi az elhunyt elsz\u00e1ll\u00edt\u00e1s\u00e1t.<\/p>\n<p style=\"padding-left: 30px;\">Rendk\u00edv\u00fcli hal\u00e1l eset\u00e9n, k\u00f6zter\u00fcleten t\u00f6rt\u00e9n\u0151 hal\u00e1l eset\u00e9n (nem term\u00e9szetes hal\u00e1l bek\u00f6vetkez\u00e9sekor, \u00f6nkez\u0171s\u00e9gre vagy idegenkez\u0171s\u00e9gre utal\u00f3 jelek eset\u00e9n), valamint ha halott vizsg\u00e1latot v\u00e9gz\u0151 orvos kifejezetten k\u00e9ri, sz\u00fcks\u00e9ges lehet a rend\u0151rs\u00e9g \u00e9rtes\u00edt\u00e9se is. Egy\u00e9b esetben nem.<\/p>\n<p style=\"padding-left: 30px;\">A non-stop h\u00edvhat\u00f3 \u00fcgyelet\u00fcnk gondoskodik az elhunyt szakszer\u0171 \u00e9s tiszteletteljes elsz\u00e1ll\u00edt\u00e1s\u00e1r\u00f3l. Munkat\u00e1rsaink pedig seg\u00edts\u00e9get ny\u00fajtanak a tov\u00e1bbi tennival\u00f3k \u00e9s a temet\u00e9s megszervez\u00e9s\u00e9vel kapcsolatban.<\/p>\n<h3><strong>\u00a0K\u00f3rh\u00e1zban t\u00f6rt\u00e9nt hal\u00e1leset<\/strong><\/h3>\n<p style=\"padding-left: 30px;\">A k\u00f3rh\u00e1zi oszt\u00e1ly felkeres\u00e9se: Az oszt\u00e1lyt ahol az elhunytat \u00e1polt\u00e1k, kiadja az elhunyt szem\u00e9lyes t\u00e1rgyait. Ha szeretn\u00e9 a boncol\u00e1s mell\u0151z\u00e9s\u00e9t azt itt k\u00e9rheti.<\/p>\n<p style=\"padding-left: 30px;\">Az oszt\u00e1ly ut\u00e1n a k\u00f3rh\u00e1zi patol\u00f3gia felkeres\u00e9se: A hal\u00e1leset megt\u00f6rt\u00e9ntekor az otthon gondoskodik az elhunyt elsz\u00e1ll\u00edt\u00e1s\u00e1r\u00f3l.<\/p>\n<h3><strong>Id\u0151sek otthon\u00e1ban t\u00f6rt\u00e9nt hal\u00e1leset<\/strong><\/h3>\n<p style=\"padding-left: 30px;\">Ha hozz\u00e1tartoz\u00f3j\u00e1t id\u0151sek otthon\u00e1ban gondozz\u00e1k, m\u00e1r az otthonba t\u00f6rt\u00e9n\u0151 felv\u00e9telkor jelezze, hogy hal\u00e1la eset\u00e9n a Tiszacsege Temetkez\u00e9sn\u00e9l kell az elsz\u00e1ll\u00edt\u00e1st int\u00e9zni!<\/p>\n<p style=\"padding-left: 30px;\">Az otthonban megkapja a halottvizsg\u00e1lati bizony\u00edtv\u00e1nyt, k\u00e9rj\u00fck hozza mag\u00e1val a temet\u00e9s int\u00e9z\u00e9s\u00e9hez.<\/p>\n<p style=\"padding-left: 30px;\">A temet\u00e9s int\u00e9z\u00e9s\u00e9hez keresse fel Tiszacsege Temetkez\u00e9s irod\u00e1j\u00e1t, Tiszacsege Kommun\u00e1lis Szolg\u00e1ltat\u00f3 Szervezet Tiszacsege, F\u0151 u. 69-71.<\/p>\n<p>&nbsp;<\/p>\n<h3><strong>A temet\u00e9s szervez\u00e9s\u00e9nek menete &#8211; egyeztet\u00e9s irod\u00e1nkban<\/strong><\/h3>\n<p style=\"padding-left: 30px;\">Az irod\u00e1ban minden, a temet\u00e9ssel kapcsolatos \u00fcgyet el tudunk int\u00e9zni, s\u00edrhely meg- \u00e9s \u00fajrav\u00e1lt\u00e1sokat is. Ha szeretn\u00e9nk a lehet\u0151 leggyorsabban elint\u00e9zni a temet\u00e9st, akkor felt\u00e9tlen vigy\u00fck magunkkal a sz\u00fcks\u00e9ges okm\u00e1nyokat. A temet\u00e9st int\u00e9z\u0151 munkat\u00e1rsunk egy, a tapasztalatok alapj\u00e1n kialakult s\u00e9ma alapj\u00e1n fogja a temet\u00e9s r\u00e9szleteit egyeztetni.<\/p>\n<h3><strong>A temet\u00e9s m\u00f3dj\u00e1nak meghat\u00e1roz\u00e1sa:<\/strong><\/h3>\n<p style=\"padding-left: 30px;\">Ezek alapj\u00e1n lehet a temet\u00e9si id\u0151pontot pontosan megbesz\u00e9lni.<\/p>\n<p style=\"padding-left: 30px;\">Ha egyh\u00e1zi szertart\u00e1s szerint t\u00f6rt\u00e9nik a temet\u00e9s, akkor az egyh\u00e1zzal is leegyeztetj\u00fck a temet\u00e9si id\u0151pontot. Egy\u00fattal azt is megbesz\u00e9lj\u00fck, hogy mikorra kell \u00d6nnek a felekezethez a szertart\u00e1s r\u00e9szleteit egyeztetni.<\/p>\n<p style=\"padding-left: 30px;\">Elv\u00e9gezz\u00fck a sz\u00fcks\u00e9ges adatok felv\u00e9telez\u00e9st. K\u00e9sz\u00fclj\u00fcnk fel, hogy rengeteg szem\u00e9lyes adatot \u00e9s egy\u00e9b inform\u00e1ci\u00f3t k\u00e9r\u00fcnk!<\/p>\n<p style=\"padding-left: 30px;\">Polg\u00e1ri szertart\u00e1s eset\u00e9n a polg\u00e1ri sz\u00f3nokkal egyeztet\u00fcnk a temet\u00e9s id\u0151pontj\u00e1r\u00f3l. Ha szeretne szem\u00e9lyre sz\u00f3l\u00f3 zen\u00e9t k\u00e9rni, akkor azt is megteheti.<\/p>\n<p style=\"padding-left: 30px;\">A bemutat\u00f3teremben megt\u00f6rt\u00e9nik a kell\u00e9kek kiv\u00e1laszt\u00e1sa. Az \u00fcgyint\u00e9z\u0151nk ebben is seg\u00edt. Elmondja a szok\u00e1sokat, t\u00e1j\u00e9koztat a kell\u00e9k anyag\u00e1r\u00f3l. Esetleges el\u0151\u00edr\u00e1sokr\u00f3l, pl.: f\u00f6ldbe csak leboml\u00f3 anyagb\u00f3l k\u00e9sz\u00fclhet a kopors\u00f3 stb.<\/p>\n<p style=\"padding-left: 30px;\">A folyamat k\u00f6zben minden olyan inform\u00e1ci\u00f3 a birtokunkba ker\u00fclt, ami alapj\u00e1n meg tudjuk mondani a temet\u00e9s pontos v\u00e9g\u00f6sszeg\u00e9t. Fizetni nem kell azonnal, a temet\u00e9st megel\u0151z\u0151en ezt b\u00e1rmikor megtehetik.<\/p>\n<p><strong>\u00a0<\/strong><\/p>\n<h3><strong>Sz\u00fcks\u00e9ges dokumentumok \u00e9s nyilatkozatok:<\/strong><\/h3>\n<p style=\"padding-left: 30px;\">Az elhunyt anyak\u00f6nyveztet\u00e9s\u00e9t mindig a bek\u00f6vetkezett hal\u00e1leset helys\u00e9g\u00e9nek ter\u00fcletileg illet\u00e9kes \u00f6nkorm\u00e1nyzati szerv\u00e9n\u00e9l v\u00e9gzik.<\/p>\n<p style=\"padding-left: 30px;\">Alapvet\u0151 okm\u00e1nyok:<\/p>\n<p style=\"padding-left: 30px;\">\u00a0\u00a0\u00a0 Elhalt szem\u00e9lyi igazolv\u00e1nya, lakc\u00edmk\u00e1rtya.<\/p>\n<p style=\"padding-left: 30px;\">\u00a0\u00a0 \u00a0Sz\u00fclet\u00e9si anyak\u00f6nyvi kivonat.<\/p>\n<p style=\"padding-left: 30px;\">\u00a0\u00a0\u00a0 Halott vizsg\u00e1lati bizony\u00edtv\u00e1ny. (Az orvos \u00e1ll\u00edtja ki.)<\/p>\n<p style=\"padding-left: 30px;\">\u00a0\u00a0\u00a0 H\u00e1zas elhunyt eset\u00e9ben: H\u00e1zass\u00e1gi anyak\u00f6nyvi kivonat.<\/p>\n<p style=\"padding-left: 30px;\">\u00a0\u00a0\u00a0 \u00d6zvegy elhunyt eset\u00e9ben: H\u00e1zast\u00e1rs halotti anyak\u00f6nyvi kivonata. Az orvos vagy a hat\u00f3s\u00e1g \u00e1ll\u00edtja ki.<\/p>\n<p>&nbsp;<\/p>\n<h3><strong>Hamvaszt\u00e1shoz sz\u00fcks\u00e9ges nyomtatv\u00e1nyok\u00a0 <\/strong><\/h3>\n<p style=\"padding-left: 30px;\">Hamvaszthat\u00f3s\u00e1ggal z\u00e1rad\u00e9kolt Halottvizsg\u00e1lati Bizony\u00edtv\u00e1ny<\/p>\n<p style=\"padding-left: 30px;\">Irod\u00e1nkban megtehet\u0151 nyilatkozatok:<\/p>\n<p style=\"padding-left: 30px;\">Hamvaszt\u00e1si nyilatkozat<\/p>\n<p style=\"padding-left: 30px;\">Nemesf\u00e9m nyilatkozat<\/p>\n<p style=\"padding-left: 30px;\">Urna tov\u00e1bb\u00edt\u00e1s\u00e1nak hely\u00e9re vonatkoz\u00f3 nyilatkozat.<\/p>\n<p>&nbsp;<\/p>\n<h3><strong>N\u00e1lunk minden sz\u00fcks\u00e9ges kell\u00e9k rendelkez\u00e9sre \u00e1ll<\/strong><\/h3>\n<p style=\"padding-left: 30px;\">Ak\u00e1r kopors\u00f3s, ak\u00e1r hamvaszt\u00e1sos temet\u00e9st szeretne, kiemelked\u0151 v\u00e1laszt\u00e9kot biztos\u00edtunk az \u00f6sszes kegyeleti kell\u00e9kb\u0151l. A diszkr\u00e9t, min\u0151s\u00e9gi de alacsony \u00e1r\u00fa kell\u00e9kekt\u0151l eg\u00e9szen az egyedi vagy luxus term\u00e9kekig \u00e1llunk rendelkez\u00e9s\u00e9re<\/p>\n<p style=\"padding-left: 30px;\">Az \u00d6n sz\u00e1m\u00e1ra teljes k\u00f6r\u0171 szolg\u00e1ltat\u00e1st ny\u00fajtunk<\/p>\n","protected":false},"excerpt":{"rendered":"<p>Otthon vagy k\u00f6zter\u00fcleten t\u00f6rt\u00e9nt \u00a0hal\u00e1leset Orvos \u00e9rtes\u00edt\u00e9se: Telefonon vagy szem\u00e9lyesen \u00e9rtes\u00edtse a h\u00e1ziorvost vagy az \u00fcgyeletes orvost! Az orvos meg\u00e1llap\u00edtja a hal\u00e1lesetet \u00e9s a sz\u00fcks\u00e9ges okm\u00e1nyok kit\u00f6lt\u00e9se ut\u00e1n, enged\u00e9lyezi az elhunyt elsz\u00e1ll\u00edt\u00e1s\u00e1t. Rendk\u00edv\u00fcli hal\u00e1l eset\u00e9n, k\u00f6zter\u00fcleten t\u00f6rt\u00e9n\u0151 hal\u00e1l eset\u00e9n (nem term\u00e9szetes hal\u00e1l bek\u00f6vetkez\u00e9sekor, \u00f6nkez\u0171s\u00e9gre vagy idegenkez\u0171s\u00e9gre utal\u00f3 jelek eset\u00e9n), valamint ha halott vizsg\u00e1latot v\u00e9gz\u0151 orvos<br \/><a class=\"moretag\" href=\"https:\/\/tiszacsege.hu\/temetkezes\/temetkezesi-tajekoztato\/\">+ Read More<\/a><\/p>\n","protected":false},"author":1,"featured_media":0,"parent":0,"menu_order":0,"comment_status":"closed","ping_status":"closed","template":"","meta":{"footnotes":""},"class_list":["post-80","page","type-page","status-publish","hentry"],"_links":{"self":[{"href":"https:\/\/tiszacsege.hu\/temetkezes\/wp-json\/wp\/v2\/pages\/80","targetHints":{"allow":["GET"]}}],"collection":[{"href":"https:\/\/tiszacsege.hu\/temetkezes\/wp-json\/wp\/v2\/pages"}],"about":[{"href":"https:\/\/tiszacsege.hu\/temetkezes\/wp-json\/wp\/v2\/types\/page"}],"author":[{"embeddable":true,"href":"https:\/\/tiszacsege.hu\/temetkezes\/wp-json\/wp\/v2\/users\/1"}],"replies":[{"embeddable":true,"href":"https:\/\/tiszacsege.hu\/temetkezes\/wp-json\/wp\/v2\/comments?post=80"}],"version-history":[{"count":5,"href":"https:\/\/tiszacsege.hu\/temetkezes\/wp-json\/wp\/v2\/pages\/80\/revisions"}],"predecessor-version":[{"id":157,"href":"https:\/\/tiszacsege.hu\/temetkezes\/wp-json\/wp\/v2\/pages\/80\/revisions\/157"}],"wp:attachment":[{"href":"https:\/\/tiszacsege.hu\/temetkezes\/wp-json\/wp\/v2\/media?parent=80"}],"curies":[{"name":"wp","href":"https:\/\/api.w.org\/{rel}","templated":true}]}}